{"id":77493,"date":"2025-01-26T03:34:24","date_gmt":"2025-01-26T03:34:24","guid":{"rendered":"https:\/\/nexgendecors.com\/product\/painted-psychological-counseling-room-tables-and-chairs-reading-group-auxiliary-room-group-activity-table-training-class-color-splicing-table-and-chair-combination\/"},"modified":"2025-03-09T17:49:45","modified_gmt":"2025-03-09T17:49:45","slug":"mesas-y-sillas-pintadas-para-sala-de-asesoramiento-psicologico-grupo-de-lectura-sala-auxiliar-mesa-de-actividades-grupales-clase-de-capacitacion-combinacion-de-mesa-y-silla-con-empalme-de-colores","status":"publish","type":"product","link":"https:\/\/nexgendecors.com\/es\/product\/mesas-y-sillas-pintadas-para-sala-de-asesoramiento-psicologico-grupo-de-lectura-sala-auxiliar-mesa-de-actividades-grupales-clase-de-capacitacion-combinacion-de-mesa-y-silla-con-empalme-de-colores\/","title":{"rendered":"Mesas y sillas coloridas para actividades grupales de asesoramiento"},"content":{"rendered":"<ul>\n<li>\n<strong>marca<\/strong>:Avitis<\/li>\n<li>\n<strong>modelo<\/strong>:Servicio de consulta psicol\u00f3gica<\/li>\n<li>\n<strong>ordenar por color<\/strong>:P\u00e9talos de 1,6 metros de di\u00e1metro con 6 vigas laterales + 6 taburetes, 1,6 metros de di\u00e1metro con 6 vigas laterales + 6 taburetes, 1,2 metros de di\u00e1metro con 6 vigas laterales + 6 taburetes, 1,6 metros de di\u00e1metro con 6 vigas laterales + 6 sillas, luna de 2 metros de di\u00e1metro con vigas + 12 taburetes, 1,4 metros de di\u00e1metro con 6 vigas laterales + 6 taburetes, 1,8 metros de di\u00e1metro con 8 vigas laterales + 8 sillas, 2 metros de di\u00e1metro con 8 vigas laterales + 8 sillas, 1,6 metros de di\u00e1metro con 6 vigas laterales + 6 sillas de madera curvada, 1,6 metros de di\u00e1metro con 6 vigas laterales + 6 pilares m\u00f3viles, pintado de 1,6 metros de di\u00e1metro con 6 vigas laterales + 6 sillas, pintado de 1,8 metros de di\u00e1metro con 8 vigas laterales + 8 sillas, 1,8 metros de di\u00e1metro con vigas + 8 taburetes, 2 metros de di\u00e1metro con vigas + 8 taburetes, 2,8*1,3 metros + 6 taburetes, 1,5 metros de di\u00e1metro + 6 sillas, 1,45 metros de di\u00e1metro + 6 sillas, 1,6 metros de di\u00e1metro + 6 sillas, combinaci\u00f3n de 1,6 metros de di\u00e1metro 6 mesa trapezoidal + 6 taburetes, combinaci\u00f3n de 2 metros de di\u00e1metro 6 mesa trapezoidal + 6 taburetes, combinaci\u00f3n de 2,4 metros de di\u00e1metro 6 mesa trapezoidal + 6 taburetes, 2 metros * 0,68 metros 6 mesa trapezoidal + 6 taburetes, 2,5 metros * 0,86 metros 6 mesa trapezoidal + 6 taburetes, 3 metros * 1,04 metros 6 mesa trapezoidal + 6 taburetes, 1,6 metros de di\u00e1metro 6 mesa triangular + 6 sillas de acero, 1,4 metros de di\u00e1metro 6 mesa triangular + 6 sillas de acero, 1,2 metros de di\u00e1metro 6 mesa triangular + 6 sillas de acero, 1,6 metros de di\u00e1metro 6 mesas triangulares + 6 taburetes, 1,4 metros de di\u00e1metro 6 mesas triangulares + 6 taburetes, 1,2 metros de di\u00e1metro 6 mesas triangulares + 6 taburetes, doble capa 1,6 metros de di\u00e1metro 6 mesas trapezoidales + 6 taburetes, doble capa 2 metros de di\u00e1metro 6 mesas trapezoidales + 6 taburetes, doble capa 2,4 metros de di\u00e1metro 6 mesas trapezoidales + 6 taburetes, patas de tubo el\u00edptico 1,6 metros de di\u00e1metro 6 mesas trapezoidales + 6 taburetes, patas de tubo el\u00edptico 2 metros de di\u00e1metro 6 mesas trapezoidales + 6 taburetes, patas de tubo el\u00edptico 2,4 metros de di\u00e1metro 6 mesas trapezoidales + 6 taburetes, 3,2 metros * 0,8 metros 6 mesas + 12 sillas, 3,4 metros * 1 metro 6 mesas + 12 sillas, 3,6 metros * 1,2 metros 6 mesas + 12 sillas, 3,2 metros * 0,8 metros 6 mesas + 12 taburetes, 3,4 metros * 1 metro 6 mesas + 12 taburetes, 3,6 metros * 1,2 metros 6 mesas + 12 taburetes, mesa blanca con borde azul 1,45 m de di\u00e1metro 6 mesas + 6 sillas de acero, azul y blanco 1,45 m de di\u00e1metro 6 mesas + 6 sillas de acero, azul y blanco 1,45 m de di\u00e1metro 6 mesas + 6 taburetes, estilo caj\u00f3n amarillo y blanco 1,45 m de di\u00e1metro 6 mesas + 6 sillas de acero, 1,8 m de di\u00e1metro Trapecio de 8 lados + 8 sillas de acero, 1,8 m de di\u00e1metro Trapecio de 8 lados + 8 taburetes, 1,6 m de di\u00e1metro + 6 taburetes, 1,8 m de di\u00e1metro 8 en forma de abanico + 8 sillas de madera maciza de madera curvada, 1,8 m de di\u00e1metro Mesa triangular de 8 lados + 8 taburetes, 1,6 m de di\u00e1metro 6 mesas trapecio sin taburetes, 1,8 m de di\u00e1metro 8 mesas en forma de abanico sin taburetes, Mesa de abanico de 1,6 m de di\u00e1metro con 6 mesas sin taburetes, mesa de abanico individual, mesa de abanico de 2,4 m de di\u00e1metro con 6 mesas + 12 taburetes<\/li>\n<li>\n<strong><\/strong>:<\/li>\n<\/ul>\n<p><img><\/p>","protected":false},"excerpt":{"rendered":"<p>brand:Avitis model:Psychological consultation desk sort by color:Petals 1.6 meters in diameter with 6 side beams + 6 stools, 1.6 meters<\/p>","protected":false},"featured_media":136164,"comment_status":"open","ping_status":"closed","template":"","meta":[],"product_brand":[],"product_cat":[30971,30849,30866],"product_tag":[],"class_list":{"0":"post-77493","1":"product","2":"type-product","3":"status-publish","4":"has-post-thumbnail","6":"product_cat-hp","7":"product_cat-kindergarten-school-furniture","8":"product_cat-wholesales-university-high-schools","10":"first","11":"instock","12":"taxable","13":"shipping-taxable","14":"purchasable","15":"product-type-variable"},"_links":{"self":[{"href":"https:\/\/nexgendecors.com\/es\/wp-json\/wp\/v2\/product\/77493","targetHints":{"allow":["GET"]}}],"collection":[{"href":"https:\/\/nexgendecors.com\/es\/wp-json\/wp\/v2\/product"}],"about":[{"href":"https:\/\/nexgendecors.com\/es\/wp-json\/wp\/v2\/types\/product"}],"replies":[{"embeddable":true,"href":"https:\/\/nexgendecors.com\/es\/wp-json\/wp\/v2\/comments?post=77493"}],"version-history":[{"count":0,"href":"https:\/\/nexgendecors.com\/es\/wp-json\/wp\/v2\/product\/77493\/revisions"}],"wp:featuredmedia":[{"embeddable":true,"href":"https:\/\/nexgendecors.com\/es\/wp-json\/wp\/v2\/media\/136164"}],"wp:attachment":[{"href":"https:\/\/nexgendecors.com\/es\/wp-json\/wp\/v2\/media?parent=77493"}],"wp:term":[{"taxonomy":"product_brand","embeddable":true,"href":"https:\/\/nexgendecors.com\/es\/wp-json\/wp\/v2\/product_brand?post=77493"},{"taxonomy":"product_cat","embeddable":true,"href":"https:\/\/nexgendecors.com\/es\/wp-json\/wp\/v2\/product_cat?post=77493"},{"taxonomy":"product_tag","embeddable":true,"href":"https:\/\/nexgendecors.com\/es\/wp-json\/wp\/v2\/product_tag?post=77493"}],"curies":[{"name":"wp","href":"https:\/\/api.w.org\/{rel}","templated":true}]}}