{"id":77746,"date":"2025-01-26T03:34:48","date_gmt":"2025-01-26T03:34:48","guid":{"rendered":"https:\/\/nexgendecors.com\/product\/pasha-lighting-all-copper-light-luxury-living-room-chandelier-modern-simple-atmospheric-crystal-bedroom-restaurant-2024-new-lamps\/"},"modified":"2025-04-06T09:31:21","modified_gmt":"2025-04-06T09:31:21","slug":"lampara-de-arana-de-lujo-pasha-lighting-de-cobre-para-sala-de-estar-moderna-sencilla-de-cristal-para-dormitorio-restaurante-2024-nuevas-lamparas","status":"publish","type":"product","link":"https:\/\/nexgendecors.com\/es\/product\/lampara-de-arana-de-lujo-pasha-lighting-de-cobre-para-sala-de-estar-moderna-sencilla-de-cristal-para-dormitorio-restaurante-2024-nuevas-lamparas\/","title":{"rendered":"L\u00e1mpara de ara\u00f1a moderna de cristal de cobre de Pasha Lighting"},"content":{"rendered":"<ul>\n<li>\n<strong>marca<\/strong>:Baj\u00e1<\/li>\n<li>\n<strong>modelo<\/strong>:PSM6002-9<\/li>\n<li>\n<strong>estilo<\/strong>:Posmoderno<\/li>\n<li>\n<strong>Tipo de control<\/strong>:Otros controles no inteligentes<\/li>\n<li>\n<strong>Tipo de l\u00e1mpara de ara\u00f1a<\/strong>:L\u00e1mpara de ara\u00f1a de cobre\/cobre<\/li>\n<li>\n<strong>Material principal del cuerpo de la l\u00e1mpara.<\/strong>:cobre<\/li>\n<li>\n<strong>Material principal de la pantalla de la l\u00e1mpara<\/strong>:cristal<\/li>\n<li>\n<strong>Voltaje<\/strong>:220 V<\/li>\n<li>\n<strong>Tipo inteligente<\/strong>:No hay soporte para smart<\/li>\n<li>\n<strong>Forma de la l\u00e1mpara<\/strong>:Ara\u00f1a<\/li>\n<li>\n<strong>Ya sea control inteligente<\/strong>:No<\/li>\n<li>\n<strong>N\u00famero de cabezales de l\u00e1mpara<\/strong>:1<\/li>\n<li>\n<strong>Material auxiliar del cuerpo de la l\u00e1mpara<\/strong>:cobre<\/li>\n<li>\n<strong>Servicio en la ciudad<\/strong>:Log\u00edstica intraurbana de entrega puerta a puerta<\/li>\n<li>\n<strong>Per\u00edodo de garant\u00eda<\/strong>:3 a\u00f1os<\/li>\n<li>\n<strong>\u00c1rea de irradiaci\u00f3n<\/strong>:15\u33a1-30\u33a1<\/li>\n<li>\n<strong>Valor K de la temperatura de color de la fuente de luz<\/strong>:Tres temperaturas de color (3000K-4500K-6000K)<\/li>\n<li>\n<strong>Temperatura de color<\/strong>:Luz tricolor<\/li>\n<li>\n<strong>\u00bfLa l\u00e1mpara tiene una fuente de luz?<\/strong>:S\u00ed<\/li>\n<li>\n<strong>tipo de fuente de luz<\/strong>:Luces LED<\/li>\n<li>\n<strong>N\u00famero de fuentes de luz<\/strong>:10<\/li>\n<li>\n<strong>ordenar por color<\/strong>:6 cabezas \u2013 color cobre [con luz tricolor de protecci\u00f3n ocular de espectro completo] 9 cabezas \u2013 color cobre [con luz tricolor de protecci\u00f3n ocular de espectro completo] 12 cabezas \u2013 color cobre [con luz tricolor de protecci\u00f3n ocular de espectro completo] 15 cabezas \u2013 color cobre [con luz tricolor de protecci\u00f3n ocular de espectro completo] 18 cabezas \u2013 color cobre [con luz tricolor de protecci\u00f3n ocular de espectro completo] 6 cabezas \u2013 oro frotado negro [con luz tricolor de protecci\u00f3n ocular de espectro completo] 9 cabezas \u2013 oro frotado negro [con luz tricolor de protecci\u00f3n ocular de espectro completo] 12 cabezas \u2013 oro frotado negro [con luz tricolor de protecci\u00f3n ocular de espectro completo] 15 cabezas \u2013 oro frotado negro [con luz tricolor de protecci\u00f3n ocular de espectro completo] 18 cabezas \u2013 oro frotado negro [con luz tricolor de protecci\u00f3n ocular de espectro completo] Paquete 1 [Sala de estar + comedor] Luz tricolor de protecci\u00f3n ocular de espectro completo Paquete 2 [Sala de estar + comedor] Luz tricolor de protecci\u00f3n ocular de espectro completo Paquete 3 [Sala de estar + comedor] Luz tricolor de protecci\u00f3n ocular de espectro completo Paquete de luz 4 [Sala + comedor] Paquete de luz tricolor con protecci\u00f3n ocular de espectro completo 5 [Sala + comedor] Paquete de luz tricolor con protecci\u00f3n ocular de espectro completo 6 [Sala + comedor] Paquete de luz tricolor con protecci\u00f3n ocular de espectro completo 7 [3 habitaciones y 2 pasillos] Paquete de luz tricolor con protecci\u00f3n ocular de espectro completo 8 [3 habitaciones y 2 pasillos] Paquete de luz tricolor con protecci\u00f3n ocular de espectro completo 9 [Sala + comedor] Paquete de luz tricolor con protecci\u00f3n ocular de espectro completo 10 [3 habitaciones y 2 pasillos] Paquete de luz tricolor con protecci\u00f3n ocular de espectro completo 11 [3 habitaciones y 2 pasillos] Paquete de luz tricolor con protecci\u00f3n ocular de espectro completo 13 [Sala + comedor] Paquete de luz tricolor con protecci\u00f3n ocular de espectro completo 14 [3 habitaciones y 2 pasillos] Paquete de luz tricolor con protecci\u00f3n ocular de espectro completo<\/li>\n<li>\n<strong>N\u00famero de certificado 3C<\/strong>:2023011001565387<\/li>\n<li>\n<strong><\/strong>:<\/li>\n<\/ul>","protected":false},"excerpt":{"rendered":"<p>brand:Pasha model:PSM6002-9 style:Postmodern Control Type:Other non-intelligent controls Chandelier Type:Copper\/Copper Chandelier Main material of lamp body:copper Lampshade main material:crystal Voltage:220V Smart<\/p>","protected":false},"featured_media":136417,"comment_status":"open","ping_status":"closed","template":"","meta":[],"product_brand":[],"product_cat":[30971,30864],"product_tag":[],"class_list":{"0":"post-77746","1":"product","2":"type-product","3":"status-publish","4":"has-post-thumbnail","6":"product_cat-hp","7":"product_cat-new-wholesales-lights","9":"first","10":"instock","11":"taxable","12":"shipping-taxable","13":"purchasable","14":"product-type-variable"},"_links":{"self":[{"href":"https:\/\/nexgendecors.com\/es\/wp-json\/wp\/v2\/product\/77746","targetHints":{"allow":["GET"]}}],"collection":[{"href":"https:\/\/nexgendecors.com\/es\/wp-json\/wp\/v2\/product"}],"about":[{"href":"https:\/\/nexgendecors.com\/es\/wp-json\/wp\/v2\/types\/product"}],"replies":[{"embeddable":true,"href":"https:\/\/nexgendecors.com\/es\/wp-json\/wp\/v2\/comments?post=77746"}],"version-history":[{"count":0,"href":"https:\/\/nexgendecors.com\/es\/wp-json\/wp\/v2\/product\/77746\/revisions"}],"wp:featuredmedia":[{"embeddable":true,"href":"https:\/\/nexgendecors.com\/es\/wp-json\/wp\/v2\/media\/136417"}],"wp:attachment":[{"href":"https:\/\/nexgendecors.com\/es\/wp-json\/wp\/v2\/media?parent=77746"}],"wp:term":[{"taxonomy":"product_brand","embeddable":true,"href":"https:\/\/nexgendecors.com\/es\/wp-json\/wp\/v2\/product_brand?post=77746"},{"taxonomy":"product_cat","embeddable":true,"href":"https:\/\/nexgendecors.com\/es\/wp-json\/wp\/v2\/product_cat?post=77746"},{"taxonomy":"product_tag","embeddable":true,"href":"https:\/\/nexgendecors.com\/es\/wp-json\/wp\/v2\/product_tag?post=77746"}],"curies":[{"name":"wp","href":"https:\/\/api.w.org\/{rel}","templated":true}]}}