{"id":77827,"date":"2025-01-26T03:35:07","date_gmt":"2025-01-26T03:35:07","guid":{"rendered":"https:\/\/nexgendecors.com\/product\/pea-curved-sofa-shape-leisure-chair-designer-creative-custom-hotel-lobby-curve-special-shaped-art-recliner\/"},"modified":"2025-04-06T09:31:41","modified_gmt":"2025-04-06T09:31:41","slug":"pea-curved-sofa-shape-leisure-chair-designer-creative-custom-hotel-lobby-curve-special-shaped-art-recliner","status":"publish","type":"product","link":"https:\/\/nexgendecors.com\/es\/product\/pea-curved-sofa-shape-leisure-chair-designer-creative-custom-hotel-lobby-curve-special-shaped-art-recliner\/","title":{"rendered":"Sill\u00f3n curvo Pea: sill\u00f3n reclinable art\u00edstico personalizado para hoteles"},"content":{"rendered":"<ul>\n<li>\n<strong>marca<\/strong>:OLIELAN<\/li>\n<li>\n<strong>modelo<\/strong>:4575548<\/li>\n<li>\n<strong>Material<\/strong>:Fibra de vidrio<\/li>\n<li>\n<strong>Posicionamiento de estilo<\/strong>:Estilo art\u00edstico<\/li>\n<li>\n<strong>ordenar por color<\/strong>:Beige,Red,Blue,Light Green,Fluorescent Green,Black,Orange,Navy,Rose Red,Light Green 215*89*69 Sitting Height 42,Blue 215*89*69 Sitting Height 44,Rose Red 215*89*69 Sitting Height 42,Black 215*89*69 Sitting Height 44,Rose Red 193*87*62 Sitting Height 44,Blue Rose Red 193*87*62 Sitting Height 44,Black 193*87*62 Sitting Height 44,Beige 193*87*62 Sitting Height 44,Rose Red 176*80*65 Sitting Height 44,Blue 176*80*65 Sitting Height 44,Light Green 176*80*65 Sitting Height 44,Black 176*80*65 Sitting Height 44,White 176*80*65 Sitting Height 44<\/li>\n<li>\n<strong><\/strong>:<\/li>\n<\/ul>\n<p><img><\/p>","protected":false},"excerpt":{"rendered":"<p>Marca: OLIELAN Modelo: 4575548 Material: Fibra de vidrio Posicionamiento de estilo: Estilo art\u00edstico Ordenar por color: Beige, Rojo, Azul, Verde claro, Verde fluorescente, Negro, Naranja, Azul marino, Rojo rosa, Verde claro 215 * 89 * 69 Altura del asiento 42, Azul 215 * 89 * 69 Altura del asiento<\/p>","protected":false},"featured_media":136501,"comment_status":"open","ping_status":"closed","template":"","meta":[],"product_brand":[],"product_cat":[30862,30971,30856,30850],"product_tag":[],"class_list":{"0":"post-77827","1":"product","2":"type-product","3":"status-publish","4":"has-post-thumbnail","6":"product_cat-wholesales-hotels","7":"product_cat-hp","8":"product_cat-outdoor-furniture","9":"product_cat-wholesale-furniture","11":"first","12":"instock","13":"taxable","14":"shipping-taxable","15":"purchasable","16":"product-type-variable"},"_links":{"self":[{"href":"https:\/\/nexgendecors.com\/es\/wp-json\/wp\/v2\/product\/77827","targetHints":{"allow":["GET"]}}],"collection":[{"href":"https:\/\/nexgendecors.com\/es\/wp-json\/wp\/v2\/product"}],"about":[{"href":"https:\/\/nexgendecors.com\/es\/wp-json\/wp\/v2\/types\/product"}],"replies":[{"embeddable":true,"href":"https:\/\/nexgendecors.com\/es\/wp-json\/wp\/v2\/comments?post=77827"}],"version-history":[{"count":0,"href":"https:\/\/nexgendecors.com\/es\/wp-json\/wp\/v2\/product\/77827\/revisions"}],"wp:featuredmedia":[{"embeddable":true,"href":"https:\/\/nexgendecors.com\/es\/wp-json\/wp\/v2\/media\/136501"}],"wp:attachment":[{"href":"https:\/\/nexgendecors.com\/es\/wp-json\/wp\/v2\/media?parent=77827"}],"wp:term":[{"taxonomy":"product_brand","embeddable":true,"href":"https:\/\/nexgendecors.com\/es\/wp-json\/wp\/v2\/product_brand?post=77827"},{"taxonomy":"product_cat","embeddable":true,"href":"https:\/\/nexgendecors.com\/es\/wp-json\/wp\/v2\/product_cat?post=77827"},{"taxonomy":"product_tag","embeddable":true,"href":"https:\/\/nexgendecors.com\/es\/wp-json\/wp\/v2\/product_tag?post=77827"}],"curies":[{"name":"wp","href":"https:\/\/api.w.org\/{rel}","templated":true}]}}