{"id":78106,"date":"2025-01-26T03:36:02","date_gmt":"2025-01-26T03:36:02","guid":{"rendered":"https:\/\/nexgendecors.com\/product\/amazon-basics-portable-folding-camping-chair-with-4-can-cooler-side-pocket-and-cup-holder-with-carrying-bag1706339193957\/"},"modified":"2025-04-06T09:32:09","modified_gmt":"2025-04-06T09:32:09","slug":"silla-de-camping-plegable-portatil-amazon-basics-con-nevera-para-4-latas-bolsillo-lateral-portavasos-y-bolsa-de-transporte-1706339193957","status":"publish","type":"product","link":"https:\/\/nexgendecors.com\/es\/product\/silla-de-camping-plegable-portatil-amazon-basics-con-nevera-para-4-latas-bolsillo-lateral-portavasos-y-bolsa-de-transporte-1706339193957\/","title":{"rendered":"Silla de camping plegable port\u00e1til con nevera y portavasos"},"content":{"rendered":"<p><strong>\u00a1Disfrute de refrigerios y comodidad mientras viaja con nuestra silla plegable port\u00e1til!<\/strong><\/p>\n<p>\u00bfBuscas una silla que te ofrezca comodidad y practicidad? \u00a1Nuestra silla plegable port\u00e1til es la soluci\u00f3n! Por eso es perfecta para tus aventuras al aire libre:<\/p>\n<p>\ud83e\udd64 <strong>Bolsa t\u00e9rmica para bebidas:<\/strong> Mantenga hasta cuatro latas de 12 onzas refrigeradas en la bolsa enfriadora de bebidas incorporada que cuelga del apoyabrazos.<\/p>\n<p>\ud83c\udf79 <strong>Portavasos incorporado:<\/strong> Nunca m\u00e1s te preocupes por d\u00f3nde colocar tu bebida abierta gracias al pr\u00e1ctico portavasos incorporado.<\/p>\n<p>\ud83c\udf92 <strong>Bolsillo de almacenamiento lateral:<\/strong> Guarde art\u00edculos personales como protector solar o binoculares en el bolsillo de almacenamiento lateral para acceder f\u00e1cilmente durante sus actividades al aire libre.<\/p>\n<p>\ud83d\udcaa <strong>Fuerza confiable:<\/strong> A pesar de su tama\u00f1o compacto, esta silla est\u00e1 construida con una estructura de acero resistente para una resistencia y durabilidad confiables.<\/p>\n<p>\ud83d\ude97 <strong>Compacto y port\u00e1til:<\/strong> El dise\u00f1o peque\u00f1o y plegable permite que la silla quepa en la mayor\u00eda de los ba\u00fales de los autom\u00f3viles, lo que hace que sea f\u00e1cil de transportar a dondequiera que lo lleven sus aventuras.<\/p>\n<p>\ud83d\udccf <strong>Dimensiones del producto:<\/strong> 34\u2033 de profundidad x 20\u2033 de ancho x 36\u2033 de alto<br \/>\ud83d\udee0\ufe0f <strong>Material:<\/strong> Nailon, acero aleado, malla<br \/>\ud83c\udfa8 <strong>Patr\u00f3n:<\/strong> S\u00f3lido<\/p>\n<p>No escatimes en comodidad durante tus salidas al aire libre. \u00a1Invierte hoy mismo en nuestra silla plegable port\u00e1til y disfruta de una comodidad sin igual!<\/p>","protected":false},"excerpt":{"rendered":"<p>\u00a1Disfruta de refrigerios y comodidad en cualquier lugar con nuestra silla plegable port\u00e1til! \u00bfBuscas una silla que te ofrezca comodidad y practicidad?<\/p>","protected":false},"featured_media":136877,"comment_status":"open","ping_status":"closed","template":"","meta":[],"product_brand":[],"product_cat":[30818,30971],"product_tag":[],"class_list":{"0":"post-78106","1":"product","2":"type-product","3":"status-publish","4":"has-post-thumbnail","6":"product_cat-camping-furniture","7":"product_cat-hp","9":"first","10":"instock","11":"sale","12":"taxable","13":"shipping-taxable","14":"purchasable","15":"product-type-variable"},"_links":{"self":[{"href":"https:\/\/nexgendecors.com\/es\/wp-json\/wp\/v2\/product\/78106","targetHints":{"allow":["GET"]}}],"collection":[{"href":"https:\/\/nexgendecors.com\/es\/wp-json\/wp\/v2\/product"}],"about":[{"href":"https:\/\/nexgendecors.com\/es\/wp-json\/wp\/v2\/types\/product"}],"replies":[{"embeddable":true,"href":"https:\/\/nexgendecors.com\/es\/wp-json\/wp\/v2\/comments?post=78106"}],"version-history":[{"count":0,"href":"https:\/\/nexgendecors.com\/es\/wp-json\/wp\/v2\/product\/78106\/revisions"}],"wp:featuredmedia":[{"embeddable":true,"href":"https:\/\/nexgendecors.com\/es\/wp-json\/wp\/v2\/media\/136877"}],"wp:attachment":[{"href":"https:\/\/nexgendecors.com\/es\/wp-json\/wp\/v2\/media?parent=78106"}],"wp:term":[{"taxonomy":"product_brand","embeddable":true,"href":"https:\/\/nexgendecors.com\/es\/wp-json\/wp\/v2\/product_brand?post=78106"},{"taxonomy":"product_cat","embeddable":true,"href":"https:\/\/nexgendecors.com\/es\/wp-json\/wp\/v2\/product_cat?post=78106"},{"taxonomy":"product_tag","embeddable":true,"href":"https:\/\/nexgendecors.com\/es\/wp-json\/wp\/v2\/product_tag?post=78106"}],"curies":[{"name":"wp","href":"https:\/\/api.w.org\/{rel}","templated":true}]}}