{"id":78115,"date":"2025-01-26T03:36:04","date_gmt":"2025-01-26T03:36:04","guid":{"rendered":"https:\/\/nexgendecors.com\/product\/portable-lightweight-beach-chair-ultimate-comfort-for-outdoor-adventures1706363432334\/"},"modified":"2025-04-06T09:32:15","modified_gmt":"2025-04-06T09:32:15","slug":"silla-de-playa-portatil-y-ligera-maxima-comodidad-para-aventuras-al-aire-libre-1706363432334","status":"publish","type":"product","link":"https:\/\/nexgendecors.com\/es\/product\/silla-de-playa-portatil-y-ligera-maxima-comodidad-para-aventuras-al-aire-libre-1706363432334\/","title":{"rendered":"Silla de playa port\u00e1til de m\u00e1xima comodidad para divertirse al aire libre"},"content":{"rendered":"<p><strong>Descripci\u00f3n del Producto:<\/strong><\/p>\n<p>Mant\u00e9nte c\u00f3modo y relajado todo el d\u00eda con nuestra silla de playa ligera y port\u00e1til, perfecta para todas tus aventuras al aire libre. Ya sea que vayas a la playa, a acampar o a disfrutar del aire libre, \u00a1esta silla te cubrir\u00e1 las espaldas! Con su comodidad y dise\u00f1o ligero, nunca querr\u00e1s salir de casa sin ella. \u00a1As\u00ed que si\u00e9ntate, rel\u00e1jate y disfruta de la buena onda!<\/p>\n<p>[Puntos clave:]<\/p>\n<ul>\n<li>\n<p>\ud83d\ude0e <strong>M\u00e1xima comodidad<\/strong>Nuestra silla de playa se centra en la comodidad, con su respaldo s\u00f3lido y reposabrazos que brindan el soporte perfecto para una relajaci\u00f3n m\u00e1xima. \u00a1As\u00ed que rel\u00e1jate, ponte las gafas de sol y que empiece la diversi\u00f3n!<\/p>\n<\/li>\n<li>\n<p>\ud83c\udf34 <strong>Port\u00e1til y ligero<\/strong>Dile adi\u00f3s a las sillas voluminosas y dif\u00edciles de transportar. Nuestra silla de playa ligera est\u00e1 dise\u00f1ada para aventuras en movimiento. Simplemente d\u00f3blala, gu\u00e1rdala en la bolsa de transporte incluida, \u00a1y estar\u00e1s lista para salir!<\/p>\n<\/li>\n<li>\n<p>\ud83c\udfd6\ufe0f <strong>Durable y resistente<\/strong>Dise\u00f1ada para soportar todas tus aventuras al aire libre, nuestra silla de playa est\u00e1 hecha para durar. Con un peso m\u00e1ximo recomendado de 136 kg, es perfecta para adultos que buscan un asiento confiable para sus salidas a la playa.<\/p>\n<\/li>\n<li>\n<p>\ud83c\udfaf <strong>F\u00e1cil de limpiar<\/strong>Sabemos que los derrames ocurren, sobre todo cuando te diviertes. Por eso, nuestra silla de playa es facil\u00edsima de limpiar. Solo l\u00edmpiala r\u00e1pidamente y \u00a1listo! \u00a1Sin complicaciones!<\/p>\n<\/li>\n<li>\n<p>\u2728 <strong>Dise\u00f1o elegante<\/strong>\u00bfQui\u00e9n dice que la comodidad no puede estar a la moda? Nuestra silla de playa viene en un elegante color negro, con un acabado s\u00f3lido que le da un toque de distinci\u00f3n a cualquier espacio al aire libre. \u00a1As\u00ed que si\u00e9ntate, rel\u00e1jate y luce genial!<\/p>\n<\/li>\n<\/ul>\n<table>\n<thead>\n<tr>\n<th><strong>Especificaci\u00f3n<\/strong><\/th>\n<th style=\"text-align:center;\"><strong>Descripci\u00f3n<\/strong><\/th>\n<\/tr>\n<\/thead>\n<tbody>\n<tr>\n<td>Marca<\/td>\n<td style=\"text-align:center;\">PORTAL<\/td>\n<\/tr>\n<tr>\n<td>Color<\/td>\n<td style=\"text-align:center;\">Negro<\/td>\n<\/tr>\n<tr>\n<td>Dimensiones del producto<\/td>\n<td style=\"text-align:center;\">22\u2033 de profundidad x 20\u2033 de ancho x 24,6\u2033 de alto<\/td>\n<\/tr>\n<tr>\n<td>Tama\u00f1o<\/td>\n<td style=\"text-align:center;\">1 PAQUETE<\/td>\n<\/tr>\n<tr>\n<td>Estilo de espalda<\/td>\n<td style=\"text-align:center;\">Respaldo s\u00f3lido<\/td>\n<\/tr>\n<tr>\n<td>Caracter\u00edstica especial<\/td>\n<td style=\"text-align:center;\">Apoyabrazos<\/td>\n<\/tr>\n<tr>\n<td>Instrucciones de cuidado del producto<\/td>\n<td style=\"text-align:center;\">Limpiar con un pa\u00f1o<\/td>\n<\/tr>\n<tr>\n<td>Recuento de unidades<\/td>\n<td style=\"text-align:center;\">1.0 Conteo<\/td>\n<\/tr>\n<tr>\n<td>Usos recomendados<\/td>\n<td style=\"text-align:center;\">Playa, Camping, Aire libre<\/td>\n<\/tr>\n<tr>\n<td>Recomendaci\u00f3n de peso m\u00e1ximo<\/td>\n<td style=\"text-align:center;\">300 libras<\/td>\n<\/tr>\n<tr>\n<td>Estilo<\/td>\n<td style=\"text-align:center;\">Silla de campamento baja<\/td>\n<\/tr>\n<tr>\n<td>Patr\u00f3n<\/td>\n<td style=\"text-align:center;\">S\u00f3lido<\/td>\n<\/tr>\n<tr>\n<td>Tipo de acabado<\/td>\n<td style=\"text-align:center;\">Cepillado<\/td>\n<\/tr>\n<tr>\n<td>Tipo de habitaci\u00f3n<\/td>\n<td style=\"text-align:center;\">Tienda de campa\u00f1a<\/td>\n<\/tr>\n<tr>\n<td>Rango de edad (descripci\u00f3n)<\/td>\n<td style=\"text-align:center;\">Adulto<\/td>\n<\/tr>\n<tr>\n<td>Componentes incluidos<\/td>\n<td style=\"text-align:center;\">silla de playa<\/td>\n<\/tr>\n<tr>\n<td>Tema<\/td>\n<td style=\"text-align:center;\">playa para acampar<\/td>\n<\/tr>\n<tr>\n<td>Forma<\/td>\n<td style=\"text-align:center;\">Cuadrado<\/td>\n<\/tr>\n<tr>\n<td>Nombre del modelo<\/td>\n<td style=\"text-align:center;\">Sillas plegables para acampar en la playa para adultos, ligeras y port\u00e1tiles<\/td>\n<\/tr>\n<tr>\n<td>Estilo de brazo<\/td>\n<td style=\"text-align:center;\">Con brazos<\/td>\n<\/tr>\n<tr>\n<td>Recomendaci\u00f3n de superficie<\/td>\n<td style=\"text-align:center;\">Suelo duro<\/td>\n<\/tr>\n<tr>\n<td>Movimiento de la base del mueble<\/td>\n<td style=\"text-align:center;\">Deslizarse<\/td>\n<\/tr>\n<tr>\n<td>Uso en interiores y exteriores<\/td>\n<td style=\"text-align:center;\">Al aire libre<\/td>\n<\/tr>\n<tr>\n<td>Factor de forma<\/td>\n<td style=\"text-align:center;\">Plegable<\/td>\n<\/tr>\n<tr>\n<td>Acabado de muebles<\/td>\n<td style=\"text-align:center;\">Pl\u00e1stico<\/td>\n<\/tr>\n<tr>\n<td>Altura del asiento<\/td>\n<td style=\"text-align:center;\">8 pulgadas<\/td>\n<\/tr>\n<\/tbody>\n<\/table>\n<p><strong>\u00bfPor qu\u00e9 comprar esto?<\/strong><\/p>\n<p>\u00a1Hola, aventurero! \u00bfListo para disfrutar al m\u00e1ximo de tus actividades al aire libre? No busques m\u00e1s: nuestra silla de playa ligera y port\u00e1til es la soluci\u00f3n. Con su comodidad m\u00e1xima, dise\u00f1o port\u00e1til y construcci\u00f3n robusta, es la compa\u00f1era perfecta para todas tus escapadas al aire libre. Ya sea que est\u00e9s descansando en la playa, acampando en la naturaleza o simplemente descansando en tu jard\u00edn, \u00a1esta silla te cubre las espaldas! As\u00ed que no pierdas la oportunidad de mejorar tu comodidad y estilo. \u00a1Consigue nuestra silla de playa y disfruta de la diversi\u00f3n!<\/p>\n<div>Marca: PORTAL<\/div>\n<div>Color:\u200eNegro<\/div>\n<div>Dimensiones del producto: 22\u2033 de profundidad x 20\u2033 de ancho x 24,6\u2033 de alto<\/div>\n<div>Tama\u00f1o: 1 paquete<\/div>\n<div>Estilo de la espalda: Espalda s\u00f3lida<\/div>\n<div>Caracter\u00edstica especial: Reposabrazos<\/div>\n<div>Instrucciones para el cuidado del producto: Limpiar con un pa\u00f1o<\/div>\n<div>Cantidad de unidades: 1,0 unidades<\/div>\n<div>Usos recomendados del producto: Playa, Camping, Aire libre<\/div>\n<div>Recomendaci\u00f3n de peso m\u00e1ximo: 300 libras<\/div>\n<div>Estilo: Silla de camping baja<\/div>\n<div>Patr\u00f3n: S\u00f3lido<\/div>\n<div>Tipo de acabado: cepillado<\/div>\n<div>Tipo de habitaci\u00f3n: Tienda de campa\u00f1a<\/div>\n<div>Rango de edad (descripci\u00f3n): Adulto<\/div>\n<div>Componentes incluidos: silla de playa<\/div>\n<div>Tema: camping en la playa<\/div>\n<div>Forma: Cuadrada<\/div>\n<div>Nombre del modelo: Sillas plegables de playa para adultos, ligeras y port\u00e1tiles.<\/div>\n<div>Estilo de brazo: Con brazos<\/div>\n<div>Recomendaci\u00f3n de superficie: Piso duro<\/div>\n<div>Movimiento de la base del mueble: Deslizante<\/div>\n<div>Uso en interiores y exteriores: exteriores<\/div>\n<div>Factor de forma: plegable<\/div>\n<div>Acabado del mueble: pl\u00e1stico<\/div>\n<div>Altura del asiento: 8 pulgadas<\/div>\n<div>Profundidad del asiento: 18 pulgadas<\/div>\n<div>Inclinaci\u00f3n:\u200eNo<\/div>\n<div>Es personalizable:\u200eNo<\/div>\n<div>Es el\u00e9ctrico:\u200eNo<\/div>\n<div>Es plegable: S\u00ed<\/div>\n<div>nulo:\u200e1<\/div>\n<div>Dimensiones del paquete del art\u00edculo (largo x ancho x alto): 28 x 7,9 x 7,75 pulgadas<\/div>\n<div>Peso del paquete: 3,4 kilogramos<\/div>\n<div>Dimensiones del art\u00edculo (largo x ancho x alto): 29,52 x 9,05 x 8,26 pulgadas<\/div>\n<div>Marca: PORTAL<\/div>\n<div>Descripci\u00f3n de la garant\u00eda:\u200eCompruebe la estabilidad peri\u00f3dicamente.<\/div>\n<div>Usuarios sugeridos: Adulto unisex<\/div>\n<div>N\u00famero de art\u00edculos: 1<\/div>\n<div>Fabricante: Westfield Outdoors<\/div>\n<div>N\u00famero de pieza: PR-FC-05554<\/div>\n<div>ASIN: B0747BSJKB<\/div>\n<div>Rese\u00f1as de clientes: 4.6 4.6 de 5 estrellas 349 valoraciones 4.6 de 5 estrellas<\/div>\n<div>Puesto en los m\u00e1s vendidos: #50,823 en Deportes y aire libre (Ver el Top 100 en Deportes y aire libre) #198 en Sillas de camping<\/div>\n<div>Fecha de primera disponibilidad: 24 de julio de 2017<\/div>\n<div>  <\/div>\n<div>  <\/div>\n<p>SOBRE NOSOTROS En Portal, construimos equipos para resolver problemas que est\u00e1n dise\u00f1ados espec\u00edficamente para mantenerse al d\u00eda con un estilo de vida al aire libre resistente. Dise\u00f1amos productos para exteriores que usar\u00edamos en nuestras propias aventuras personales y fueron aprobados en campamentos reales. Nuestro equipo representa un estilo de vida, pasi\u00f3n y valores compartidos por la comunidad al aire libre. \u00a1Nuestro objetivo es mantenernos aut\u00e9nticos, pr\u00e1cticos y salvajes en la naturaleza! Visita la tienda Visita la tienda Visita la tienda Visita la tienda Visita la tienda Visita la tienda Visita la tienda Visita la tienda \u2013 Tama\u00f1o de configuraci\u00f3n: 20*22*24.6in \u2013 Tama\u00f1o plegado: 9*9*32in \u2013 Peso neto: 7 lbs \u2013 Capacidad de peso: 300 lbs Tubo de acero de soporte engrosado con revestimiento antioxidante, conectores de hardware de alta calidad y piezas de pl\u00e1stico para garantizar la durabilidad. Plegado en paquetes en 1 segundo, tama\u00f1o peque\u00f1o y f\u00e1cil de transportar. El respaldo transpirable y c\u00f3modo te hace sentir relajado y fresco mientras disfrutas del aire libre. El reposabrazos envuelto en espuma es suave y c\u00f3modo, lo que proporciona un soporte superior al entrar y salir de la silla. Las bebidas siempre est\u00e1n al alcance, y las tazas y botellas se pueden colocar justo a tiempo para evitar que los ni\u00f1os las vuelquen. La silla plegable baja cuenta con una estructura de acero y patas antideslizantes que garantizan una experiencia segura y resistente.<\/p>","protected":false},"excerpt":{"rendered":"<p>Descripci\u00f3n del producto: Mant\u00e9ngase c\u00f3modo y relajado todo el d\u00eda con nuestra silla de playa liviana y port\u00e1til, perfecta para todas sus actividades al aire libre.<\/p>","protected":false},"featured_media":136918,"comment_status":"open","ping_status":"closed","template":"","meta":[],"product_brand":[],"product_cat":[30818,30971],"product_tag":[5971],"class_list":{"0":"post-78115","1":"product","2":"type-product","3":"status-publish","4":"has-post-thumbnail","6":"product_cat-camping-furniture","7":"product_cat-hp","8":"product_tag-usa","10":"first","11":"instock","12":"sale","13":"taxable","14":"shipping-taxable","15":"purchasable","16":"product-type-variable"},"_links":{"self":[{"href":"https:\/\/nexgendecors.com\/es\/wp-json\/wp\/v2\/product\/78115","targetHints":{"allow":["GET"]}}],"collection":[{"href":"https:\/\/nexgendecors.com\/es\/wp-json\/wp\/v2\/product"}],"about":[{"href":"https:\/\/nexgendecors.com\/es\/wp-json\/wp\/v2\/types\/product"}],"replies":[{"embeddable":true,"href":"https:\/\/nexgendecors.com\/es\/wp-json\/wp\/v2\/comments?post=78115"}],"version-history":[{"count":0,"href":"https:\/\/nexgendecors.com\/es\/wp-json\/wp\/v2\/product\/78115\/revisions"}],"wp:featuredmedia":[{"embeddable":true,"href":"https:\/\/nexgendecors.com\/es\/wp-json\/wp\/v2\/media\/136918"}],"wp:attachment":[{"href":"https:\/\/nexgendecors.com\/es\/wp-json\/wp\/v2\/media?parent=78115"}],"wp:term":[{"taxonomy":"product_brand","embeddable":true,"href":"https:\/\/nexgendecors.com\/es\/wp-json\/wp\/v2\/product_brand?post=78115"},{"taxonomy":"product_cat","embeddable":true,"href":"https:\/\/nexgendecors.com\/es\/wp-json\/wp\/v2\/product_cat?post=78115"},{"taxonomy":"product_tag","embeddable":true,"href":"https:\/\/nexgendecors.com\/es\/wp-json\/wp\/v2\/product_tag?post=78115"}],"curies":[{"name":"wp","href":"https:\/\/api.w.org\/{rel}","templated":true}]}}