{"id":78323,"date":"2025-01-26T03:36:51","date_gmt":"2025-01-26T03:36:51","guid":{"rendered":"https:\/\/nexgendecors.com\/product\/primary-and-secondary-school-students-childrens-study-chair-can-be-raised-and-lowered-to-correct-sitting-posture-seat-back-stool-writing-chair-home-desk-chair\/"},"modified":"2025-04-06T09:32:55","modified_gmt":"2025-04-06T09:32:55","slug":"silla-de-estudio-para-ninos-de-primaria-y-secundaria-elevable-y-bajable-para-corregir-la-postura-al-sentarse-respaldo-taburete-silla-de-escritura-silla-de-escritorio-para-el-hogar","status":"publish","type":"product","link":"https:\/\/nexgendecors.com\/es\/product\/silla-de-estudio-para-ninos-de-primaria-y-secundaria-elevable-y-bajable-para-corregir-la-postura-al-sentarse-respaldo-taburete-silla-de-escritura-silla-de-escritorio-para-el-hogar\/","title":{"rendered":"Silla de estudio ajustable para ni\u00f1os: dise\u00f1o ergon\u00f3mico"},"content":{"rendered":"<ul>\n<li>\n<strong>marca<\/strong>:Zhibo<\/li>\n<li>\n<strong>modelo<\/strong>:Student chair stool can be raised or lowered<\/li>\n<li>\n<strong>Origen<\/strong>Provincia de Jiangxi<\/li>\n<li>\n<strong>ordenar por color<\/strong>:The same chair in school + ivory white (liftable), the same chair in school + blue (liftable), the same chair in school + pink (liftable), the same chair in school + army green (liftable), supreme children&#8217;s chair + gray (liftable), supreme children&#8217;s chair + pink (liftable), supreme children&#8217;s chair + blue (liftable), supreme children&#8217;s chair + fresh green (liftable), comfortable seat + blue (liftable), comfortable seat + pink (liftable), comfortable seat + gray (liftable), flagship writing chair + blue (liftable), flagship writing chair + pink (liftable), flagship writing chair + gray (liftable), thickened writing chair + blue (liftable), thickened writing chair + pink (liftable), thickened writing chair + fresh green (liftable), thickened writing chair + gray (liftable), the same stool in school (no backrest)<\/li>\n<li>\n<strong>Tama\u00f1o del paquete<\/strong>:40*40<\/li>\n<li>\n<strong>Peso del paquete<\/strong>:6KG<\/li>\n<\/ul>\n<p><img><\/p>","protected":false},"excerpt":{"rendered":"<p>Marca: Zhibo Modelo: El taburete de la silla del estudiante se puede subir o bajar Origen: Provincia de Jiangxi Ordenar por color: La misma silla en la escuela + marfil<\/p>","protected":false},"featured_media":137308,"comment_status":"open","ping_status":"closed","template":"","meta":[],"product_brand":[],"product_cat":[30971,30849],"product_tag":[],"class_list":{"0":"post-78323","1":"product","2":"type-product","3":"status-publish","4":"has-post-thumbnail","6":"product_cat-hp","7":"product_cat-kindergarten-school-furniture","9":"first","10":"instock","11":"taxable","12":"shipping-taxable","13":"purchasable","14":"product-type-variable"},"_links":{"self":[{"href":"https:\/\/nexgendecors.com\/es\/wp-json\/wp\/v2\/product\/78323","targetHints":{"allow":["GET"]}}],"collection":[{"href":"https:\/\/nexgendecors.com\/es\/wp-json\/wp\/v2\/product"}],"about":[{"href":"https:\/\/nexgendecors.com\/es\/wp-json\/wp\/v2\/types\/product"}],"replies":[{"embeddable":true,"href":"https:\/\/nexgendecors.com\/es\/wp-json\/wp\/v2\/comments?post=78323"}],"version-history":[{"count":0,"href":"https:\/\/nexgendecors.com\/es\/wp-json\/wp\/v2\/product\/78323\/revisions"}],"wp:featuredmedia":[{"embeddable":true,"href":"https:\/\/nexgendecors.com\/es\/wp-json\/wp\/v2\/media\/137308"}],"wp:attachment":[{"href":"https:\/\/nexgendecors.com\/es\/wp-json\/wp\/v2\/media?parent=78323"}],"wp:term":[{"taxonomy":"product_brand","embeddable":true,"href":"https:\/\/nexgendecors.com\/es\/wp-json\/wp\/v2\/product_brand?post=78323"},{"taxonomy":"product_cat","embeddable":true,"href":"https:\/\/nexgendecors.com\/es\/wp-json\/wp\/v2\/product_cat?post=78323"},{"taxonomy":"product_tag","embeddable":true,"href":"https:\/\/nexgendecors.com\/es\/wp-json\/wp\/v2\/product_tag?post=78323"}],"curies":[{"name":"wp","href":"https:\/\/api.w.org\/{rel}","templated":true}]}}