{"id":78697,"date":"2025-01-26T03:37:47","date_gmt":"2025-01-26T03:37:47","guid":{"rendered":"https:\/\/nexgendecors.com\/product\/rattaner-5-pcs-outdoor-furniture-sets-patio-furniture-set-with-45-fire-pit-patio-couch-outdoor-chairs-60000-btu-wicker-propane-fire-pit-table-with-no-slip-cushions-and-waterproof-covers-grey1711879"},"modified":"2025-04-06T09:33:26","modified_gmt":"2025-04-06T09:33:26","slug":"conjunto-de-muebles-de-exterior-de-ratan-de-5-piezas-juego-de-muebles-de-patio-con-45-sillas-y-fogon-mesa-de-mimbre-de-propano-de-60-000-btu-cojines-antideslizantes-y-fundas-impermeables-gris-1711","status":"publish","type":"product","link":"https:\/\/nexgendecors.com\/es\/product\/conjunto-de-muebles-de-exterior-de-ratan-de-5-piezas-juego-de-muebles-de-patio-con-45-sillas-y-fogon-mesa-de-mimbre-de-propano-de-60-000-btu-cojines-antideslizantes-y-fundas-impermeables-gris-1711\/","title":{"rendered":"Rattaner Conjunto de 5 Muebles de Exterior con Fog\u00f3n"},"content":{"rendered":"<p data-mce-fragment=\"1\">\ud83c\udf1f <strong data-mce-fragment=\"1\">Elegancia atemporal<\/strong>Descubra la combinaci\u00f3n perfecta de estilo, comodidad y durabilidad con nuestro juego de patio con mesa para fogata. Fabricado con mimbre sint\u00e9tico con acabados profesionales y baldosas de m\u00e1rmol con veta de madera, este conjunto a\u00f1ade sofisticaci\u00f3n a cualquier espacio exterior.<\/p>\n<p data-mce-fragment=\"1\">\ud83e\ude91 <strong data-mce-fragment=\"1\">Opciones vers\u00e1tiles<\/strong>\u00a1Eleve su oasis al aire libre f\u00e1cilmente! Elija entre asientos convencionales, m\u00f3dulos modulares para exteriores y acogedoras chimeneas para reuniones al aire libre. Disfrute de un estilo elegante y fresco sin sacrificar la comodidad ni la resistencia.<\/p>\n<p data-mce-fragment=\"1\">\ud83d\udcd0 <strong data-mce-fragment=\"1\">Presupuesto<\/strong>:<\/p>\n<ul data-mce-fragment=\"1\">\n<li data-mce-fragment=\"1\">\n<strong data-mce-fragment=\"1\">Materiales<\/strong>: Estructura de acero, mimbre de polietileno de alta densidad (HDPE), esponja de alta resiliencia, tela de poli\u00e9ster de 250 g.<\/li>\n<li data-mce-fragment=\"1\">\n<strong data-mce-fragment=\"1\">Color del marco<\/strong>: Mimbre negro, cojines grises.<\/li>\n<li data-mce-fragment=\"1\">\n<strong data-mce-fragment=\"1\">Dise\u00f1o de silla<\/strong>: Asientos profundos<\/li>\n<li data-mce-fragment=\"1\">\n<strong data-mce-fragment=\"1\">Relleno de fogatas<\/strong>:Cuentas de cristal azul<\/li>\n<\/ul>\n<p data-mce-fragment=\"1\">\ud83d\udccf <strong data-mce-fragment=\"1\">Dimensiones (L<em data-mce-fragment=\"1\">Yo<\/em>H\/(pulgadas))<\/strong>:<\/p>\n<ul data-mce-fragment=\"1\">\n<li data-mce-fragment=\"1\">Sillas de patio: 32<em data-mce-fragment=\"1\">30<\/em>28<\/li>\n<li data-mce-fragment=\"1\">Loveseat de patio: 55<em data-mce-fragment=\"1\">30<\/em>28<\/li>\n<li data-mce-fragment=\"1\">Sof\u00e1 de patio: 79<em data-mce-fragment=\"1\">30<\/em>28<\/li>\n<li data-mce-fragment=\"1\">Mesa con fog\u00f3n: 45<em data-mce-fragment=\"1\">24<\/em>25<\/li>\n<li data-mce-fragment=\"1\">Coj\u00edn del asiento: 26<em data-mce-fragment=\"1\">24<\/em>4<\/li>\n<li data-mce-fragment=\"1\">Coj\u00edn de respaldo: 24*14<\/li>\n<\/ul>\n<p data-mce-fragment=\"1\">\ud83d\udce6 <strong data-mce-fragment=\"1\">El juego incluye<\/strong>:<\/p>\n<ul data-mce-fragment=\"1\">\n<li data-mce-fragment=\"1\">4 cajas:\n<ul data-mce-fragment=\"1\">\n<li data-mce-fragment=\"1\">Dos para sillas de patio<\/li>\n<li data-mce-fragment=\"1\">Uno para el sof\u00e1 de dos plazas del patio<\/li>\n<li data-mce-fragment=\"1\">Uno para sof\u00e1 de patio.<\/li>\n<li data-mce-fragment=\"1\">Uno para la mesa de fogata<\/li>\n<\/ul>\n<\/li>\n<li data-mce-fragment=\"1\">Otros art\u00edculos incluidos en estas cajas:\n<ul data-mce-fragment=\"1\">\n<li data-mce-fragment=\"1\">7 cojines de asiento<\/li>\n<li data-mce-fragment=\"1\">7 cojines de respaldo<\/li>\n<li data-mce-fragment=\"1\">5 fundas impermeables<\/li>\n<li data-mce-fragment=\"1\">Instrucciones y todo el hardware necesario<\/li>\n<\/ul>\n<\/li>\n<\/ul>\n<p data-mce-fragment=\"1\">\u26a0\ufe0f <strong data-mce-fragment=\"1\">Aviso importante<\/strong>:<\/p>\n<ul data-mce-fragment=\"1\">\n<li data-mce-fragment=\"1\">\n<em data-mce-fragment=\"1\">Requiere ensamblaje<\/em>Recomendamos montarlo sobre una alfombrilla para evitar el desgaste. No apriete completamente los tornillos hasta que el montaje est\u00e9 completo.<\/li>\n<li data-mce-fragment=\"1\">\n<em data-mce-fragment=\"1\">Instrucciones de seguridad<\/em>:Antes de usar la cubierta, aseg\u00farese de que se hayan eliminado todas las fuentes de calor del fog\u00f3n.<\/li>\n<li data-mce-fragment=\"1\">\n<em data-mce-fragment=\"1\">Cuidado y mantenimiento<\/em>:Prolonga la vida \u00fatil con protecci\u00f3n adicional en condiciones clim\u00e1ticas extremas y rutinas de cuidado diario sencillas.<\/li>\n<\/ul>\n<div><\/div>","protected":false},"excerpt":{"rendered":"<p>\ud83c\udf1f Elegancia atemporal: Descubre la mezcla perfecta de estilo, comodidad y durabilidad con nuestro conjunto de patio con pozo de fuego<\/p>","protected":false},"featured_media":137730,"comment_status":"open","ping_status":"closed","template":"","meta":[],"product_brand":[],"product_cat":[30971,30856,32],"product_tag":[],"class_list":{"0":"post-78697","1":"product","2":"type-product","3":"status-publish","4":"has-post-thumbnail","6":"product_cat-hp","7":"product_cat-outdoor-furniture","8":"product_cat-residential-furniture","10":"first","11":"instock","12":"sale","13":"taxable","14":"shipping-taxable","15":"purchasable","16":"product-type-variable"},"_links":{"self":[{"href":"https:\/\/nexgendecors.com\/es\/wp-json\/wp\/v2\/product\/78697","targetHints":{"allow":["GET"]}}],"collection":[{"href":"https:\/\/nexgendecors.com\/es\/wp-json\/wp\/v2\/product"}],"about":[{"href":"https:\/\/nexgendecors.com\/es\/wp-json\/wp\/v2\/types\/product"}],"replies":[{"embeddable":true,"href":"https:\/\/nexgendecors.com\/es\/wp-json\/wp\/v2\/comments?post=78697"}],"version-history":[{"count":0,"href":"https:\/\/nexgendecors.com\/es\/wp-json\/wp\/v2\/product\/78697\/revisions"}],"wp:featuredmedia":[{"embeddable":true,"href":"https:\/\/nexgendecors.com\/es\/wp-json\/wp\/v2\/media\/137730"}],"wp:attachment":[{"href":"https:\/\/nexgendecors.com\/es\/wp-json\/wp\/v2\/media?parent=78697"}],"wp:term":[{"taxonomy":"product_brand","embeddable":true,"href":"https:\/\/nexgendecors.com\/es\/wp-json\/wp\/v2\/product_brand?post=78697"},{"taxonomy":"product_cat","embeddable":true,"href":"https:\/\/nexgendecors.com\/es\/wp-json\/wp\/v2\/product_cat?post=78697"},{"taxonomy":"product_tag","embeddable":true,"href":"https:\/\/nexgendecors.com\/es\/wp-json\/wp\/v2\/product_tag?post=78697"}],"curies":[{"name":"wp","href":"https:\/\/api.w.org\/{rel}","templated":true}]}}