{"id":78716,"date":"2025-01-26T03:37:52","date_gmt":"2025-01-26T03:37:52","guid":{"rendered":"https:\/\/nexgendecors.com\/product\/nordic-rattan-solid-wood-dining-chair-home-backrest-chair-light-luxury-minimalist-restaurant-cafe-living-room-leisure-negotiation-chair\/"},"modified":"2025-04-06T09:33:32","modified_gmt":"2025-04-06T09:33:32","slug":"nordic-rattan-solid-wood-dining-chair-home-backrest-chair-light-luxury-minimalist-restaurant-cafe-living-room-leisure-negotiation-chair","status":"publish","type":"product","link":"https:\/\/nexgendecors.com\/es\/product\/nordic-rattan-solid-wood-dining-chair-home-backrest-chair-light-luxury-minimalist-restaurant-cafe-living-room-leisure-negotiation-chair\/","title":{"rendered":"Silla de comedor de rat\u00e1n Recanati: Dise\u00f1o elegante y c\u00f3modo"},"content":{"rendered":"<p data-mce-fragment=\"1\">Part of the\u00a0our\u00a0dinning chair collection, the\u00a0Recanati Dining\u00a0Chair uses a mix of rattan and natural timber on both the seat and back rest. Excellent for a minimal and natural dining setting. Elevate your space with clean lines and a glam look. This chic dining chair strikes a modern design featured in rattan, adding a sleek look while ensuring strength and stability. This set cradles you in comfort while you enjoy a meal with friends. As a refined and elegant presentation, this set of two dining chairs combines modern style and exceptional comfort when you furnish your dining room!<\/p>\n<p><strong>Materiales<br \/><\/strong>Ash wood stained walnut with real rattan seat,\u00a0PU Leather, Foam.<\/p>\n<p><strong>Dimensiones<br \/><\/strong>49cm x 52cm x H79cm<\/p>","protected":false},"excerpt":{"rendered":"<p>La silla de comedor Recanati, que forma parte de nuestra colecci\u00f3n de sillas de comedor, utiliza una mezcla de rat\u00e1n y madera natural tanto en el asiento como en el respaldo.<\/p>","protected":false},"featured_media":137762,"comment_status":"open","ping_status":"closed","template":"","meta":[],"product_brand":[],"product_cat":[30825,30826,30971,32],"product_tag":[12259,12260],"class_list":{"0":"post-78716","1":"product","2":"type-product","3":"status-publish","4":"has-post-thumbnail","6":"product_cat-dining-chairs","7":"product_cat-dining-room","8":"product_cat-hp","9":"product_cat-residential-furniture","10":"product_tag-_wf_cus","11":"product_tag-_wf_exc","13":"first","14":"instock","15":"sale","16":"taxable","17":"shipping-taxable","18":"purchasable","19":"product-type-variable"},"_links":{"self":[{"href":"https:\/\/nexgendecors.com\/es\/wp-json\/wp\/v2\/product\/78716","targetHints":{"allow":["GET"]}}],"collection":[{"href":"https:\/\/nexgendecors.com\/es\/wp-json\/wp\/v2\/product"}],"about":[{"href":"https:\/\/nexgendecors.com\/es\/wp-json\/wp\/v2\/types\/product"}],"replies":[{"embeddable":true,"href":"https:\/\/nexgendecors.com\/es\/wp-json\/wp\/v2\/comments?post=78716"}],"version-history":[{"count":0,"href":"https:\/\/nexgendecors.com\/es\/wp-json\/wp\/v2\/product\/78716\/revisions"}],"wp:featuredmedia":[{"embeddable":true,"href":"https:\/\/nexgendecors.com\/es\/wp-json\/wp\/v2\/media\/137762"}],"wp:attachment":[{"href":"https:\/\/nexgendecors.com\/es\/wp-json\/wp\/v2\/media?parent=78716"}],"wp:term":[{"taxonomy":"product_brand","embeddable":true,"href":"https:\/\/nexgendecors.com\/es\/wp-json\/wp\/v2\/product_brand?post=78716"},{"taxonomy":"product_cat","embeddable":true,"href":"https:\/\/nexgendecors.com\/es\/wp-json\/wp\/v2\/product_cat?post=78716"},{"taxonomy":"product_tag","embeddable":true,"href":"https:\/\/nexgendecors.com\/es\/wp-json\/wp\/v2\/product_tag?post=78716"}],"curies":[{"name":"wp","href":"https:\/\/api.w.org\/{rel}","templated":true}]}}