{"id":78741,"date":"2025-01-26T03:37:55","date_gmt":"2025-01-26T03:37:55","guid":{"rendered":"https:\/\/nexgendecors.com\/product\/reclining-office-chair-comfortable-sitting-home-computer-chair-ergonomic-leather-boss-chair-high-end-backrest-swivel-chair\/"},"modified":"2025-04-06T09:33:36","modified_gmt":"2025-04-06T09:33:36","slug":"reclining-office-chair-comfortable-sitting-home-computer-chair-ergonomic-leather-boss-chair-high-end-backrest-swivel-chair","status":"publish","type":"product","link":"https:\/\/nexgendecors.com\/es\/product\/reclining-office-chair-comfortable-sitting-home-computer-chair-ergonomic-leather-boss-chair-high-end-backrest-swivel-chair\/","title":{"rendered":"Silla ergon\u00f3mica giratoria de cuero con respaldo alto"},"content":{"rendered":"<ul>\n<li>\n<strong>marca<\/strong>:Lifron<\/li>\n<li>\n<strong>modelo<\/strong>:80366<\/li>\n<li>\n<strong>Material<\/strong>:Madera<\/li>\n<li>\n<strong>Material de madera<\/strong>:otro<\/li>\n<li>\n<strong>ordenar por color<\/strong>:Black nano-tech leather, brown nano-tech leather, dark gray nano-tech leather, black nano-tech leather + footrest, brown nano-tech leather + footrest, dark gray nano-tech leather + footrest, black nano-tech leather + footrest + massage, brown nano-tech leather + footrest + massage, dark gray nano-tech leather + footrest ++ massage, black first-layer cowhide + footrest, black first-layer cowhide + footrest + massage, black selected first-layer cowhide + footrest, black selected first-layer cowhide + footrest + massage, dark gray selected first-layer cowhide + footrest, dark gray selected first-layer cowhide + footrest + massage<\/li>\n<li>\n<strong>Material de tela<\/strong>:otro<\/li>\n<li>\n<strong>\u00bfEs personalizable?<\/strong>:S\u00ed<\/li>\n<li>\n<strong>\u00bfSe puede subir o bajar?<\/strong>:S\u00ed<\/li>\n<li>\n<strong>\u00bfEs giratorio?<\/strong>:S\u00ed<\/li>\n<li>\n<strong>\u00bfPuedo acostarme?<\/strong>:S\u00ed<\/li>\n<li>\n<strong>Material para pies de cinco estrellas<\/strong>:Pies de acero<\/li>\n<li>\n<strong>Tipo de pasamanos<\/strong>:Reposabrazos fijo<\/li>\n<li>\n<strong>\u00bfEs compatible con la ergonom\u00eda?<\/strong>:S\u00ed<\/li>\n<li>\n<strong>ciudad<\/strong>:Huzhou<\/li>\n<li>\n<strong>Distritos y condados<\/strong>Condado de Anji<\/li>\n<li>\n<strong>Armar<\/strong>:S\u00ed<\/li>\n<li>\n<strong>\u00bfHay taxi disponible para transporte?<\/strong>:S\u00ed<\/li>\n<li>\n<strong>Posicionamiento de estilo<\/strong>:Lujo de calidad<\/li>\n<li>\n<strong>Si tener pedales<\/strong>:S\u00ed<\/li>\n<\/ul>\n<p><img><\/p>","protected":false},"excerpt":{"rendered":"<p>Marca: Lifron Modelo: 80366 Material: Madera Material de madera: otros Ordenar por color: Cuero nano-tecnol\u00f3gico negro, Cuero nano-tecnol\u00f3gico marr\u00f3n, Cuero nano-tecnol\u00f3gico gris oscuro, Cuero nano-tecnol\u00f3gico negro<\/p>","protected":false},"featured_media":137781,"comment_status":"open","ping_status":"closed","template":"","meta":[],"product_brand":[],"product_cat":[30971,30859],"product_tag":[],"class_list":{"0":"post-78741","1":"product","2":"type-product","3":"status-publish","4":"has-post-thumbnail","6":"product_cat-hp","7":"product_cat-wholesale-office","9":"first","10":"instock","11":"sale","12":"taxable","13":"shipping-taxable","14":"purchasable","15":"product-type-variable"},"_links":{"self":[{"href":"https:\/\/nexgendecors.com\/es\/wp-json\/wp\/v2\/product\/78741","targetHints":{"allow":["GET"]}}],"collection":[{"href":"https:\/\/nexgendecors.com\/es\/wp-json\/wp\/v2\/product"}],"about":[{"href":"https:\/\/nexgendecors.com\/es\/wp-json\/wp\/v2\/types\/product"}],"replies":[{"embeddable":true,"href":"https:\/\/nexgendecors.com\/es\/wp-json\/wp\/v2\/comments?post=78741"}],"version-history":[{"count":0,"href":"https:\/\/nexgendecors.com\/es\/wp-json\/wp\/v2\/product\/78741\/revisions"}],"wp:featuredmedia":[{"embeddable":true,"href":"https:\/\/nexgendecors.com\/es\/wp-json\/wp\/v2\/media\/137781"}],"wp:attachment":[{"href":"https:\/\/nexgendecors.com\/es\/wp-json\/wp\/v2\/media?parent=78741"}],"wp:term":[{"taxonomy":"product_brand","embeddable":true,"href":"https:\/\/nexgendecors.com\/es\/wp-json\/wp\/v2\/product_brand?post=78741"},{"taxonomy":"product_cat","embeddable":true,"href":"https:\/\/nexgendecors.com\/es\/wp-json\/wp\/v2\/product_cat?post=78741"},{"taxonomy":"product_tag","embeddable":true,"href":"https:\/\/nexgendecors.com\/es\/wp-json\/wp\/v2\/product_tag?post=78741"}],"curies":[{"name":"wp","href":"https:\/\/api.w.org\/{rel}","templated":true}]}}