{"id":78942,"date":"2025-01-26T03:38:21","date_gmt":"2025-01-26T03:38:21","guid":{"rendered":"https:\/\/nexgendecors.com\/product\/restaurant-chandelier-nordic-creative-dining-room-dining-table-bar-2024-new-lamps-modern-simple-design-chandelier\/"},"modified":"2025-04-06T09:33:53","modified_gmt":"2025-04-06T09:33:53","slug":"lampara-de-arana-de-restaurante-estilo-nordico-creativa-para-comedor-mesa-de-comedor-bar-lamparas-nuevas-2024-lampara-de-arana-de-diseno-moderno-y-sencillo","status":"publish","type":"product","link":"https:\/\/nexgendecors.com\/es\/product\/lampara-de-arana-de-restaurante-estilo-nordico-creativa-para-comedor-mesa-de-comedor-bar-lamparas-nuevas-2024-lampara-de-arana-de-diseno-moderno-y-sencillo\/","title":{"rendered":"L\u00e1mpara de ara\u00f1a n\u00f3rdica moderna para comedor y bar"},"content":{"rendered":"<ul>\n<li>\n<strong>marca<\/strong>:Schmidt<\/li>\n<li>\n<strong>modelo<\/strong>:MD4073<\/li>\n<li>\n<strong>estilo<\/strong>:Europa del Norte<\/li>\n<li>\n<strong>Valor K de la temperatura de color de la fuente de luz<\/strong>:6000K<\/li>\n<li>\n<strong>ordenar por color<\/strong>:Negro + Dorado \u2013 Luz Blanca \u2013 38 W Negro + Dorado \u2013 Luz C\u00e1lida \u2013 38 W Negro + Dorado \u2013 Atenuaci\u00f3n de Tres Colores \u2013 38 W Negro + Dorado \u2013 Atenuaci\u00f3n Infinita \u2013 76 W (con control remoto) Negro + Dorado \u2013 Tmall Genie \u2013 76 W (compatible con APP de tel\u00e9fono m\u00f3vil + control de voz)<\/li>\n<li>\n<strong>\u00bfLa l\u00e1mpara tiene una fuente de luz?<\/strong>:S\u00ed<\/li>\n<li>\n<strong>Servicio en la ciudad<\/strong>:Log\u00edstica intraurbana de entrega puerta a puerta<\/li>\n<li>\n<strong>Voltaje<\/strong>:111 V ~ 240 V (inclusive)<\/li>\n<li>\n<strong>Material principal del cuerpo de la l\u00e1mpara.<\/strong>:aluminio<\/li>\n<li>\n<strong>Material principal de la pantalla de la l\u00e1mpara<\/strong>:Pantalla de PMMA de alta transmitancia de luz<\/li>\n<li>\n<strong>tipo de fuente de luz<\/strong>:Luces LED<\/li>\n<li>\n<strong>N\u00famero de fuentes de luz<\/strong>:4<\/li>\n<li>\n<strong>Tecnolog\u00eda<\/strong>:Escarchado de pintura en aerosol<\/li>\n<li>\n<strong>\u00c1rea de irradiaci\u00f3n<\/strong>:10\u33a1-15\u33a1<\/li>\n<li>\n<strong>Tipo de control<\/strong>:Otro control de voz inteligente Control de aplicaci\u00f3n Control de interruptor inteligente Control no inteligente<\/li>\n<li>\n<strong>Material auxiliar para pantallas de l\u00e1mparas<\/strong>:Pantalla de PMMA de alta transmitancia de luz<\/li>\n<li>\n<strong>Per\u00edodo de garant\u00eda<\/strong>:3 a\u00f1os<\/li>\n<li>\n<strong>Material auxiliar del cuerpo de la l\u00e1mpara<\/strong>:hierro<\/li>\n<li>\n<strong>Tipo inteligente<\/strong>:Conectado a Tmall Genie<\/li>\n<li>\n<strong>Ya sea control inteligente<\/strong>:S\u00ed<\/li>\n<li>\n<strong>Forma de la l\u00e1mpara<\/strong>:L\u00e1mpara de ara\u00f1a de l\u00ednea de pescado<\/li>\n<li>\n<strong>N\u00famero de cabezales de l\u00e1mpara<\/strong>:4<\/li>\n<li>\n<strong>Tipo de l\u00e1mpara de ara\u00f1a<\/strong>:L\u00e1mpara de ara\u00f1a de hierro forjado<\/li>\n<li>\n<strong>N\u00famero de certificado 3C<\/strong>:2023011001539682<\/li>\n<\/ul>\n<p><img><\/p>","protected":false},"excerpt":{"rendered":"<p>brand:Schmidt model:MD4073 style:Northern Europe Light source color temperature K value:6000K sort by color:Black + Gold &#8211; White Light &#8211; 38W<\/p>","protected":false},"featured_media":138031,"comment_status":"open","ping_status":"closed","template":"","meta":[],"product_brand":[],"product_cat":[30971,30864],"product_tag":[],"class_list":{"0":"post-78942","1":"product","2":"type-product","3":"status-publish","4":"has-post-thumbnail","6":"product_cat-hp","7":"product_cat-new-wholesales-lights","9":"first","10":"instock","11":"taxable","12":"shipping-taxable","13":"purchasable","14":"product-type-variable"},"_links":{"self":[{"href":"https:\/\/nexgendecors.com\/es\/wp-json\/wp\/v2\/product\/78942","targetHints":{"allow":["GET"]}}],"collection":[{"href":"https:\/\/nexgendecors.com\/es\/wp-json\/wp\/v2\/product"}],"about":[{"href":"https:\/\/nexgendecors.com\/es\/wp-json\/wp\/v2\/types\/product"}],"replies":[{"embeddable":true,"href":"https:\/\/nexgendecors.com\/es\/wp-json\/wp\/v2\/comments?post=78942"}],"version-history":[{"count":0,"href":"https:\/\/nexgendecors.com\/es\/wp-json\/wp\/v2\/product\/78942\/revisions"}],"wp:featuredmedia":[{"embeddable":true,"href":"https:\/\/nexgendecors.com\/es\/wp-json\/wp\/v2\/media\/138031"}],"wp:attachment":[{"href":"https:\/\/nexgendecors.com\/es\/wp-json\/wp\/v2\/media?parent=78942"}],"wp:term":[{"taxonomy":"product_brand","embeddable":true,"href":"https:\/\/nexgendecors.com\/es\/wp-json\/wp\/v2\/product_brand?post=78942"},{"taxonomy":"product_cat","embeddable":true,"href":"https:\/\/nexgendecors.com\/es\/wp-json\/wp\/v2\/product_cat?post=78942"},{"taxonomy":"product_tag","embeddable":true,"href":"https:\/\/nexgendecors.com\/es\/wp-json\/wp\/v2\/product_tag?post=78942"}],"curies":[{"name":"wp","href":"https:\/\/api.w.org\/{rel}","templated":true}]}}