{"id":79020,"date":"2025-01-26T03:38:32","date_gmt":"2025-01-26T03:38:32","guid":{"rendered":"https:\/\/nexgendecors.com\/product\/restaurant-chandelier-nordic-post-modern-creative-ufo-island-lamp-cafe-bar-lamp-simple-aisle-corridor-lamp\/"},"modified":"2025-04-06T09:34:03","modified_gmt":"2025-04-06T09:34:03","slug":"restaurant-chandelier-nordic-post-modern-creative-ufo-island-lamp-cafe-bar-lamp-simple-aisle-corridor-lamp","status":"publish","type":"product","link":"https:\/\/nexgendecors.com\/es\/product\/restaurant-chandelier-nordic-post-modern-creative-ufo-island-lamp-cafe-bar-lamp-simple-aisle-corridor-lamp\/","title":{"rendered":"L\u00e1mpara de ara\u00f1a n\u00f3rdica OVNI Island: L\u00e1mpara de cafeter\u00eda creativa"},"content":{"rendered":"<ul>\n<li>\n<strong>marca<\/strong>:Fan Zhen<\/li>\n<li>\n<strong>modelo<\/strong>:D8485<\/li>\n<li>\n<strong>estilo<\/strong>:Simple y moderno<\/li>\n<li>\n<strong>Origen<\/strong>:China continental<\/li>\n<li>\n<strong>Valor K de la temperatura de color de la fuente de luz<\/strong>:3000K-6000K<\/li>\n<li>\n<strong>ordenar por color<\/strong>:Black-40*27CM-Neutral Light,Black-40*27CM-Three Colors,Black-40*27CM-Wuji Tianmao,Black-50*30CM-Neutral Light,Black-50*30CM-Three Colors,Black-50*30CM-Wuji Tianmao,White-40*27CM-Neutral Light,White-40*27CM-Three Colors,White-40*27CM-Wuji Tianmao,White-50*30CM-Neutral Light,White-50*30CM-Three Colors,White-50*30CM-Wuji Tianmao,Black-Ceiling Model-40*30CM-Neutral Light,Black-Ceiling Model-40 *30CM-three colors,black-ceiling-40*30CM-Wuji Tianmao,black-ceiling-50*32CM-neutral light,black-ceiling-50*32CM-three colors,black-ceiling-50*32CM-Wuji Tianmao,white-ceiling-40*30CM-neutral light,white-ceiling-40*30CM-three colors,white-ceiling-40*30CM-Wuji Tianmao,white-ceiling-50*32CM-neutral light,white-ceiling-50*32CM-three colors,white-ceiling-50*32CM-Wuji Tianmao,black 35*15CM Neutral light, black 35*15CM three-color light, black 35*15CM stepless dimming, black 42*15CM neutral light, black 42*15CM three-color light, black 42*15CM stepless dimming, white 35*15CM neutral light, white 35*15CM three-color light, white 35*15CM stepless dimming, white 42*15CM neutral light, white 42*15CM three-color light, white 42*15CM Stepless dimming, white &#8211; single head &#8211; 28CM &#8211; three colors, white &#8211; single head &#8211; 28CM &#8211; Tmall, white &#8211; single head &#8211; 28CM &#8211; Xiaoai, white &#8211; two heads &#8211; 80*40CM &#8211; three colors, white &#8211; two heads &#8211; 80*40CM &#8211; Tmall, white &#8211; two heads &#8211; 80*40CM &#8211; Xiaoai, white &#8211; three heads &#8211; 100CM &#8211; three colors, white &#8211; three heads &#8211; 100CM &#8211; Tmall, white &#8211; three heads &#8211; 100CM &#8211; Xiaoai<\/li>\n<li>\n<strong>\u00bfLa l\u00e1mpara tiene una fuente de luz?<\/strong>:S\u00ed<\/li>\n<li>\n<strong>Voltaje<\/strong>:111 V ~ 240 V (inclusive)<\/li>\n<li>\n<strong>Material principal del cuerpo de la l\u00e1mpara.<\/strong>:aluminio<\/li>\n<li>\n<strong>Material principal de la pantalla de la l\u00e1mpara<\/strong>:Pantalla de PMMA de alta transmitancia de luz<\/li>\n<li>\n<strong>tipo de fuente de luz<\/strong>:Luces LED<\/li>\n<li>\n<strong>N\u00famero de fuentes de luz<\/strong>:1<\/li>\n<li>\n<strong>Tecnolog\u00eda<\/strong>:Escarchado de pintura en aerosol<\/li>\n<li>\n<strong>\u00c1rea de irradiaci\u00f3n<\/strong>:5\u33a1-10\u33a1<\/li>\n<li>\n<strong>Tipo de control<\/strong>:Control de voz inteligente<\/li>\n<li>\n<strong>Temperatura de color<\/strong>:Atenuaci\u00f3n continua<\/li>\n<li>\n<strong>Material auxiliar para pantallas de l\u00e1mparas<\/strong>:Pantalla de PMMA de alta transmitancia de luz<\/li>\n<li>\n<strong>Per\u00edodo de garant\u00eda<\/strong>:3 a\u00f1os<\/li>\n<li>\n<strong>Material auxiliar del cuerpo de la l\u00e1mpara<\/strong>:ABS + chasis de hardware<\/li>\n<li>\n<strong>Tipo inteligente<\/strong>:Conectado a Tmall Genie<\/li>\n<li>\n<strong>Ya sea control inteligente<\/strong>:S\u00ed<\/li>\n<li>\n<strong>Forma de la l\u00e1mpara<\/strong>:L\u00e1mpara de ara\u00f1a de l\u00ednea de pescado<\/li>\n<li>\n<strong>N\u00famero de accesorios<\/strong>:10<\/li>\n<li>\n<strong>N\u00famero de cabezales de l\u00e1mpara<\/strong>:1<\/li>\n<li>\n<strong>Tipo de l\u00e1mpara de ara\u00f1a<\/strong>:L\u00e1mpara de ara\u00f1a de aluminio<\/li>\n<li>\n<strong>N\u00famero de certificado 3C<\/strong>:2023371001000064<\/li>\n<\/ul>\n<p><img><\/p>","protected":false},"excerpt":{"rendered":"<p>Marca: Fan Zhen Modelo: D8485 Estilo: Simple y moderno Origen: China continental Temperatura de color de la fuente de luz Valor K: 3000 K-6000 K Ordenar por color: Negro-40 * 27 CM-Luz neutra, Negro-40 * 27 CM-Tres colores, Negro-40 * 27 CM-Wuji Tianmao, Negro-50 * 30 CM-Neutro<\/p>","protected":false},"featured_media":138175,"comment_status":"open","ping_status":"closed","template":"","meta":[],"product_brand":[],"product_cat":[30971,30864],"product_tag":[],"class_list":{"0":"post-79020","1":"product","2":"type-product","3":"status-publish","4":"has-post-thumbnail","6":"product_cat-hp","7":"product_cat-new-wholesales-lights","9":"first","10":"instock","11":"taxable","12":"shipping-taxable","13":"purchasable","14":"product-type-variable"},"_links":{"self":[{"href":"https:\/\/nexgendecors.com\/es\/wp-json\/wp\/v2\/product\/79020","targetHints":{"allow":["GET"]}}],"collection":[{"href":"https:\/\/nexgendecors.com\/es\/wp-json\/wp\/v2\/product"}],"about":[{"href":"https:\/\/nexgendecors.com\/es\/wp-json\/wp\/v2\/types\/product"}],"replies":[{"embeddable":true,"href":"https:\/\/nexgendecors.com\/es\/wp-json\/wp\/v2\/comments?post=79020"}],"version-history":[{"count":0,"href":"https:\/\/nexgendecors.com\/es\/wp-json\/wp\/v2\/product\/79020\/revisions"}],"wp:featuredmedia":[{"embeddable":true,"href":"https:\/\/nexgendecors.com\/es\/wp-json\/wp\/v2\/media\/138175"}],"wp:attachment":[{"href":"https:\/\/nexgendecors.com\/es\/wp-json\/wp\/v2\/media?parent=79020"}],"wp:term":[{"taxonomy":"product_brand","embeddable":true,"href":"https:\/\/nexgendecors.com\/es\/wp-json\/wp\/v2\/product_brand?post=79020"},{"taxonomy":"product_cat","embeddable":true,"href":"https:\/\/nexgendecors.com\/es\/wp-json\/wp\/v2\/product_cat?post=79020"},{"taxonomy":"product_tag","embeddable":true,"href":"https:\/\/nexgendecors.com\/es\/wp-json\/wp\/v2\/product_tag?post=79020"}],"curies":[{"name":"wp","href":"https:\/\/api.w.org\/{rel}","templated":true}]}}