{"id":79167,"date":"2025-01-26T03:38:49","date_gmt":"2025-01-26T03:38:49","guid":{"rendered":"https:\/\/nexgendecors.com\/product\/restaurant-lamp-modern-simple-nordic-lamp-light-luxury-creative-personality-dining-room-three-head-dining-table-lamp-glass-bar-chandelier\/"},"modified":"2025-04-06T09:34:17","modified_gmt":"2025-04-06T09:34:17","slug":"restaurant-lamp-modern-simple-nordic-lamp-light-luxury-creative-personality-dining-room-three-head-dining-table-lamp-glass-bar-chandelier","status":"publish","type":"product","link":"https:\/\/nexgendecors.com\/es\/product\/restaurant-lamp-modern-simple-nordic-lamp-light-luxury-creative-personality-dining-room-three-head-dining-table-lamp-glass-bar-chandelier\/","title":{"rendered":"Nordic Luxury Glass Chandelier for Dining Room"},"content":{"rendered":"<ul>\n<li>\n<strong>marca<\/strong>:Schmidt<\/li>\n<li>\n<strong>modelo<\/strong>:D9238<\/li>\n<li>\n<strong>estilo<\/strong>:Europa del Norte<\/li>\n<li>\n<strong>Valor K de la temperatura de color de la fuente de luz<\/strong>:3000K<\/li>\n<li>\n<strong>ordenar por color<\/strong>:White light (with A60-6W light source) smoky gray lampshade smoky gray lampshade &#8211; warm light &#8211; (with A60-6W light source) smoky gray lampshade &#8211; three-color light change (with large 7W milky white light source) Super value two-pack smoky gray lampshade &#8211; white light (with A60-6W light source) Super value two-pack smoky gray lampshade &#8211; warm light (with A60-6W light source) Super value two-pack smoky gray lampshade &#8211; three-color light change (with large 7W milky white light source) Special three-pack smoky gray lampshade &#8211; white light (with A60-6W light source) Special three-pack smoky gray lampshade &#8211; warm light (with A60-6W light source) Special three-pack smoky gray lampshade &#8211; three-color light change (with large 7W milky white light source) Two-end long plate combination smoky gray &#8211; white light (with A60-6W light source) Two-end long plate combination smoky gray &#8211; warm light (with A60-6W light source) Two-head long plate combination smoke gray &#8211; three-color light change (with large 7W milky white light source) Three-head long plate combination smoke gray &#8211; white light (with A60-6W light source) Three-head long plate combination smoke gray &#8211; warm light (with A60-6W light source) Three-head long plate combination smoke gray &#8211; three-color light change (with large 7W milky white light source) Three-head round plate combination smoke gray &#8211; white light (with A60-6W light source) Three-head round plate combination smoke gray &#8211; warm light (with A60-6W light source) Three-head round plate combination smoke gray &#8211; three-color light change (with large 7W milky white light source) Single-head smoke gray lampshade &#8211; neutral light (with COB10W spotlight) Special two-pack smoke gray lampshade &#8211; neutral light (with COB10W spotlight) Special three-pack smoke gray lampshade &#8211; neutral light (with COB10W spotlight) Two-head long plate combination smoke gray &#8211; neutral light (with COB10W spotlight) Three-head long disc combination smoke gray-neutral light (with COB10W spotlight) Three-head round disc combination smoke gray-neutral light (with COB10W spotlight)<\/li>\n<li>\n<strong>\u00bfLa l\u00e1mpara tiene una fuente de luz?<\/strong>:S\u00ed<\/li>\n<li>\n<strong>Servicio en la ciudad<\/strong>:Log\u00edstica intraurbana de entrega puerta a puerta<\/li>\n<li>\n<strong>Voltaje<\/strong>:111 V ~ 240 V (inclusive)<\/li>\n<li>\n<strong>Material principal del cuerpo de la l\u00e1mpara.<\/strong>:hierro<\/li>\n<li>\n<strong>Material principal de la pantalla de la l\u00e1mpara<\/strong>:Vaso<\/li>\n<li>\n<strong>tipo de fuente de luz<\/strong>:Luces LED<\/li>\n<li>\n<strong>N\u00famero de fuentes de luz<\/strong>:1<\/li>\n<li>\n<strong>Tecnolog\u00eda<\/strong>:Otro<\/li>\n<li>\n<strong>\u00c1rea de irradiaci\u00f3n<\/strong>:5\u33a1-10\u33a1<\/li>\n<li>\n<strong>Tipo de control<\/strong>:Control no inteligente<\/li>\n<li>\n<strong>Material auxiliar para pantallas de l\u00e1mparas<\/strong>:Vaso<\/li>\n<li>\n<strong>Per\u00edodo de garant\u00eda<\/strong>:3 a\u00f1os<\/li>\n<li>\n<strong>Material auxiliar del cuerpo de la l\u00e1mpara<\/strong>:hierro<\/li>\n<li>\n<strong>Tipo inteligente<\/strong>:No hay soporte para smart<\/li>\n<li>\n<strong>Ya sea control inteligente<\/strong>:No<\/li>\n<li>\n<strong>Forma de la l\u00e1mpara<\/strong>:L\u00e1mpara de ara\u00f1a de l\u00ednea de pescado<\/li>\n<li>\n<strong>N\u00famero de cabezales de l\u00e1mpara<\/strong>:1<\/li>\n<li>\n<strong>Tipo de l\u00e1mpara de ara\u00f1a<\/strong>:L\u00e1mpara de ara\u00f1a de hierro forjado<\/li>\n<li>\n<strong>N\u00famero de certificado 3C<\/strong>:2023011001539682<\/li>\n<\/ul>","protected":false},"excerpt":{"rendered":"<p>brand:Schmidt model:D9238 style:Northern Europe Light source color temperature K value:3000K sort by color:White light (with A60-6W light source) smoky gray<\/p>","protected":false},"featured_media":138319,"comment_status":"open","ping_status":"closed","template":"","meta":[],"product_brand":[],"product_cat":[30971,30864],"product_tag":[],"class_list":{"0":"post-79167","1":"product","2":"type-product","3":"status-publish","4":"has-post-thumbnail","6":"product_cat-hp","7":"product_cat-new-wholesales-lights","9":"first","10":"instock","11":"taxable","12":"shipping-taxable","13":"purchasable","14":"product-type-variable"},"_links":{"self":[{"href":"https:\/\/nexgendecors.com\/es\/wp-json\/wp\/v2\/product\/79167","targetHints":{"allow":["GET"]}}],"collection":[{"href":"https:\/\/nexgendecors.com\/es\/wp-json\/wp\/v2\/product"}],"about":[{"href":"https:\/\/nexgendecors.com\/es\/wp-json\/wp\/v2\/types\/product"}],"replies":[{"embeddable":true,"href":"https:\/\/nexgendecors.com\/es\/wp-json\/wp\/v2\/comments?post=79167"}],"version-history":[{"count":0,"href":"https:\/\/nexgendecors.com\/es\/wp-json\/wp\/v2\/product\/79167\/revisions"}],"wp:featuredmedia":[{"embeddable":true,"href":"https:\/\/nexgendecors.com\/es\/wp-json\/wp\/v2\/media\/138319"}],"wp:attachment":[{"href":"https:\/\/nexgendecors.com\/es\/wp-json\/wp\/v2\/media?parent=79167"}],"wp:term":[{"taxonomy":"product_brand","embeddable":true,"href":"https:\/\/nexgendecors.com\/es\/wp-json\/wp\/v2\/product_brand?post=79167"},{"taxonomy":"product_cat","embeddable":true,"href":"https:\/\/nexgendecors.com\/es\/wp-json\/wp\/v2\/product_cat?post=79167"},{"taxonomy":"product_tag","embeddable":true,"href":"https:\/\/nexgendecors.com\/es\/wp-json\/wp\/v2\/product_tag?post=79167"}],"curies":[{"name":"wp","href":"https:\/\/api.w.org\/{rel}","templated":true}]}}