{"id":79193,"date":"2025-01-26T03:38:51","date_gmt":"2025-01-26T03:38:51","guid":{"rendered":"https:\/\/nexgendecors.com\/product\/restaurant-lamp-modern-simple-nordic-light-luxury-home-bar-chandelier-2024-new-guangdong-zhongshan-dining-table-lamp\/"},"modified":"2025-04-06T09:34:20","modified_gmt":"2025-04-06T09:34:20","slug":"restaurant-lamp-modern-simple-nordic-light-luxury-home-bar-chandelier-2024-new-guangdong-zhongshan-dining-table-lamp","status":"publish","type":"product","link":"https:\/\/nexgendecors.com\/es\/product\/restaurant-lamp-modern-simple-nordic-light-luxury-home-bar-chandelier-2024-new-guangdong-zhongshan-dining-table-lamp\/","title":{"rendered":"L\u00e1mpara de mesa de comedor de lujo n\u00f3rdica Zhongshan"},"content":{"rendered":"<ul>\n<li>\n<strong>marca<\/strong>:Schmidt<\/li>\n<li>\n<strong>modelo<\/strong>:DL24012<\/li>\n<li>\n<strong>estilo<\/strong>:Europa del Norte<\/li>\n<li>\n<strong>Valor K de la temperatura de color de la fuente de luz<\/strong>:3000K<\/li>\n<li>\n<strong>ordenar por color<\/strong>:Obsidian black + cyan lampshade &#8211; white light &#8211; 50 watts Obsidian black + cyan lampshade &#8211; warm light &#8211; 50 watts Obsidian black + cyan lampshade &#8211; three-color light change &#8211; 50 watts Obsidian black + smoke gray lampshade &#8211; white light &#8211; 50 watts Obsidian black + smoke gray lampshade &#8211; warm light &#8211; 50 watts Obsidian black + smoke gray lampshade &#8211; three-color light change &#8211; 50 watts Obsidian black + cognac lampshade &#8211; white light &#8211; 50 watts Obsidian black + cognac lampshade &#8211; warm light &#8211; 50 watts Obsidian black + cognac lampshade &#8211; three-color light change &#8211; 50 watts Obsidian black + milky white lampshade &#8211; white light &#8211; 50 watts Obsidian black + milky white lampshade &#8211; warm light &#8211; 50 watts Obsidian black + milky white lampshade &#8211; three-color light change &#8211; 50W streamer gold + cyan lampshade &#8211; white light &#8211; 50W streamer gold + cyan lampshade &#8211; warm light &#8211; 50W streamer gold + cyan lampshade &#8211; three-color light change &#8211; 50W streamer gold + smoke gray lampshade &#8211; white light &#8211; 50W streamer gold + smoke gray lampshade &#8211; warm light &#8211; 50W streamer gold + smoke gray lampshade &#8211; three-color light change &#8211; 50W streamer gold + cognac lampshade &#8211; white light &#8211; 50W streamer gold + cognac lampshade &#8211; warm light &#8211; 50W streamer gold + cognac lampshade &#8211; three-color light change &#8211; 50W package 5 (living room + dining room) &#8211; three-color light change package 6 (living room + dining room) &#8211; three-color light change package 7 (living room + dining room) &#8211; three-color light change<\/li>\n<li>\n<strong>\u00bfLa l\u00e1mpara tiene una fuente de luz?<\/strong>:No<\/li>\n<li>\n<strong>Servicio en la ciudad<\/strong>:Log\u00edstica intraurbana de entrega puerta a puerta<\/li>\n<li>\n<strong>Voltaje<\/strong>:111 V ~ 240 V (inclusive)<\/li>\n<li>\n<strong>Material principal del cuerpo de la l\u00e1mpara.<\/strong>:hierro<\/li>\n<li>\n<strong>Material principal de la pantalla de la l\u00e1mpara<\/strong>:Vaso<\/li>\n<li>\n<strong>tipo de fuente de luz<\/strong>:Luces LED<\/li>\n<li>\n<strong>N\u00famero de fuentes de luz<\/strong>:7<\/li>\n<li>\n<strong>Tecnolog\u00eda<\/strong>:Escarchado de pintura en aerosol<\/li>\n<li>\n<strong>\u00c1rea de irradiaci\u00f3n<\/strong>:10\u33a1-15\u33a1<\/li>\n<li>\n<strong>Tipo de control<\/strong>:Control no inteligente<\/li>\n<li>\n<strong>Material auxiliar para pantallas de l\u00e1mparas<\/strong>:Vaso<\/li>\n<li>\n<strong>Per\u00edodo de garant\u00eda<\/strong>:3 a\u00f1os<\/li>\n<li>\n<strong>Material auxiliar del cuerpo de la l\u00e1mpara<\/strong>:hierro<\/li>\n<li>\n<strong>Tipo inteligente<\/strong>:No hay soporte para smart<\/li>\n<li>\n<strong>Ya sea control inteligente<\/strong>:No<\/li>\n<li>\n<strong>Forma de la l\u00e1mpara<\/strong>:L\u00e1mpara de ara\u00f1a de l\u00ednea de pescado<\/li>\n<li>\n<strong>N\u00famero de cabezales de l\u00e1mpara<\/strong>:7<\/li>\n<li>\n<strong>Tipo de l\u00e1mpara de ara\u00f1a<\/strong>:L\u00e1mpara de ara\u00f1a de cristal<\/li>\n<li>\n<strong>N\u00famero de certificado 3C<\/strong>:2023011001539682<\/li>\n<\/ul>","protected":false},"excerpt":{"rendered":"<p>brand:Schmidt model:DL24012 style:Northern Europe Light source color temperature K value:3000K sort by color:Obsidian black + cyan lampshade &#8211; white light<\/p>","protected":false},"featured_media":138347,"comment_status":"open","ping_status":"closed","template":"","meta":[],"product_brand":[],"product_cat":[30971,30864],"product_tag":[],"class_list":{"0":"post-79193","1":"product","2":"type-product","3":"status-publish","4":"has-post-thumbnail","6":"product_cat-hp","7":"product_cat-new-wholesales-lights","9":"first","10":"instock","11":"taxable","12":"shipping-taxable","13":"purchasable","14":"product-type-variable"},"_links":{"self":[{"href":"https:\/\/nexgendecors.com\/es\/wp-json\/wp\/v2\/product\/79193","targetHints":{"allow":["GET"]}}],"collection":[{"href":"https:\/\/nexgendecors.com\/es\/wp-json\/wp\/v2\/product"}],"about":[{"href":"https:\/\/nexgendecors.com\/es\/wp-json\/wp\/v2\/types\/product"}],"replies":[{"embeddable":true,"href":"https:\/\/nexgendecors.com\/es\/wp-json\/wp\/v2\/comments?post=79193"}],"version-history":[{"count":0,"href":"https:\/\/nexgendecors.com\/es\/wp-json\/wp\/v2\/product\/79193\/revisions"}],"wp:featuredmedia":[{"embeddable":true,"href":"https:\/\/nexgendecors.com\/es\/wp-json\/wp\/v2\/media\/138347"}],"wp:attachment":[{"href":"https:\/\/nexgendecors.com\/es\/wp-json\/wp\/v2\/media?parent=79193"}],"wp:term":[{"taxonomy":"product_brand","embeddable":true,"href":"https:\/\/nexgendecors.com\/es\/wp-json\/wp\/v2\/product_brand?post=79193"},{"taxonomy":"product_cat","embeddable":true,"href":"https:\/\/nexgendecors.com\/es\/wp-json\/wp\/v2\/product_cat?post=79193"},{"taxonomy":"product_tag","embeddable":true,"href":"https:\/\/nexgendecors.com\/es\/wp-json\/wp\/v2\/product_tag?post=79193"}],"curies":[{"name":"wp","href":"https:\/\/api.w.org\/{rel}","templated":true}]}}