{"id":79236,"date":"2025-01-26T03:38:58","date_gmt":"2025-01-26T03:38:58","guid":{"rendered":"https:\/\/nexgendecors.com\/product\/retro-art-above-counter-basin-oval-wash-basin-single-basin-home-bathroom-wash-basin-creative-ceramic-wash-basin-2\/"},"modified":"2025-04-06T09:34:24","modified_gmt":"2025-04-06T09:34:24","slug":"retro-art-above-counter-basin-oval-wash-basin-single-basin-home-bathroom-wash-basin-creative-ceramic-wash-basin-2","status":"publish","type":"product","link":"https:\/\/nexgendecors.com\/es\/product\/retro-art-above-counter-basin-oval-wash-basin-single-basin-home-bathroom-wash-basin-creative-ceramic-wash-basin-2\/","title":{"rendered":"Lavabo retro ovalado de cer\u00e1mica para ba\u00f1o dom\u00e9stico"},"content":{"rendered":"<ul>\n<li>\n<strong>\u54c1\u724c<\/strong>:\u666f\u7964<\/li>\n<li>\n<strong>\u578b\u53f7<\/strong>:7.11<\/li>\n<li>\n<strong>\u9f99\u5934\u5f00\u5b54<\/strong>:\u5355\u5b54<\/li>\n<li>\n<strong>\u4ea7\u5730<\/strong>:\u4e2d\u56fd\u5927\u9646<\/li>\n<li>\n<strong>\u7701\u4efd<\/strong>:\u6c5f\u897f\u7701<\/li>\n<li>\n<strong>\u5730\u5e02<\/strong>:\u666f\u5fb7\u9547\u5e02<\/li>\n<li>\n<strong>\u6750\u8d28<\/strong>:\u9676\u74f7<\/li>\n<li>\n<strong>\u540c\u57ce\u670d\u52a1<\/strong>:\u540c\u57ce\u7269\u6d41\u9001\u8d27\u4e0a\u95e8<\/li>\n<li>\n<strong>\u989c\u8272\u5206\u7c7b<\/strong>:\u5927\u51ac\u74dc\u5355\u76c6 \u5927\u51ac\u74dc\u76c6+\u9ed1\u65b9\u7cbe\u94dc\u9f99\u5934 \u5c0f\u51ac\u74dc\u5355\u76c6 \u5c0f\u51ac\u74dc\u76c6+\u9ed1\u65b9\u7cbe\u94dc\u9f99\u5934 \u5927\u692d\u5706\u5355\u76c6 \u5927\u692d\u5706\u76c6+\u9ed1\u65b9\u7cbe\u94dc\u9f99\u5934 \u5c0f\u692d\u5706\u5355\u76c6 \u5c0f\u692d\u5706\u76c6+\u9ed1\u65b9\u7cbe\u94dc\u9f99\u5934 \u5e26\u5b54\u5927\u51ac\u74dc\u5355\u76c6 \u5e26\u5b54\u5927\u51ac\u74dc\u76c6+\u9ed1\u65b9\u7cbe\u94dc\u9f99\u5934 \u5e26\u5b54\u5c0f\u51ac\u74dc\u5355\u76c6 \u5e26\u5b54\u5c0f\u51ac\u74dc\u76c6+\u9ed1\u65b9\u7cbe\u94dc\u9f99\u5934 \u76f4\u7b52\u5355\u76c6 \u76f4\u7b52\u76c6+\u7cbe\u94dc\u9f99\u5934\u5957\u88c5 \u5c0f\u5143\u5b9d\u5355\u76c6 \u5c0f\u5143\u5b9d\u76c6\uff0b\u9ed1\u65b9\u7cbe\u94dc\u9f99\u5934 \u7f57\u6c49\u5355\u76c6 \u7f57\u6c49\u76c6+\u9ed1\u65b9\u7cbe\u94dc\u9f99\u5934 \u5c0f\u6b63\u65b9\u5355\u76c6 \u5c0f\u6b63\u65b9\u5355\u76c6+\u9ed1\u65b9\u7cbe\u94dc\u9f99\u5934<\/li>\n<li>\n<strong><\/strong>:<\/li>\n<\/ul>\n<p><img><\/p>","protected":false},"excerpt":{"rendered":"<p>\u54c1\u724c:\u666f\u7964 \u578b\u53f7:7.11 \u9f99\u5934\u5f00\u5b54:\u5355\u5b54 \u4ea7\u5730:\u4e2d\u56fd\u5927\u9646 \u7701\u4efd:\u6c5f\u897f\u7701 \u5730\u5e02:\u666f\u5fb7\u9547\u5e02 \u6750\u8d28:\u9676\u74f7 \u540c\u57ce\u670d\u52a1:\u540c\u57ce\u7269\u6d41\u9001\u8d27\u4e0a\u95e8 \u989c\u8272\u5206\u7c7b:\u5927\u51ac\u74dc\u5355\u76c6 \u5927\u51ac\u74dc\u76c6+\u9ed1\u65b9\u7cbe\u94dc\u9f99\u5934 \u5c0f\u51ac\u74dc\u5355\u76c6 \u5c0f\u51ac\u74dc\u76c6+\u9ed1\u65b9\u7cbe\u94dc\u9f99\u5934 \u5927\u692d\u5706\u5355\u76c6 \u5927\u692d\u5706\u76c6+\u9ed1\u65b9\u7cbe\u94dc\u9f99\u5934 \u5c0f\u692d\u5706\u5355\u76c6 \u5c0f\u692d\u5706\u76c6+\u9ed1\u65b9\u7cbe\u94dc\u9f99\u5934 \u5e26\u5b54\u5927\u51ac\u74dc\u5355\u76c6 \u5e26\u5b54\u5927\u51ac\u74dc\u76c6+\u9ed1\u65b9\u7cbe\u94dc\u9f99\u5934 \u5e26\u5b54\u5c0f\u51ac\u74dc\u5355\u76c6 \u5e26\u5b54\u5c0f\u51ac\u74dc\u76c6+\u9ed1\u65b9\u7cbe\u94dc\u9f99\u5934<\/p>","protected":false},"featured_media":138361,"comment_status":"open","ping_status":"closed","template":"","meta":[],"product_brand":[],"product_cat":[30971,30880],"product_tag":[],"class_list":{"0":"post-79236","1":"product","2":"type-product","3":"status-publish","4":"has-post-thumbnail","6":"product_cat-hp","7":"product_cat-wholesales-bathroom-sink","9":"first","10":"instock","11":"taxable","12":"shipping-taxable","13":"purchasable","14":"product-type-variable"},"_links":{"self":[{"href":"https:\/\/nexgendecors.com\/es\/wp-json\/wp\/v2\/product\/79236","targetHints":{"allow":["GET"]}}],"collection":[{"href":"https:\/\/nexgendecors.com\/es\/wp-json\/wp\/v2\/product"}],"about":[{"href":"https:\/\/nexgendecors.com\/es\/wp-json\/wp\/v2\/types\/product"}],"replies":[{"embeddable":true,"href":"https:\/\/nexgendecors.com\/es\/wp-json\/wp\/v2\/comments?post=79236"}],"version-history":[{"count":0,"href":"https:\/\/nexgendecors.com\/es\/wp-json\/wp\/v2\/product\/79236\/revisions"}],"wp:featuredmedia":[{"embeddable":true,"href":"https:\/\/nexgendecors.com\/es\/wp-json\/wp\/v2\/media\/138361"}],"wp:attachment":[{"href":"https:\/\/nexgendecors.com\/es\/wp-json\/wp\/v2\/media?parent=79236"}],"wp:term":[{"taxonomy":"product_brand","embeddable":true,"href":"https:\/\/nexgendecors.com\/es\/wp-json\/wp\/v2\/product_brand?post=79236"},{"taxonomy":"product_cat","embeddable":true,"href":"https:\/\/nexgendecors.com\/es\/wp-json\/wp\/v2\/product_cat?post=79236"},{"taxonomy":"product_tag","embeddable":true,"href":"https:\/\/nexgendecors.com\/es\/wp-json\/wp\/v2\/product_tag?post=79236"}],"curies":[{"name":"wp","href":"https:\/\/api.w.org\/{rel}","templated":true}]}}