{"id":79257,"date":"2025-01-26T03:39:00","date_gmt":"2025-01-26T03:39:00","guid":{"rendered":"https:\/\/nexgendecors.com\/product\/retro-bar-tea-shop-coffee-shop-table-and-chair-combination-tavern-book-bar-dessert-shop-leisure-negotiation-sofa-commercial\/"},"modified":"2025-03-07T13:36:26","modified_gmt":"2025-03-07T13:36:26","slug":"retro-bar-tea-shop-coffee-shop-table-and-chair-combination-tavern-book-bar-dessert-shop-leisure-negotiation-sofa-commercial","status":"publish","type":"product","link":"https:\/\/nexgendecors.com\/es\/product\/retro-bar-tea-shop-coffee-shop-table-and-chair-combination-tavern-book-bar-dessert-shop-leisure-negotiation-sofa-commercial\/","title":{"rendered":"Muebles de cafeter\u00eda retro chic: mesas, sillas y sof\u00e1s"},"content":{"rendered":"<ul>\n<li>\n<strong>estilo<\/strong>:Cl\u00e1sico<\/li>\n<li>\n<strong>ordenar por color<\/strong>:A single chair, A double chair, A-2 single combination [1 table + 2 chairs], A-3 single combination [1 table + 3 chairs], A-4 single combination [2 tables + 4 chairs], A-negotiation combination [2 single + double + 2 tables], copper coin single chair, copper coin double chair, copper coin-single combination [1 table + 2 chairs], copper coin-3 single combination [1 table + 3 chairs], copper coin-4 single combination [2 tables + 4 chairs], copper coin-negotiation combination [2 single + double + 2 tables], B single chair ,B-double chair,B-2 single combination [1 table + 2 chairs],B-3 single combination [1 table + 3 chairs],B-4 single combination [2 tables + 4 chairs],B-negotiation combination [2 single + double + 2 tables],Copper coin-single seat [B],Copper coin-double seat [B],Copper coin-two single combination [B],Copper coin-three single combination [B],Copper coin-negotiation combination [B],Copper coin-four single combination [B],Triangle iron frame table,Material and color can be customized<\/li>\n<li>\n<strong>Tipo de paquete<\/strong>:Est\u00e1ndar oficial<\/li>\n<li>\n<strong>Relleno<\/strong>:esponja<\/li>\n<li>\n<strong><\/strong>:<\/li>\n<\/ul>\n<p><img><\/p>","protected":false},"excerpt":{"rendered":"<p>Estilo: Cl\u00e1sico Ordenar por color: Silla individual, Silla doble, Combinaci\u00f3n individual A-2 [1 mesa + 2 sillas], Combinaci\u00f3n individual A-3<\/p>","protected":false},"featured_media":138395,"comment_status":"open","ping_status":"closed","template":"","meta":[],"product_brand":[],"product_cat":[30862,30971,30860],"product_tag":[],"class_list":{"0":"post-79257","1":"product","2":"type-product","3":"status-publish","4":"has-post-thumbnail","6":"product_cat-wholesales-hotels","7":"product_cat-hp","8":"product_cat-wholesale-restaurant","10":"first","11":"instock","12":"sale","13":"taxable","14":"shipping-taxable","15":"purchasable","16":"product-type-variable"},"_links":{"self":[{"href":"https:\/\/nexgendecors.com\/es\/wp-json\/wp\/v2\/product\/79257","targetHints":{"allow":["GET"]}}],"collection":[{"href":"https:\/\/nexgendecors.com\/es\/wp-json\/wp\/v2\/product"}],"about":[{"href":"https:\/\/nexgendecors.com\/es\/wp-json\/wp\/v2\/types\/product"}],"replies":[{"embeddable":true,"href":"https:\/\/nexgendecors.com\/es\/wp-json\/wp\/v2\/comments?post=79257"}],"version-history":[{"count":0,"href":"https:\/\/nexgendecors.com\/es\/wp-json\/wp\/v2\/product\/79257\/revisions"}],"wp:featuredmedia":[{"embeddable":true,"href":"https:\/\/nexgendecors.com\/es\/wp-json\/wp\/v2\/media\/138395"}],"wp:attachment":[{"href":"https:\/\/nexgendecors.com\/es\/wp-json\/wp\/v2\/media?parent=79257"}],"wp:term":[{"taxonomy":"product_brand","embeddable":true,"href":"https:\/\/nexgendecors.com\/es\/wp-json\/wp\/v2\/product_brand?post=79257"},{"taxonomy":"product_cat","embeddable":true,"href":"https:\/\/nexgendecors.com\/es\/wp-json\/wp\/v2\/product_cat?post=79257"},{"taxonomy":"product_tag","embeddable":true,"href":"https:\/\/nexgendecors.com\/es\/wp-json\/wp\/v2\/product_tag?post=79257"}],"curies":[{"name":"wp","href":"https:\/\/api.w.org\/{rel}","templated":true}]}}