{"id":79313,"date":"2025-01-26T03:39:05","date_gmt":"2025-01-26T03:39:05","guid":{"rendered":"https:\/\/nexgendecors.com\/product\/retro-coffee-shop-tea-shop-book-bar-table-and-chair-combination-homestay-bar-restaurant-booth-sofa-reception-negotiation-and-leisure\/"},"modified":"2025-04-06T09:34:31","modified_gmt":"2025-04-06T09:34:31","slug":"retro-coffee-shop-tea-shop-book-bar-table-and-chair-combination-homestay-bar-restaurant-booth-sofa-reception-negotiation-and-leisure","status":"publish","type":"product","link":"https:\/\/nexgendecors.com\/es\/product\/retro-coffee-shop-tea-shop-book-bar-table-and-chair-combination-homestay-bar-restaurant-booth-sofa-reception-negotiation-and-leisure\/","title":{"rendered":"Cafeter\u00eda y librer\u00eda retro con encanto: asientos y ambiente acogedores"},"content":{"rendered":"<ul>\n<li>\n<strong>estilo<\/strong>:Cl\u00e1sico<\/li>\n<li>\n<strong>ordenar por color<\/strong>:Single combination [single seat * 2 + small round table], double combination [double seat * 2 + 1.2 meters long table], three single combination [single seat * 3 + small round table], negotiation combination [single * 2 + double + 1.2 meters long table], four single combination [single seat * 4 + 1.2 meters long table], three-person combination [three-person * 2 + 1.4 meters long table], six-person combination [double seat * 2 + single seat * 2 + 2 tables], single seat [coffee color], single seat [khaki], single seat [Emma Orange], single seat [classic black], single seat [military green], single seat [dark gray], single seat [beige gray], double seat [color notes], three-person seat [color notes], four-person seat [color notes], 0.6M small round table \/ small square table, 1.2M oval table \/ rectangular table, 1.4M oval table \/ rectangular table, color customization contact customer service<\/li>\n<li>\n<strong>Tipo de paquete<\/strong>:Est\u00e1ndar oficial<\/li>\n<li>\n<strong>Relleno<\/strong>:esponja<\/li>\n<li>\n<strong><\/strong>:<\/li>\n<\/ul>","protected":false},"excerpt":{"rendered":"<p>Estilo: Cl\u00e1sico Ordenar por color: Combinaci\u00f3n simple [asiento simple * 2 + mesa redonda peque\u00f1a], combinaci\u00f3n doble [asiento doble * 2 + mesa redonda peque\u00f1a]<\/p>","protected":false},"featured_media":138409,"comment_status":"open","ping_status":"closed","template":"","meta":[],"product_brand":[],"product_cat":[30897,30862,30971,30860],"product_tag":[],"class_list":{"0":"post-79313","1":"product","2":"type-product","3":"status-publish","4":"has-post-thumbnail","6":"product_cat-bs-restaurant","7":"product_cat-wholesales-hotels","8":"product_cat-hp","9":"product_cat-wholesale-restaurant","11":"first","12":"instock","13":"sale","14":"taxable","15":"shipping-taxable","16":"purchasable","17":"product-type-variable"},"_links":{"self":[{"href":"https:\/\/nexgendecors.com\/es\/wp-json\/wp\/v2\/product\/79313","targetHints":{"allow":["GET"]}}],"collection":[{"href":"https:\/\/nexgendecors.com\/es\/wp-json\/wp\/v2\/product"}],"about":[{"href":"https:\/\/nexgendecors.com\/es\/wp-json\/wp\/v2\/types\/product"}],"replies":[{"embeddable":true,"href":"https:\/\/nexgendecors.com\/es\/wp-json\/wp\/v2\/comments?post=79313"}],"version-history":[{"count":0,"href":"https:\/\/nexgendecors.com\/es\/wp-json\/wp\/v2\/product\/79313\/revisions"}],"wp:featuredmedia":[{"embeddable":true,"href":"https:\/\/nexgendecors.com\/es\/wp-json\/wp\/v2\/media\/138409"}],"wp:attachment":[{"href":"https:\/\/nexgendecors.com\/es\/wp-json\/wp\/v2\/media?parent=79313"}],"wp:term":[{"taxonomy":"product_brand","embeddable":true,"href":"https:\/\/nexgendecors.com\/es\/wp-json\/wp\/v2\/product_brand?post=79313"},{"taxonomy":"product_cat","embeddable":true,"href":"https:\/\/nexgendecors.com\/es\/wp-json\/wp\/v2\/product_cat?post=79313"},{"taxonomy":"product_tag","embeddable":true,"href":"https:\/\/nexgendecors.com\/es\/wp-json\/wp\/v2\/product_tag?post=79313"}],"curies":[{"name":"wp","href":"https:\/\/api.w.org\/{rel}","templated":true}]}}