{"id":79513,"date":"2025-01-26T03:39:39","date_gmt":"2025-01-26T03:39:39","guid":{"rendered":"https:\/\/nexgendecors.com\/product\/italian-minimalist-roach-castle-football-sofa-single-seat-internet-celebrity-bubble-bubble-designer-pumpkin-lazy-sofa\/"},"modified":"2025-04-06T09:34:57","modified_gmt":"2025-04-06T09:34:57","slug":"italian-minimalist-roach-castle-football-sofa-single-seat-internet-celebrity-bubble-bubble-designer-pumpkin-lazy-sofa","status":"publish","type":"product","link":"https:\/\/nexgendecors.com\/es\/product\/italian-minimalist-roach-castle-football-sofa-single-seat-internet-celebrity-bubble-bubble-designer-pumpkin-lazy-sofa\/","title":{"rendered":"Sof\u00e1 Roach Castle Bubble Pumpkin: estilo minimalista italiano"},"content":{"rendered":"<ul>\n<li>\n<strong>marca<\/strong>: Fei Shang Li Jia<\/li>\n<li>\n<strong>modelo<\/strong>:FSLJ-ZQSF<\/li>\n<li>\n<strong>Material<\/strong>:esponja<\/li>\n<li>\n<strong>Tela<\/strong>:3D Fabrics<\/li>\n<li>\n<strong>patr\u00f3n<\/strong>:Arte<\/li>\n<li>\n<strong>estilo<\/strong>:minimalismo italiano<\/li>\n<li>\n<strong>\u00bfCu\u00e1ntas personas se sientan?<\/strong>:Single (118*115*68cm) + footstool (80*36cm) Single (118*115*68cm) without footstool<\/li>\n<li>\n<strong>ordenar por color<\/strong>:Fruit green [one-piece shaping cotton + 3D magic picture fabric] Klein blue [one-piece shaping cotton + 3D magic picture fabric] Red [one-piece shaping cotton + 3D magic picture fabric] Orange [one-piece shaping cotton + 3D magic picture fabric] Purple [one-piece shaping cotton + 3D magic picture fabric] Gray [one-piece shaping cotton + 3D magic picture fabric] One-piece high-purity shaping cotton + imported thickened 3D stereoscopic magic picture fabric [customized price supplement special shooting]<\/li>\n<li>\n<strong>Relleno<\/strong>:esponja<\/li>\n<li>\n<strong>\u00bfEs personalizable?<\/strong>:S\u00ed<\/li>\n<li>\n<strong>Combinaci\u00f3n de sof\u00e1s<\/strong>:otro<\/li>\n<li>\n<strong>\u00bfEs desmontable y lavable?<\/strong>:No<\/li>\n<li>\n<strong>Caracter\u00edsticas adicionales<\/strong>:Otro<\/li>\n<li>\n<strong>Adecuado<\/strong>:General<\/li>\n<li>\n<strong>\u00bfHay espacio de almacenamiento?<\/strong>:No<\/li>\n<li>\n<strong>Entrega\/instalaci\u00f3n disponible<\/strong>:Other cities in China Nanchang Harbin Dalian Shenyang Xi&#8217;an Guiyang Zhengzhou Jinhua Changsha Beijing Changzhou Shanghai Dongguan Guangzhou Foshan Shenzhen Hangzhou Fuzhou Ningbo Wenzhou Nanjing Chengdu Nanning Qingdao Suzhou Taizhou Tianjin Wuxi Wuhan Xiamen Chongqing<\/li>\n<li>\n<strong>Origen<\/strong>:Provincia de Hebei<\/li>\n<li>\n<strong>Armar<\/strong>:No<\/li>\n<li>\n<strong>volumen del paquete<\/strong>:1<\/li>\n<li>\n<strong>\u00bfEst\u00e1 disponible la preventa?<\/strong>:S\u00ed<\/li>\n<li>\n<strong>\u00bfHay taxi disponible para transporte?<\/strong>:No<\/li>\n<li>\n<strong>Dureza del relleno<\/strong>:Dureza y suavidad moderadas.<\/li>\n<li>\n<strong>Posicionamiento de estilo<\/strong>:Estilo art\u00edstico<\/li>\n<li>\n<strong>Detalles de las instrucciones de instalaci\u00f3n<\/strong>:No hay instrucciones de instalaci\u00f3n<\/li>\n<\/ul>\n<p><img><\/p>","protected":false},"excerpt":{"rendered":"<p>Marca: Fei Shang Li Jia Modelo: FSLJ-ZQSF Material: esponja Tela: Telas 3D Patr\u00f3n: Arte Estilo: minimalismo italiano Cu\u00e1ntas personas se sientan: Individual (118*115*68cm) + reposapi\u00e9s (80*36cm) Individual<\/p>","protected":false},"featured_media":138578,"comment_status":"open","ping_status":"closed","template":"","meta":[],"product_brand":[],"product_cat":[30902,30855,30862,30971,30865,30850],"product_tag":[],"class_list":{"0":"post-79513","1":"product","2":"type-product","3":"status-publish","4":"has-post-thumbnail","6":"product_cat-bs-chairs","7":"product_cat-wholesale-chairs","8":"product_cat-wholesales-hotels","9":"product_cat-hp","10":"product_cat-wholesales-salons-shops","11":"product_cat-wholesale-furniture","13":"first","14":"instock","15":"taxable","16":"shipping-taxable","17":"purchasable","18":"product-type-variable"},"_links":{"self":[{"href":"https:\/\/nexgendecors.com\/es\/wp-json\/wp\/v2\/product\/79513","targetHints":{"allow":["GET"]}}],"collection":[{"href":"https:\/\/nexgendecors.com\/es\/wp-json\/wp\/v2\/product"}],"about":[{"href":"https:\/\/nexgendecors.com\/es\/wp-json\/wp\/v2\/types\/product"}],"replies":[{"embeddable":true,"href":"https:\/\/nexgendecors.com\/es\/wp-json\/wp\/v2\/comments?post=79513"}],"version-history":[{"count":0,"href":"https:\/\/nexgendecors.com\/es\/wp-json\/wp\/v2\/product\/79513\/revisions"}],"wp:featuredmedia":[{"embeddable":true,"href":"https:\/\/nexgendecors.com\/es\/wp-json\/wp\/v2\/media\/138578"}],"wp:attachment":[{"href":"https:\/\/nexgendecors.com\/es\/wp-json\/wp\/v2\/media?parent=79513"}],"wp:term":[{"taxonomy":"product_brand","embeddable":true,"href":"https:\/\/nexgendecors.com\/es\/wp-json\/wp\/v2\/product_brand?post=79513"},{"taxonomy":"product_cat","embeddable":true,"href":"https:\/\/nexgendecors.com\/es\/wp-json\/wp\/v2\/product_cat?post=79513"},{"taxonomy":"product_tag","embeddable":true,"href":"https:\/\/nexgendecors.com\/es\/wp-json\/wp\/v2\/product_tag?post=79513"}],"curies":[{"name":"wp","href":"https:\/\/api.w.org\/{rel}","templated":true}]}}