{"id":79530,"date":"2025-01-26T03:39:42","date_gmt":"2025-01-26T03:39:42","guid":{"rendered":"https:\/\/nexgendecors.com\/product\/rochburg-intermede-fabric-retro-tire-sofa-living-room-small-apartment-designer-sofa-simple-internet-celebrity\/"},"modified":"2025-04-06T09:35:02","modified_gmt":"2025-04-06T09:35:02","slug":"rochburg-intermede-fabric-retro-tire-sofa-living-room-small-apartment-designer-sofa-simple-internet-celebrity","status":"publish","type":"product","link":"https:\/\/nexgendecors.com\/es\/product\/rochburg-intermede-fabric-retro-tire-sofa-living-room-small-apartment-designer-sofa-simple-internet-celebrity\/","title":{"rendered":"Sof\u00e1 Rochburg Intermede Retro con neum\u00e1ticos para espacios peque\u00f1os"},"content":{"rendered":"<ul>\n<li>\n<strong>\u00bfHay espacio de almacenamiento?<\/strong>:No<\/li>\n<li>\n<strong>estilo<\/strong>:Estilo Crema<\/li>\n<li>\n<strong>Armar<\/strong>:No<\/li>\n<li>\n<strong>Tela<\/strong>:Osito de peluche de terciopelo<\/li>\n<li>\n<strong>Caracter\u00edsticas adicionales<\/strong>:Otro<\/li>\n<li>\n<strong>Relleno<\/strong>:esponja<\/li>\n<li>\n<strong>Combinaci\u00f3n de sof\u00e1s<\/strong>:derecho<\/li>\n<li>\n<strong>Posicionamiento de estilo<\/strong>:Estilo art\u00edstico<\/li>\n<li>\n<strong>ordenar por color<\/strong>:Off-white, chocolate, brown, gray, light gray, carmine, lichen green, khaki yellow, sapin green, smoked black, satin green, color card for sample shooting<\/li>\n<li>\n<strong>marca<\/strong>:#0 F\u00e1brica<\/li>\n<li>\n<strong>modelo<\/strong>:A020<\/li>\n<li>\n<strong>elementos populares<\/strong>:arco<\/li>\n<li>\n<strong>Dureza del relleno<\/strong>:Dureza y suavidad moderadas.<\/li>\n<li>\n<strong>Adecuado<\/strong>:General<\/li>\n<li>\n<strong>Tecnolog\u00eda estructural<\/strong>:Artesan\u00eda en madera<\/li>\n<li>\n<strong>\u00bfEs personalizable?<\/strong>:S\u00ed<\/li>\n<li>\n<strong>\u00bfEs desmontable y lavable?<\/strong>:No<\/li>\n<li>\n<strong>Material<\/strong>:Tela<\/li>\n<li>\n<strong>Detalles de las instrucciones de instalaci\u00f3n<\/strong>:Entrega e instalaci\u00f3n incluidas<\/li>\n<li>\n<strong>\u00bfCu\u00e1ntas personas se sientan?<\/strong>:Single 146CM*106CM*69CM, Double 176CM*106CM*69CM, Triple 206CM*106CM*69CM, Four 236CM*106CM*69CM, Four 250CM*106CM*69CM, Five 270CM*106CM*69CM, Multi 296CM*106CM*69CM, Chaise longue 326CM*106CM*69CM<\/li>\n<li>\n<strong>patr\u00f3n<\/strong>:Otro<\/li>\n<li>\n<strong>\u00bfHay taxi disponible para transporte?<\/strong>:No<\/li>\n<li>\n<strong>Proceso de acabado de tejidos<\/strong>:Sanded<\/li>\n<li>\n<strong>Entrega\/instalaci\u00f3n disponible<\/strong>:Foshan, Zhengzhou, Guiyang, Guangzhou, Fuzhou, Harbin, Xiamen, Chongqing, Changzhou, Suzhou, Xi&#8217;an, Shenzhen, Nanjing, Changsha, Beijing, Qingdao, Wuxi, Chengdu, Shanghai, Wuhan, Nanning, Taizhou, Dongguan, Tianjin, Jinhua, Hangzhou, Nanchang, Ningbo, Wenzhou<\/li>\n<\/ul>","protected":false},"excerpt":{"rendered":"<p>Is there storage space?:no style:Cream Style Assemble:no Fabric:Teddy Velvet Additional features:Other Filling:sponge Sofa combination:straight Style positioning:Artistic style sort by color:Off-white,<\/p>","protected":false},"featured_media":138589,"comment_status":"open","ping_status":"closed","template":"","meta":[],"product_brand":[],"product_cat":[30862,30971,30856,30850],"product_tag":[],"class_list":{"0":"post-79530","1":"product","2":"type-product","3":"status-publish","4":"has-post-thumbnail","6":"product_cat-wholesales-hotels","7":"product_cat-hp","8":"product_cat-outdoor-furniture","9":"product_cat-wholesale-furniture","11":"first","12":"instock","13":"taxable","14":"shipping-taxable","15":"purchasable","16":"product-type-variable"},"_links":{"self":[{"href":"https:\/\/nexgendecors.com\/es\/wp-json\/wp\/v2\/product\/79530","targetHints":{"allow":["GET"]}}],"collection":[{"href":"https:\/\/nexgendecors.com\/es\/wp-json\/wp\/v2\/product"}],"about":[{"href":"https:\/\/nexgendecors.com\/es\/wp-json\/wp\/v2\/types\/product"}],"replies":[{"embeddable":true,"href":"https:\/\/nexgendecors.com\/es\/wp-json\/wp\/v2\/comments?post=79530"}],"version-history":[{"count":0,"href":"https:\/\/nexgendecors.com\/es\/wp-json\/wp\/v2\/product\/79530\/revisions"}],"wp:featuredmedia":[{"embeddable":true,"href":"https:\/\/nexgendecors.com\/es\/wp-json\/wp\/v2\/media\/138589"}],"wp:attachment":[{"href":"https:\/\/nexgendecors.com\/es\/wp-json\/wp\/v2\/media?parent=79530"}],"wp:term":[{"taxonomy":"product_brand","embeddable":true,"href":"https:\/\/nexgendecors.com\/es\/wp-json\/wp\/v2\/product_brand?post=79530"},{"taxonomy":"product_cat","embeddable":true,"href":"https:\/\/nexgendecors.com\/es\/wp-json\/wp\/v2\/product_cat?post=79530"},{"taxonomy":"product_tag","embeddable":true,"href":"https:\/\/nexgendecors.com\/es\/wp-json\/wp\/v2\/product_tag?post=79530"}],"curies":[{"name":"wp","href":"https:\/\/api.w.org\/{rel}","templated":true}]}}