{"id":79628,"date":"2025-01-26T03:39:48","date_gmt":"2025-01-26T03:39:48","guid":{"rendered":"https:\/\/nexgendecors.com\/product\/rock-cloud-portable-camping-table-ultralight-aluminum-camp-table-with-storage-bag-folding-beach-table-for-camping-hiking-backpacking-outdoor-picnic1706339193950\/"},"modified":"2025-04-06T09:35:06","modified_gmt":"2025-04-06T09:35:06","slug":"mesa-de-camping-portatil-rock-cloud-ultraligera-de-aluminio-con-bolsa-de-almacenamiento-plegable-para-playa-camping-senderismo-mochilerismo-picnic-al-aire-libre-1706339193950","status":"publish","type":"product","link":"https:\/\/nexgendecors.com\/es\/product\/mesa-de-camping-portatil-rock-cloud-ultraligera-de-aluminio-con-bolsa-de-almacenamiento-plegable-para-playa-camping-senderismo-mochilerismo-picnic-al-aire-libre-1706339193950\/","title":{"rendered":"Mesa de camping plegable ultraligera con bolsa ROCK CLOUD"},"content":{"rendered":"<p><strong>\u00a1Mejora tu experiencia al aire libre con la mesa de camping ultraligera ROCK CLOUD!<\/strong><\/p>\n<p>\ud83c\udfd5\ufe0f <strong>Compa\u00f1ero perfecto para aventuras al aire libre<\/strong>Ya sea que est\u00e9s de camping, haciendo senderismo, haciendo un picnic, pescando o en la playa, nuestra mesa de camping port\u00e1til de alta calidad mejorar\u00e1 tu experiencia. \u00a1Tambi\u00e9n es ideal para usar en interiores, aportando comodidad dondequiera que vayas! \ud83c\udfd5\ufe0f<\/p>\n<p>\ud83c\udf1f <strong>Tableros de mesa plegables mejorados<\/strong>:Con una conexi\u00f3n con bisagras \u00fanica, nuestras nuevas y mejoradas superficies de mesa son ultraduraderas y estables, y brindan una superficie confiable para todas sus actividades. \ud83c\udf1f<\/p>\n<p>\ud83c\udf92 <strong>Dise\u00f1o innovador de bolsa de almacenamiento<\/strong>Nuestra mesa incluye una bolsa de almacenamiento especialmente dise\u00f1ada que se fija f\u00e1cilmente a la estructura con velcro. Disfruta de espacio adicional para guardar tus art\u00edculos esenciales y mantener tu espacio al aire libre m\u00e1s organizado que nunca. Fabricada con poli\u00e9ster 600D resistente e impermeable, est\u00e1 dise\u00f1ada para durar. \ud83c\udf92<\/p>\n<p>\ud83d\udca7 <strong>Resistente al agua y al \u00f3xido<\/strong>Fabricada con aluminio de alta calidad, nuestra mesa de camping est\u00e1 dise\u00f1ada para resistir las inclemencias del tiempo. Olv\u00eddate del \u00f3xido y la corrosi\u00f3n, y disfruta de una limpieza f\u00e1cil para un mantenimiento sin complicaciones. \ud83d\udca7<\/p>\n<p>\ud83c\udf08 <strong>Dise\u00f1o elegante y moderno<\/strong>:Con su forma rectangular, color negro y acabado en aluminio, nuestra mesa a\u00f1ade un toque de estilo moderno a cualquier ambiente exterior. \ud83c\udf08<\/p>\n<p>\ud83c\udf1f <strong>Presupuesto<\/strong>:<\/p>\n<ul>\n<li>\n<strong>Marca<\/strong>: NUBE DE ROCA<\/li>\n<li>\n<strong>N\u00famero de modelo<\/strong>: RC01552<\/li>\n<li>\n<strong>Dimensiones<\/strong>: 16\u2033 de profundidad x 14\u2033 de ancho x 11.5\u2033 de alto<\/li>\n<li>\n<strong>Peso<\/strong>:2,4 libras<\/li>\n<li>\n<strong>Recomendaci\u00f3n de peso m\u00e1ximo<\/strong>:60 libras<\/li>\n<li>\n<strong>Material del marco<\/strong>:Aluminio<\/li>\n<li>\n<strong>Tipo de material superior<\/strong>:Aluminio<\/li>\n<li>\n<strong>Caracter\u00edstica especial<\/strong>: Almacenamiento<\/li>\n<\/ul>\n<p>Experimente la m\u00e1xima comodidad y funcionalidad con la mesa de camping ultraliviana ROCK CLOUD: \u00a1su opci\u00f3n ideal para relajarse y disfrutar al aire libre!<\/p>","protected":false},"excerpt":{"rendered":"<p>\u00a1Mejora tu experiencia al aire libre con la mesa de camping ultraligera ROCK CLOUD! \ud83c\udfd5\ufe0f El compa\u00f1ero perfecto para aventuras al aire libre: ya sea que est\u00e9s acampando, haciendo senderismo,<\/p>","protected":false},"featured_media":138594,"comment_status":"open","ping_status":"closed","template":"","meta":[],"product_brand":[],"product_cat":[30818,30971],"product_tag":[],"class_list":{"0":"post-79628","1":"product","2":"type-product","3":"status-publish","4":"has-post-thumbnail","6":"product_cat-camping-furniture","7":"product_cat-hp","9":"first","10":"instock","11":"sale","12":"taxable","13":"shipping-taxable","14":"purchasable","15":"product-type-variable"},"_links":{"self":[{"href":"https:\/\/nexgendecors.com\/es\/wp-json\/wp\/v2\/product\/79628","targetHints":{"allow":["GET"]}}],"collection":[{"href":"https:\/\/nexgendecors.com\/es\/wp-json\/wp\/v2\/product"}],"about":[{"href":"https:\/\/nexgendecors.com\/es\/wp-json\/wp\/v2\/types\/product"}],"replies":[{"embeddable":true,"href":"https:\/\/nexgendecors.com\/es\/wp-json\/wp\/v2\/comments?post=79628"}],"version-history":[{"count":0,"href":"https:\/\/nexgendecors.com\/es\/wp-json\/wp\/v2\/product\/79628\/revisions"}],"wp:featuredmedia":[{"embeddable":true,"href":"https:\/\/nexgendecors.com\/es\/wp-json\/wp\/v2\/media\/138594"}],"wp:attachment":[{"href":"https:\/\/nexgendecors.com\/es\/wp-json\/wp\/v2\/media?parent=79628"}],"wp:term":[{"taxonomy":"product_brand","embeddable":true,"href":"https:\/\/nexgendecors.com\/es\/wp-json\/wp\/v2\/product_brand?post=79628"},{"taxonomy":"product_cat","embeddable":true,"href":"https:\/\/nexgendecors.com\/es\/wp-json\/wp\/v2\/product_cat?post=79628"},{"taxonomy":"product_tag","embeddable":true,"href":"https:\/\/nexgendecors.com\/es\/wp-json\/wp\/v2\/product_tag?post=79628"}],"curies":[{"name":"wp","href":"https:\/\/api.w.org\/{rel}","templated":true}]}}