{"id":79726,"date":"2025-01-26T03:39:59","date_gmt":"2025-01-26T03:39:59","guid":{"rendered":"https:\/\/nexgendecors.com\/product\/rock-plate-integrated-basin-light-luxury-bathroom-cabinet-combination-modern-simple-wash-basin-double-basin-bathroom-wash-basin-smart-2\/"},"modified":"2025-04-06T09:35:24","modified_gmt":"2025-04-06T09:35:24","slug":"lavabo-integrado-con-placa-de-roca-mueble-de-bano-de-lujo-ligero-combinacion-de-lavabo-moderno-y-sencillo-lavabo-doble-lavabo-de-bano-inteligente-2","status":"publish","type":"product","link":"https:\/\/nexgendecors.com\/es\/product\/lavabo-integrado-con-placa-de-roca-mueble-de-bano-de-lujo-ligero-combinacion-de-lavabo-moderno-y-sencillo-lavabo-doble-lavabo-de-bano-inteligente-2\/","title":{"rendered":"Mueble de ba\u00f1o de lujo con lavabo doble y funciones inteligentes"},"content":{"rendered":"<ul>\n<li>\n<strong>marca<\/strong>:otro\/otro<\/li>\n<li>\n<strong>modelo<\/strong>:0098<\/li>\n<li>\n<strong>Funci\u00f3n<\/strong>:Iluminaci\u00f3n, antivaho<\/li>\n<li>\n<strong>Material del gabinete<\/strong>:Madera de caucho<\/li>\n<li>\n<strong>estilo<\/strong>:Simple y moderno<\/li>\n<li>\n<strong>Origen<\/strong>:China continental<\/li>\n<li>\n<strong>provincia<\/strong>:Provincia de Guangdong<\/li>\n<li>\n<strong>ordenar por color<\/strong>:0,7 m + espejo inteligente + lavabo de cer\u00e1mica de losa de roca, 0,8 m + espejo inteligente + lavabo de cer\u00e1mica de losa de roca, 0,9 m + espejo inteligente + lavabo de cer\u00e1mica de losa de roca, 1 m + espejo inteligente + lavabo de cer\u00e1mica de losa de roca, 1,1 m + espejo inteligente + lavabo de cer\u00e1mica de losa de roca, 1,2 m + espejo inteligente + lavabo de cer\u00e1mica de losa de roca, 1,3 m + espejo inteligente + lavabo de cer\u00e1mica de losa de roca, 1,4 m lavabo doble + espejo inteligente + lavabo de cer\u00e1mica de losa de roca, 1,5 m lavabo doble + espejo inteligente + lavabo de cer\u00e1mica de losa de roca, 1,6 m lavabo doble + espejo inteligente + lavabo de cer\u00e1mica de losa de roca, 1,7 m lavabo doble + espejo inteligente + lavabo de cer\u00e1mica de losa de roca, 1,8 m lavabo doble + espejo inteligente + lavabo de cer\u00e1mica de losa de roca, 0,8 metros + armario con espejo inteligente + lavabo de cer\u00e1mica de losa de roca, 0,9 metros + armario con espejo inteligente + lavabo de cer\u00e1mica de losa de roca, 1 metro + armario con espejo inteligente + Lavabo de cer\u00e1mica de losa de roca, 1,1 metros + gabinete de espejo inteligente + lavabo de cer\u00e1mica de losa de roca, 1,2 metros + gabinete de espejo inteligente + lavabo de cer\u00e1mica de losa de roca, 1,3 metros + gabinete de espejo inteligente + lavabo de cer\u00e1mica de losa de roca, 1,4 metros lavabo doble + gabinete de espejo inteligente + lavabo de cer\u00e1mica de losa de roca, 1,5 metros lavabo doble + gabinete de espejo inteligente + lavabo de cer\u00e1mica de losa de roca, 1,6 metros lavabo doble + gabinete de espejo inteligente + lavabo de cer\u00e1mica de losa de roca, 1,7 metros lavabo doble + gabinete de espejo inteligente + lavabo de cer\u00e1mica de losa de roca, 1,8 metros lavabo doble + gabinete de espejo inteligente + lavabo de cer\u00e1mica de losa de roca, 1,9 metros - 2 metros lavabo integrado mejorado personalizado<\/li>\n<li>\n<strong>Servicio en la ciudad<\/strong>:Los compradores de la misma ciudad recogen la mercanc\u00eda en casa.<\/li>\n<li>\n<strong>Tecnolog\u00eda de superficies<\/strong>:Tallado<\/li>\n<li>\n<strong>Nivel de protecci\u00f3n ambiental<\/strong>:E1<\/li>\n<li>\n<strong>Combinaci\u00f3n<\/strong>:Contiene mueble de ba\u00f1o con espejo, grifo y lavabo a juego.<\/li>\n<li>\n<strong>\u00bfIncluye luz de espejo?<\/strong>:S\u00ed<\/li>\n<li>\n<strong>Tipo de encimera<\/strong>Encimera de losa de piedra<\/li>\n<li>\n<strong>M\u00e9todo de apertura y cierre<\/strong>:Abrir la puerta<\/li>\n<\/ul>","protected":false},"excerpt":{"rendered":"<p>Marca: otro\/otro Modelo: 0098 Funci\u00f3n: iluminaci\u00f3n, antivaho Material del gabinete: madera de caucho Estilo: simple y moderno Origen: China continental Provincia: provincia de Guangdong Ordenar por color: 0,7 m + espejo inteligente<\/p>","protected":false},"featured_media":138691,"comment_status":"open","ping_status":"closed","template":"","meta":[],"product_brand":[],"product_cat":[30971,30880],"product_tag":[],"class_list":{"0":"post-79726","1":"product","2":"type-product","3":"status-publish","4":"has-post-thumbnail","6":"product_cat-hp","7":"product_cat-wholesales-bathroom-sink","9":"first","10":"instock","11":"taxable","12":"shipping-taxable","13":"purchasable","14":"product-type-variable"},"_links":{"self":[{"href":"https:\/\/nexgendecors.com\/es\/wp-json\/wp\/v2\/product\/79726","targetHints":{"allow":["GET"]}}],"collection":[{"href":"https:\/\/nexgendecors.com\/es\/wp-json\/wp\/v2\/product"}],"about":[{"href":"https:\/\/nexgendecors.com\/es\/wp-json\/wp\/v2\/types\/product"}],"replies":[{"embeddable":true,"href":"https:\/\/nexgendecors.com\/es\/wp-json\/wp\/v2\/comments?post=79726"}],"version-history":[{"count":0,"href":"https:\/\/nexgendecors.com\/es\/wp-json\/wp\/v2\/product\/79726\/revisions"}],"wp:featuredmedia":[{"embeddable":true,"href":"https:\/\/nexgendecors.com\/es\/wp-json\/wp\/v2\/media\/138691"}],"wp:attachment":[{"href":"https:\/\/nexgendecors.com\/es\/wp-json\/wp\/v2\/media?parent=79726"}],"wp:term":[{"taxonomy":"product_brand","embeddable":true,"href":"https:\/\/nexgendecors.com\/es\/wp-json\/wp\/v2\/product_brand?post=79726"},{"taxonomy":"product_cat","embeddable":true,"href":"https:\/\/nexgendecors.com\/es\/wp-json\/wp\/v2\/product_cat?post=79726"},{"taxonomy":"product_tag","embeddable":true,"href":"https:\/\/nexgendecors.com\/es\/wp-json\/wp\/v2\/product_tag?post=79726"}],"curies":[{"name":"wp","href":"https:\/\/api.w.org\/{rel}","templated":true}]}}