{"id":79810,"date":"2025-01-26T03:40:08","date_gmt":"2025-01-26T03:40:08","guid":{"rendered":"https:\/\/nexgendecors.com\/product\/rose-gold-hexagonal-wall-sticker-mosaic-decorative-background-wall-self-adhesive-art-tile-metal-stainless-steel-background-brick\/"},"modified":"2025-04-15T11:18:09","modified_gmt":"2025-04-15T11:18:09","slug":"rose-gold-hexagonal-wall-sticker-mosaic-decorative-background-wall-self-adhesive-art-tile-metal-stainless-steel-background-brick","status":"publish","type":"product","link":"https:\/\/nexgendecors.com\/es\/product\/rose-gold-hexagonal-wall-sticker-mosaic-decorative-background-wall-self-adhesive-art-tile-metal-stainless-steel-background-brick\/","title":{"rendered":"Adhesivo mural hexagonal oro rosa - Azulejos autoadhesivos"},"content":{"rendered":"<li title=\"Yang song\"><font style=\"vertical-align: inherit;\"><font style=\"vertical-align: inherit;\">Brand: Yangge<\/font><\/font><\/li>\n<li title=\"Hexagon Elf Rose Gold Series\"><font style=\"vertical-align: inherit;\"><font style=\"vertical-align: inherit;\">Model: Hexagonal Elf Rose Gold Series<\/font><\/font><\/li>\n<li title=\"Metal\"><font style=\"vertical-align: inherit;\"><font style=\"vertical-align: inherit;\">material: metal<\/font><\/font><\/li>\n<li title=\"Sencillo y moderno\"><font style=\"vertical-align: inherit;\"><font style=\"vertical-align: inherit;\">Estilo: sencillo y moderno.<\/font><\/font><\/li>\n<li title=\"China continental\"><font style=\"vertical-align: inherit;\"><font style=\"vertical-align: inherit;\">Origen: China continental<\/font><\/font><\/li>\n<li title=\"pared interior\"><font style=\"vertical-align: inherit;\"><font style=\"vertical-align: inherit;\">Espacio aplicable: pared interior.<\/font><\/font><\/li>\n<li title=\"Hexagon - Rose Gold Hexagon - Vintage Gold\"><font style=\"vertical-align: inherit;\"><font style=\"vertical-align: inherit;\">Color classification: Hexagonal Elf-Rose Gold Hexagonal Elf-Retro Gold<\/font><\/font><\/li>\n<li title=\"Log\u00edstica puerta a puerta en la misma ciudad\"><font style=\"vertical-align: inherit;\"><font style=\"vertical-align: inherit;\">Servicio en la misma ciudad: log\u00edstica puerta a puerta en la misma ciudad<\/font><\/font><\/li>\n<li title=\"Ba\u00f1o dormitorio sala de estar cocina balc\u00f3n sol\u00e1rium toda la casa pared de fondo\"><font style=\"vertical-align: inherit;\"><font style=\"vertical-align: inherit;\">Clasificaci\u00f3n del espacio de decoraci\u00f3n: ba\u00f1o, dormitorio, sala de estar, cocina, balc\u00f3n, sol\u00e1rium, pared de fondo de toda la casa.<\/font><\/font><\/li>\n<li title=\"0.057\u33a1\"><font style=\"vertical-align: inherit;\"><font style=\"vertical-align: inherit;\">Pricing unit: 0.057\u33a1<\/font><\/font><\/li>\n<li title=\"0,5% o m\u00e1s\"><font style=\"vertical-align: inherit;\"><font style=\"vertical-align: inherit;\">Absorci\u00f3n de agua: m\u00e1s de 0,5%<\/font><\/font><\/li>","protected":false},"excerpt":{"rendered":"<p>Marca: Yangge Modelo: Hexagonal Elf Rose Gold Series material: metal Estilo: sencillo y moderno Origen: China continental Espacio aplicable: interior<\/p>","protected":false},"featured_media":138771,"comment_status":"open","ping_status":"closed","template":"","meta":[],"product_brand":[],"product_cat":[30971,30986,30878],"product_tag":[],"class_list":{"0":"post-79810","1":"product","2":"type-product","3":"status-publish","4":"has-post-thumbnail","6":"product_cat-hp","7":"product_cat-tiles-wall-bricks","8":"product_cat-wall-panel","10":"first","11":"instock","12":"sale","13":"taxable","14":"shipping-taxable","15":"purchasable","16":"product-type-variable"},"_links":{"self":[{"href":"https:\/\/nexgendecors.com\/es\/wp-json\/wp\/v2\/product\/79810","targetHints":{"allow":["GET"]}}],"collection":[{"href":"https:\/\/nexgendecors.com\/es\/wp-json\/wp\/v2\/product"}],"about":[{"href":"https:\/\/nexgendecors.com\/es\/wp-json\/wp\/v2\/types\/product"}],"replies":[{"embeddable":true,"href":"https:\/\/nexgendecors.com\/es\/wp-json\/wp\/v2\/comments?post=79810"}],"version-history":[{"count":0,"href":"https:\/\/nexgendecors.com\/es\/wp-json\/wp\/v2\/product\/79810\/revisions"}],"wp:featuredmedia":[{"embeddable":true,"href":"https:\/\/nexgendecors.com\/es\/wp-json\/wp\/v2\/media\/138771"}],"wp:attachment":[{"href":"https:\/\/nexgendecors.com\/es\/wp-json\/wp\/v2\/media?parent=79810"}],"wp:term":[{"taxonomy":"product_brand","embeddable":true,"href":"https:\/\/nexgendecors.com\/es\/wp-json\/wp\/v2\/product_brand?post=79810"},{"taxonomy":"product_cat","embeddable":true,"href":"https:\/\/nexgendecors.com\/es\/wp-json\/wp\/v2\/product_cat?post=79810"},{"taxonomy":"product_tag","embeddable":true,"href":"https:\/\/nexgendecors.com\/es\/wp-json\/wp\/v2\/product_tag?post=79810"}],"curies":[{"name":"wp","href":"https:\/\/api.w.org\/{rel}","templated":true}]}}