{"id":79909,"date":"2025-01-26T03:40:28","date_gmt":"2025-01-26T03:40:28","guid":{"rendered":"https:\/\/nexgendecors.com\/product\/ruche-freehand-space-designer-single-armchair-solid-wood-single-sofa-quilt-chair-lazy-solid-wood-sofa\/"},"modified":"2025-03-08T15:00:54","modified_gmt":"2025-03-08T15:00:54","slug":"ruche-freehand-space-designer-single-armchair-solid-wood-single-sofa-quilt-chair-lazy-solid-wood-sofa","status":"publish","type":"product","link":"https:\/\/nexgendecors.com\/es\/product\/ruche-freehand-space-designer-single-armchair-solid-wood-single-sofa-quilt-chair-lazy-solid-wood-sofa\/","title":{"rendered":"Sill\u00f3n de madera maciza Ruche Freehand: un elegante sof\u00e1 acolchado"},"content":{"rendered":"<ul>\n<li>\n<strong>\u00bfHay espacio de almacenamiento?<\/strong>:No<\/li>\n<li>\n<strong>estilo<\/strong>:Cl\u00e1sico<\/li>\n<li>\n<strong>Armar<\/strong>:S\u00ed<\/li>\n<li>\n<strong>Tela<\/strong>:franela<\/li>\n<li>\n<strong>Distritos y condados<\/strong>:Otras \u00e1reas<\/li>\n<li>\n<strong>\u00bfEst\u00e1 disponible la preventa?<\/strong>:No<\/li>\n<li>\n<strong>Caracter\u00edsticas adicionales<\/strong>:Otro<\/li>\n<li>\n<strong>volumen del paquete<\/strong>:1<\/li>\n<li>\n<strong>Relleno<\/strong>:esponja<\/li>\n<li>\n<strong>Combinaci\u00f3n de sof\u00e1s<\/strong>:otro<\/li>\n<li>\n<strong>Posicionamiento de estilo<\/strong>:Estilo art\u00edstico<\/li>\n<li>\n<strong>ordenar por color<\/strong>:Dark purple, light green, royal blue, tea brown, milky white, light pink, footrest, lemon yellow, dark pink, suede, color selection, ruche sofa<\/li>\n<li>\n<strong>marca<\/strong>:POTRH (Furniture)<\/li>\n<li>\n<strong>modelo<\/strong>:Single armrest sofa<\/li>\n<li>\n<strong>Dureza del relleno<\/strong>:suave<\/li>\n<li>\n<strong>Adecuado<\/strong>:Adultos<\/li>\n<li>\n<strong>Tecnolog\u00eda estructural<\/strong>:Artesan\u00eda en madera<\/li>\n<li>\n<strong>Tecnolog\u00eda de estructura de madera<\/strong>:otro<\/li>\n<li>\n<strong>\u00bfEs personalizable?<\/strong>:S\u00ed<\/li>\n<li>\n<strong>\u00bfEs desmontable y lavable?<\/strong>:No<\/li>\n<li>\n<strong>Material<\/strong>:madera<\/li>\n<li>\n<strong>Material de madera<\/strong>:Ceniza<\/li>\n<li>\n<strong>Detalles de las instrucciones de instalaci\u00f3n<\/strong>:Proporcione herramientas de instalaci\u00f3n sencillas. Proporcione instrucciones de instalaci\u00f3n. Proporcione un video de instalaci\u00f3n.<\/li>\n<li>\n<strong>\u00bfCu\u00e1ntas personas se sientan?<\/strong>:Single sofa 960*800*810* Double sofa 1800*800*810* Sofa step 900*600*450*<\/li>\n<li>\n<strong>patr\u00f3n<\/strong>:Arte<\/li>\n<li>\n<strong>\u00bfHay taxi disponible para transporte?<\/strong>:No<\/li>\n<li>\n<strong>Proceso de acabado de tejidos<\/strong>:Flotaci\u00f3n<\/li>\n<li>\n<strong>Entrega\/instalaci\u00f3n disponible<\/strong>:Foshan City Zhengzhou City Guiyang City Guangzhou City Fuzhou City Harbin City Xiamen City Chongqing City Changzhou City Suzhou City Xi\u2019an City Shenzhen City Nanjing City Beijing Wuxi City Qingdao Changsha City Chengdu City Shanghai Wuhan City Nanning City Shenyang City Dalian City Taizhou City Dongguan City Tianjin Other Jinhua City Hangzhou City Ningbo City Nanchang City Wenzhou City<\/li>\n<\/ul>\n<p><img><\/p>","protected":false},"excerpt":{"rendered":"<p>\u00bfHay espacio de almacenamiento?:no Estilo:Cl\u00e1sico Ensamblaje:s\u00ed Tela:franela Distritos y condados:Otras \u00e1reas \u00bfHay preventa disponible?:no Caracter\u00edsticas adicionales:Otros Volumen del paquete:1 Relleno:esponja Sof\u00e1<\/p>","protected":false},"featured_media":138906,"comment_status":"open","ping_status":"closed","template":"","meta":[],"product_brand":[],"product_cat":[30902,30855,30862,30971,30865,30850],"product_tag":[],"class_list":{"0":"post-79909","1":"product","2":"type-product","3":"status-publish","4":"has-post-thumbnail","6":"product_cat-bs-chairs","7":"product_cat-wholesale-chairs","8":"product_cat-wholesales-hotels","9":"product_cat-hp","10":"product_cat-wholesales-salons-shops","11":"product_cat-wholesale-furniture","13":"first","14":"instock","15":"taxable","16":"shipping-taxable","17":"purchasable","18":"product-type-variable"},"_links":{"self":[{"href":"https:\/\/nexgendecors.com\/es\/wp-json\/wp\/v2\/product\/79909","targetHints":{"allow":["GET"]}}],"collection":[{"href":"https:\/\/nexgendecors.com\/es\/wp-json\/wp\/v2\/product"}],"about":[{"href":"https:\/\/nexgendecors.com\/es\/wp-json\/wp\/v2\/types\/product"}],"replies":[{"embeddable":true,"href":"https:\/\/nexgendecors.com\/es\/wp-json\/wp\/v2\/comments?post=79909"}],"version-history":[{"count":0,"href":"https:\/\/nexgendecors.com\/es\/wp-json\/wp\/v2\/product\/79909\/revisions"}],"wp:featuredmedia":[{"embeddable":true,"href":"https:\/\/nexgendecors.com\/es\/wp-json\/wp\/v2\/media\/138906"}],"wp:attachment":[{"href":"https:\/\/nexgendecors.com\/es\/wp-json\/wp\/v2\/media?parent=79909"}],"wp:term":[{"taxonomy":"product_brand","embeddable":true,"href":"https:\/\/nexgendecors.com\/es\/wp-json\/wp\/v2\/product_brand?post=79909"},{"taxonomy":"product_cat","embeddable":true,"href":"https:\/\/nexgendecors.com\/es\/wp-json\/wp\/v2\/product_cat?post=79909"},{"taxonomy":"product_tag","embeddable":true,"href":"https:\/\/nexgendecors.com\/es\/wp-json\/wp\/v2\/product_tag?post=79909"}],"curies":[{"name":"wp","href":"https:\/\/api.w.org\/{rel}","templated":true}]}}