{"id":80966,"date":"2025-01-26T03:42:00","date_gmt":"2025-01-26T03:42:00","guid":{"rendered":"https:\/\/nexgendecors.com\/product\/safavieh-natural-fiber-collection-area-rug-8-x-10-maize-linen-border-sisal-design-easy-care-ideal-for-high-traffic-areas-in-living-room-bedroom-nf141b1711876923247\/"},"modified":"2025-04-06T09:36:54","modified_gmt":"2025-04-06T09:36:54","slug":"alfombra-de-fibra-natural-safavieh-8-x-10-diseno-de-sisal-con-borde-de-lino-y-maiz-facil-de-limpiar-ideal-para-zonas-de-mucho-transito-en-la-sala-de-estar-y-el-dormitorio-nf141b1711876923247","status":"publish","type":"product","link":"https:\/\/nexgendecors.com\/es\/product\/alfombra-de-fibra-natural-safavieh-8-x-10-diseno-de-sisal-con-borde-de-lino-y-maiz-facil-de-limpiar-ideal-para-zonas-de-mucho-transito-en-la-sala-de-estar-y-el-dormitorio-nf141b1711876923247\/","title":{"rendered":"Alfombra de fibra natural SAFAVIEH, 2,44 m x 3,05 m, dise\u00f1o de sisal"},"content":{"rendered":"<p>\ud83c\udff7\ufe0f <strong>Marca<\/strong>: Safavieh<br \/>\ud83d\udccf <strong>Tama\u00f1o<\/strong>: 8\u2032 x 10\u2032<br \/>\ud83e\uddf6 <strong>Material<\/strong>:Sint\u00e9tico<br \/>\ud83d\udd28 <strong>Tipo de tejido<\/strong>:Hecho a m\u00e1quina<br \/>\ud83c\udf31 <strong>Altura de la pila<\/strong>:Pila baja<\/p>\n<p>\ud83d\udd28 <strong>Construcci\u00f3n duradera<\/strong>Esta alfombra est\u00e1 tejida a m\u00e1quina para brindar resistencia y durabilidad, lo que garantiza que resista el uso y desgaste diario.<\/p>\n<p>\ud83c\udf3f <strong>Fibras sostenibles de primera calidad<\/strong>:Fabricado con fibras sint\u00e9ticas de alta calidad que imitan el aspecto del sisal natural, complementado con un elegante borde de algod\u00f3n.<\/p>\n<p>\ud83c\udfa8 <strong>Opciones de decoraci\u00f3n vers\u00e1tiles<\/strong>El dise\u00f1o neutro de esta alfombra la convierte en una opci\u00f3n vers\u00e1til que combina a la perfecci\u00f3n con estilos de decoraci\u00f3n casuales, bohemios, costeros, r\u00fasticos, contempor\u00e1neos o de transici\u00f3n. Tambi\u00e9n es ideal como base para crear elegantes capas bohemias.<\/p>\n<p>\ud83c\udfe0 <strong>Perfecto para cualquier habitaci\u00f3n<\/strong>:Con su elegante dise\u00f1o, esta alfombra realza el ambiente de cualquier habitaci\u00f3n de su hogar, desde la sala de estar y el comedor hasta el dormitorio y la oficina en casa.<\/p>\n<p>\ud83d\udd0d <strong>Marca de confianza<\/strong>Safavieh ha sido un l\u00edder de confianza en decoraci\u00f3n del hogar durante m\u00e1s de 100 a\u00f1os. Empiece hoy mismo su b\u00fasqueda de alfombras con Safavieh y explore su amplia gama de m\u00e1s de 100.000 productos.<\/p>","protected":false},"excerpt":{"rendered":"<p>\ud83c\udff7\ufe0f Brand: Safavieh\ud83d\udccf Size: 8&#8242; x 10&#8242;\ud83e\uddf6 Material: Synthetic\ud83d\udd28 Weave Type: Machine Made\ud83c\udf31 Pile Height: Low Pile \ud83d\udd28 Durable Construction:<\/p>","protected":false},"featured_media":139867,"comment_status":"open","ping_status":"closed","template":"","meta":[],"product_brand":[],"product_cat":[30828,30971,30871],"product_tag":[],"class_list":{"0":"post-80966","1":"product","2":"type-product","3":"status-publish","4":"has-post-thumbnail","6":"product_cat-furnishing","7":"product_cat-hp","8":"product_cat-rug","10":"first","11":"instock","12":"taxable","13":"shipping-taxable","14":"purchasable","15":"product-type-variable"},"_links":{"self":[{"href":"https:\/\/nexgendecors.com\/es\/wp-json\/wp\/v2\/product\/80966","targetHints":{"allow":["GET"]}}],"collection":[{"href":"https:\/\/nexgendecors.com\/es\/wp-json\/wp\/v2\/product"}],"about":[{"href":"https:\/\/nexgendecors.com\/es\/wp-json\/wp\/v2\/types\/product"}],"replies":[{"embeddable":true,"href":"https:\/\/nexgendecors.com\/es\/wp-json\/wp\/v2\/comments?post=80966"}],"version-history":[{"count":0,"href":"https:\/\/nexgendecors.com\/es\/wp-json\/wp\/v2\/product\/80966\/revisions"}],"wp:featuredmedia":[{"embeddable":true,"href":"https:\/\/nexgendecors.com\/es\/wp-json\/wp\/v2\/media\/139867"}],"wp:attachment":[{"href":"https:\/\/nexgendecors.com\/es\/wp-json\/wp\/v2\/media?parent=80966"}],"wp:term":[{"taxonomy":"product_brand","embeddable":true,"href":"https:\/\/nexgendecors.com\/es\/wp-json\/wp\/v2\/product_brand?post=80966"},{"taxonomy":"product_cat","embeddable":true,"href":"https:\/\/nexgendecors.com\/es\/wp-json\/wp\/v2\/product_cat?post=80966"},{"taxonomy":"product_tag","embeddable":true,"href":"https:\/\/nexgendecors.com\/es\/wp-json\/wp\/v2\/product_tag?post=80966"}],"curies":[{"name":"wp","href":"https:\/\/api.w.org\/{rel}","templated":true}]}}