{"id":81027,"date":"2025-01-26T03:42:10","date_gmt":"2025-01-26T03:42:10","guid":{"rendered":"https:\/\/nexgendecors.com\/product\/safavieh-pat7502b-outdoor-collection-horus-grey-cushions-7-piece-dining-set1711879042056\/"},"modified":"2025-03-12T06:30:49","modified_gmt":"2025-03-12T06:30:49","slug":"safavieh-pat7502b-outdoor-collection-horus-grey-cushions-7-piece-dining-set1711879042056","status":"publish","type":"product","link":"https:\/\/nexgendecors.com\/es\/product\/safavieh-pat7502b-outdoor-collection-horus-grey-cushions-7-piece-dining-set1711879042056\/","title":{"rendered":"Safavieh Horus Juego de comedor de exterior de 7 piezas con cojines"},"content":{"rendered":"<p data-mce-fragment=\"1\"><strong data-mce-fragment=\"1\">Resort-Style Outdoor Dining Set:<\/strong> \ud83c\udf34\ud83e\ude91<\/p>\n<ul data-mce-fragment=\"1\">\n<li data-mce-fragment=\"1\">\ud83c\udf34 Polyester outdoor dining set from Safavieh brings resort-style relaxation to your home.<\/li>\n<li data-mce-fragment=\"1\">\ud83e\ude91 Stylish set includes one (1) table and six (6) cushioned stools for luxurious outdoor dining.<\/li>\n<\/ul>\n<p data-mce-fragment=\"1\"><strong data-mce-fragment=\"1\">Elegant Grey Design:<\/strong> \ud83c\udf2a\ufe0f\ud83c\udfa8<\/p>\n<ul data-mce-fragment=\"1\">\n<li data-mce-fragment=\"1\">\ud83c\udf2a\ufe0f Table and stools featured in chic grey with plush matching grey cushions.<\/li>\n<li data-mce-fragment=\"1\">\ud83c\udfa8 Offers a sleek and modern look to enhance any outdoor setting.<\/li>\n<\/ul>\n<p data-mce-fragment=\"1\"><strong data-mce-fragment=\"1\">Marca de confianza \u2013 Safavieh:<\/strong> \ud83c\udf1f\ud83c\udfe0<\/p>\n<ul data-mce-fragment=\"1\">\n<li data-mce-fragment=\"1\">\ud83c\udf1f Durante m\u00e1s de 100 a\u00f1os, Safavieh ha estado elaborando productos de la m\u00e1s alta calidad y un estilo inigualable.<\/li>\n<li data-mce-fragment=\"1\">\ud83c\udfe0 Begin your rug and furniture search with Safavieh and explore over 100,000 products today.<\/li>\n<\/ul>\n<p data-mce-fragment=\"1\">Enhance your outdoor dining experience with this elegant and comfortable dining set from Safavieh. Perfect for enjoying meals with family and friends in style! \ud83c\udf34\ud83e\ude91\ud83c\udf1f<\/p>\n<p data-mce-fragment=\"1\">\u00a0<\/p>\n<div><\/div>","protected":false},"excerpt":{"rendered":"<p>Conjunto de comedor al aire libre de estilo resort: \ud83c\udf34\ud83e\ude91\ud83c\udf34 El conjunto de comedor al aire libre de poli\u00e9ster de Safavieh lleva la relajaci\u00f3n de estilo resort a su hogar. Con estilo<\/p>","protected":false},"featured_media":139993,"comment_status":"open","ping_status":"closed","template":"","meta":[],"product_brand":[],"product_cat":[30971,30856,32],"product_tag":[],"class_list":{"0":"post-81027","1":"product","2":"type-product","3":"status-publish","4":"has-post-thumbnail","6":"product_cat-hp","7":"product_cat-outdoor-furniture","8":"product_cat-residential-furniture","10":"first","11":"instock","12":"sale","13":"taxable","14":"shipping-taxable","15":"purchasable","16":"product-type-variable"},"_links":{"self":[{"href":"https:\/\/nexgendecors.com\/es\/wp-json\/wp\/v2\/product\/81027","targetHints":{"allow":["GET"]}}],"collection":[{"href":"https:\/\/nexgendecors.com\/es\/wp-json\/wp\/v2\/product"}],"about":[{"href":"https:\/\/nexgendecors.com\/es\/wp-json\/wp\/v2\/types\/product"}],"replies":[{"embeddable":true,"href":"https:\/\/nexgendecors.com\/es\/wp-json\/wp\/v2\/comments?post=81027"}],"version-history":[{"count":0,"href":"https:\/\/nexgendecors.com\/es\/wp-json\/wp\/v2\/product\/81027\/revisions"}],"wp:featuredmedia":[{"embeddable":true,"href":"https:\/\/nexgendecors.com\/es\/wp-json\/wp\/v2\/media\/139993"}],"wp:attachment":[{"href":"https:\/\/nexgendecors.com\/es\/wp-json\/wp\/v2\/media?parent=81027"}],"wp:term":[{"taxonomy":"product_brand","embeddable":true,"href":"https:\/\/nexgendecors.com\/es\/wp-json\/wp\/v2\/product_brand?post=81027"},{"taxonomy":"product_cat","embeddable":true,"href":"https:\/\/nexgendecors.com\/es\/wp-json\/wp\/v2\/product_cat?post=81027"},{"taxonomy":"product_tag","embeddable":true,"href":"https:\/\/nexgendecors.com\/es\/wp-json\/wp\/v2\/product_tag?post=81027"}],"curies":[{"name":"wp","href":"https:\/\/api.w.org\/{rel}","templated":true}]}}