{"id":81275,"date":"2025-01-26T03:42:28","date_gmt":"2025-01-26T03:42:28","guid":{"rendered":"https:\/\/nexgendecors.com\/product\/sailboat-sofa-adjustable-high-back-large-sitting-depth-living-room-home-straight-row-cream-style-anti-fouling-technology-fabric-sofa\/"},"modified":"2025-04-06T09:37:26","modified_gmt":"2025-04-06T09:37:26","slug":"sofa-de-velero-ajustable-con-respaldo-alto-y-gran-profundidad-para-sala-de-estar-sofa-de-tela-con-tecnologia-antiincrustante-estilo-crema-fila-recta-para-el-hogar","status":"publish","type":"product","link":"https:\/\/nexgendecors.com\/es\/product\/sofa-de-velero-ajustable-con-respaldo-alto-y-gran-profundidad-para-sala-de-estar-sofa-de-tela-con-tecnologia-antiincrustante-estilo-crema-fila-recta-para-el-hogar\/","title":{"rendered":"Sof\u00e1 de respaldo alto ajustable en color crema con tejido antiincrustante"},"content":{"rendered":"<ul>\n<li>\n<strong>\u00bfHay espacio de almacenamiento?<\/strong>:No<\/li>\n<li>\n<strong>estilo<\/strong>:minimalismo italiano<\/li>\n<li>\n<strong>Armar<\/strong>:No<\/li>\n<li>\n<strong>Tela<\/strong>:Tela para rascar gatos<\/li>\n<li>\n<strong>\u00bfEst\u00e1 disponible la preventa?<\/strong>:S\u00ed<\/li>\n<li>\n<strong>Caracter\u00edsticas adicionales<\/strong>:Empujar y tirar<\/li>\n<li>\n<strong>volumen del paquete<\/strong>:2<\/li>\n<li>\n<strong>Relleno<\/strong>:esponja<\/li>\n<li>\n<strong>Combinaci\u00f3n de sof\u00e1s<\/strong>:derecho<\/li>\n<li>\n<strong>Posicionamiento de estilo<\/strong>:Lujo de calidad<\/li>\n<li>\n<strong>ordenar por color<\/strong>:[Original de dise\u00f1ador] Sof\u00e1 de 2,0 m con filas rectas [Original de dise\u00f1ador] Sof\u00e1 de 2,2 m con filas rectas [Original de dise\u00f1ador] Sof\u00e1 de 2,4 m con filas rectas [Original de dise\u00f1ador] Sof\u00e1 de 2,6 m con filas rectas [Original de dise\u00f1ador] Sof\u00e1 de 2,8 m con filas rectas [Original de dise\u00f1ador] Sof\u00e1 de 3,0 m con filas rectas [Original de dise\u00f1ador] Sof\u00e1 de 3,2 m con filas rectas [Original de dise\u00f1ador] Sof\u00e1 de 3,4 m con filas rectas [Original de dise\u00f1ador] Sof\u00e1 de 3,6 m con filas rectas [Original de dise\u00f1ador] Sof\u00e1 de 3,8 m con filas rectas<\/li>\n<li>\n<strong>marca<\/strong>:Biyani<\/li>\n<li>\n<strong>modelo<\/strong>:byn2177<\/li>\n<li>\n<strong>Dureza del relleno<\/strong>:suave<\/li>\n<li>\n<strong>Adecuado<\/strong>:Adultos<\/li>\n<li>\n<strong>Tecnolog\u00eda estructural<\/strong>:Artesan\u00eda en madera<\/li>\n<li>\n<strong>Tecnolog\u00eda de estructura de madera<\/strong>:Rompecabezas<\/li>\n<li>\n<strong>\u00bfEs personalizable?<\/strong>:S\u00ed<\/li>\n<li>\n<strong>\u00bfEs desmontable y lavable?<\/strong>:S\u00ed<\/li>\n<li>\n<strong>Material<\/strong>:Madera<\/li>\n<li>\n<strong>Material de madera<\/strong>:Pino<\/li>\n<li>\n<strong>\u00bfCu\u00e1ntas personas se sientan?<\/strong>:[Tela antiara\u00f1azos] Coj\u00edn de asiento de plum\u00f3n Lazy + ajuste del respaldo [Tela antiara\u00f1azos] Coj\u00edn de asiento de l\u00e1tex Q-elastic + ajuste del respaldo [Tela Motu Martha] Coj\u00edn de asiento de plum\u00f3n Lazy + ajuste del respaldo [Tela Motu Martha] Coj\u00edn de asiento de l\u00e1tex Q-elastic + ajuste del respaldo [Tela antiara\u00f1azos] Coj\u00edn de asiento de plum\u00f3n Lazy + respaldo no ajustable [Tela antiara\u00f1azos] Coj\u00edn de asiento de l\u00e1tex Q-elastic + respaldo no ajustable [Tela antiara\u00f1azos] Coj\u00edn de asiento de esponja de alta elasticidad + ajuste del respaldo [Tela Motu Martha] Coj\u00edn de asiento de esponja de alta elasticidad + ajuste del respaldo<\/li>\n<li>\n<strong>patr\u00f3n<\/strong>:Arte<\/li>\n<li>\n<strong>\u00bfHay taxi disponible para transporte?<\/strong>:No<\/li>\n<li>\n<strong>Proceso de acabado de tejidos<\/strong>Tratamiento sin hierro<\/li>\n<li>\n<strong>Entrega\/instalaci\u00f3n disponible<\/strong>:Foshan Zhengzhou Guiyang Guangzhou Fuzhou Harbin Xiamen Chongqing Changzhou Suzhou Xi&#039;an Shenzhen Nanjing Changsha Beijing Qingdao Wuxi Chengdu Shanghai Wuhan Nanning Nacional Shenyang Dalian Taizhou Dongguan Tianjin Otros Jinhua Hangzhou Nanchang Ningbo Wenzhou<\/li>\n<li>\n<strong><\/strong>:<\/li>\n<\/ul>\n<p><img><\/p>","protected":false},"excerpt":{"rendered":"<p>Is there storage space?:no style:Italian minimalism Assemble:no Fabric:Cat scratching cloth Is pre-sale available?:yes Additional features:Push and Pull package volume:2 Filling:sponge<\/p>","protected":false},"featured_media":140171,"comment_status":"open","ping_status":"closed","template":"","meta":[],"product_brand":[],"product_cat":[30971,30850],"product_tag":[],"class_list":{"0":"post-81275","1":"product","2":"type-product","3":"status-publish","4":"has-post-thumbnail","6":"product_cat-hp","7":"product_cat-wholesale-furniture","9":"first","10":"instock","11":"taxable","12":"shipping-taxable","13":"purchasable","14":"product-type-variable"},"_links":{"self":[{"href":"https:\/\/nexgendecors.com\/es\/wp-json\/wp\/v2\/product\/81275","targetHints":{"allow":["GET"]}}],"collection":[{"href":"https:\/\/nexgendecors.com\/es\/wp-json\/wp\/v2\/product"}],"about":[{"href":"https:\/\/nexgendecors.com\/es\/wp-json\/wp\/v2\/types\/product"}],"replies":[{"embeddable":true,"href":"https:\/\/nexgendecors.com\/es\/wp-json\/wp\/v2\/comments?post=81275"}],"version-history":[{"count":0,"href":"https:\/\/nexgendecors.com\/es\/wp-json\/wp\/v2\/product\/81275\/revisions"}],"wp:featuredmedia":[{"embeddable":true,"href":"https:\/\/nexgendecors.com\/es\/wp-json\/wp\/v2\/media\/140171"}],"wp:attachment":[{"href":"https:\/\/nexgendecors.com\/es\/wp-json\/wp\/v2\/media?parent=81275"}],"wp:term":[{"taxonomy":"product_brand","embeddable":true,"href":"https:\/\/nexgendecors.com\/es\/wp-json\/wp\/v2\/product_brand?post=81275"},{"taxonomy":"product_cat","embeddable":true,"href":"https:\/\/nexgendecors.com\/es\/wp-json\/wp\/v2\/product_cat?post=81275"},{"taxonomy":"product_tag","embeddable":true,"href":"https:\/\/nexgendecors.com\/es\/wp-json\/wp\/v2\/product_tag?post=81275"}],"curies":[{"name":"wp","href":"https:\/\/api.w.org\/{rel}","templated":true}]}}