{"id":81415,"date":"2025-01-26T03:42:42","date_gmt":"2025-01-26T03:42:42","guid":{"rendered":"https:\/\/nexgendecors.com\/product\/sales-office-sofa-high-end-club-lobby-reception-area-three-seater-hotel-exhibition-hall-negotiation-table-and-chair-combination\/"},"modified":"2025-04-06T09:37:45","modified_gmt":"2025-04-06T09:37:45","slug":"sofa-de-oficina-de-ventas-vestibulo-de-club-de-alta-gama-area-de-recepcion-sala-de-exposiciones-de-hotel-de-tres-plazas-mesa-de-negociacion-y-combinacion-de-silla","status":"publish","type":"product","link":"https:\/\/nexgendecors.com\/es\/product\/sofa-de-oficina-de-ventas-vestibulo-de-club-de-alta-gama-area-de-recepcion-sala-de-exposiciones-de-hotel-de-tres-plazas-mesa-de-negociacion-y-combinacion-de-silla\/","title":{"rendered":"Sof\u00e1 de tres plazas de alta gama para vest\u00edbulo y recepci\u00f3n de hotel"},"content":{"rendered":"<ul>\n<li>\n<strong>marca<\/strong>:Entrega a domicilio n\u00f3rdica<\/li>\n<li>\n<strong>modelo<\/strong>:44451<\/li>\n<li>\n<strong>Material<\/strong>:Metal<\/li>\n<li>\n<strong>patr\u00f3n<\/strong>:Arte<\/li>\n<li>\n<strong>estilo<\/strong>:Europeo<\/li>\n<li>\n<strong>ordenar por color<\/strong>:Mesa de t\u00e9 3+1+1+ (marr\u00f3n), mesa de t\u00e9 3+1+1+ (naranja), mesa redonda de 70 cm con una mesa y cuatro sillas (marr\u00f3n), mesa redonda de 70 cm con una mesa y cuatro sillas (naranja), sof\u00e1 para tres personas (marr\u00f3n), sof\u00e1 para tres personas (naranja), sof\u00e1 doble (marr\u00f3n), sof\u00e1 doble (naranja), sof\u00e1 individual (marr\u00f3n), sof\u00e1 individual (naranja), mesa redonda de 60 cm de di\u00e1metro, mesa redonda de 70 cm de di\u00e1metro, mesa redonda de 80 cm de di\u00e1metro, mesa de t\u00e9 de 120 x 60 x 50 cm<\/li>\n<li>\n<strong>Relleno<\/strong>:esponja<\/li>\n<li>\n<strong>Tecnolog\u00eda estructural<\/strong>:Artesan\u00eda en madera<\/li>\n<li>\n<strong>Tecnolog\u00eda de estructura de madera<\/strong>:doblamiento<\/li>\n<li>\n<strong>\u00bfEs personalizable?<\/strong>:No<\/li>\n<li>\n<strong>Combinaci\u00f3n de sof\u00e1s<\/strong>:Forma de U<\/li>\n<li>\n<strong>Caracter\u00edsticas adicionales<\/strong>:Multifunci\u00f3n<\/li>\n<li>\n<strong>Adecuado<\/strong>:Adultos<\/li>\n<li>\n<strong>\u00bfHay espacio de almacenamiento?<\/strong>:No<\/li>\n<li>\n<strong>Material de cuero<\/strong>:xipi<\/li>\n<li>\n<strong>Origen<\/strong>:Provincia de Fujian<\/li>\n<li>\n<strong>ciudad<\/strong>:Ciudad de Quanzhou<\/li>\n<li>\n<strong>Distritos y condados<\/strong>:Condado de Anxi<\/li>\n<li>\n<strong>Armar<\/strong>:No<\/li>\n<li>\n<strong>volumen del paquete<\/strong>:1 metro c\u00fabico<\/li>\n<li>\n<strong>\u00bfHay taxi disponible para transporte?<\/strong>:No<\/li>\n<li>\n<strong>Dureza del relleno<\/strong>:suave<\/li>\n<li>\n<strong>Posicionamiento de estilo<\/strong>:Lujo de calidad<\/li>\n<li>\n<strong>Gama de acabados de cuero<\/strong>:Superficie de contacto<\/li>\n<\/ul>\n<p><img><\/p>","protected":false},"excerpt":{"rendered":"<p>brand:Nordic home delivery model:44451 Material:Metal pattern:Art style:European sort by color:3+1+1+tea table (brown), 3+1+1+tea table (orange), one table and four chairs<\/p>","protected":false},"featured_media":140204,"comment_status":"open","ping_status":"closed","template":"","meta":[],"product_brand":[],"product_cat":[30862,30971,30856,30850],"product_tag":[],"class_list":{"0":"post-81415","1":"product","2":"type-product","3":"status-publish","4":"has-post-thumbnail","6":"product_cat-wholesales-hotels","7":"product_cat-hp","8":"product_cat-outdoor-furniture","9":"product_cat-wholesale-furniture","11":"first","12":"instock","13":"sale","14":"taxable","15":"shipping-taxable","16":"purchasable","17":"product-type-variable"},"_links":{"self":[{"href":"https:\/\/nexgendecors.com\/es\/wp-json\/wp\/v2\/product\/81415","targetHints":{"allow":["GET"]}}],"collection":[{"href":"https:\/\/nexgendecors.com\/es\/wp-json\/wp\/v2\/product"}],"about":[{"href":"https:\/\/nexgendecors.com\/es\/wp-json\/wp\/v2\/types\/product"}],"replies":[{"embeddable":true,"href":"https:\/\/nexgendecors.com\/es\/wp-json\/wp\/v2\/comments?post=81415"}],"version-history":[{"count":0,"href":"https:\/\/nexgendecors.com\/es\/wp-json\/wp\/v2\/product\/81415\/revisions"}],"wp:featuredmedia":[{"embeddable":true,"href":"https:\/\/nexgendecors.com\/es\/wp-json\/wp\/v2\/media\/140204"}],"wp:attachment":[{"href":"https:\/\/nexgendecors.com\/es\/wp-json\/wp\/v2\/media?parent=81415"}],"wp:term":[{"taxonomy":"product_brand","embeddable":true,"href":"https:\/\/nexgendecors.com\/es\/wp-json\/wp\/v2\/product_brand?post=81415"},{"taxonomy":"product_cat","embeddable":true,"href":"https:\/\/nexgendecors.com\/es\/wp-json\/wp\/v2\/product_cat?post=81415"},{"taxonomy":"product_tag","embeddable":true,"href":"https:\/\/nexgendecors.com\/es\/wp-json\/wp\/v2\/product_tag?post=81415"}],"curies":[{"name":"wp","href":"https:\/\/api.w.org\/{rel}","templated":true}]}}