{"id":81436,"date":"2025-01-26T03:42:47","date_gmt":"2025-01-26T03:42:47","guid":{"rendered":"https:\/\/nexgendecors.com\/product\/school-canteen-dining-table-and-chair-combination-employee-canteen-dining-table-stainless-steel-dining-table-canteen-factory-canteen-dining-table-and-chairs\/"},"modified":"2025-04-07T14:23:20","modified_gmt":"2025-04-07T14:23:20","slug":"school-canteen-dining-table-and-chair-combination-employee-canteen-dining-table-stainless-steel-dining-table-canteen-factory-canteen-dining-table-and-chairs","status":"publish","type":"product","link":"https:\/\/nexgendecors.com\/es\/product\/school-canteen-dining-table-and-chair-combination-employee-canteen-dining-table-stainless-steel-dining-table-canteen-factory-canteen-dining-table-and-chairs\/","title":{"rendered":"Juego de mesa y sillas de comedor de acero inoxidable"},"content":{"rendered":"<ul>\n<li>\n<strong>estilo<\/strong>:Moderno y sencillo<\/li>\n<li>\n<strong>Armar<\/strong>:S\u00ed<\/li>\n<li>\n<strong>Material de acabado<\/strong>:Acero inoxidable<\/li>\n<li>\n<strong>Si tiene funci\u00f3n de cocina de inducci\u00f3n<\/strong>:No<\/li>\n<li>\n<strong>ciudad<\/strong>:Ciudad de Suzhou<\/li>\n<li>\n<strong>Distritos y condados<\/strong>:Distrito de Xiangcheng<\/li>\n<li>\n<strong>volumen del paquete<\/strong>:0.5<\/li>\n<li>\n<strong>forma<\/strong>:rect\u00e1ngulo<\/li>\n<li>\n<strong>N\u00famero de capas<\/strong>:1 historia<\/li>\n<li>\n<strong>Si traer una silla o un taburete<\/strong>:S\u00ed<\/li>\n<li>\n<strong>Estructura del mobiliario<\/strong>:Estructura de soporte<\/li>\n<li>\n<strong>Origen<\/strong>:Provincia de Jiangsu<\/li>\n<li>\n<strong>\u00bfHay un gabinete?<\/strong>:No<\/li>\n<li>\n<strong>Tipo de embalaje<\/strong>:Asamblea<\/li>\n<li>\n<strong>Posicionamiento de estilo<\/strong>:Econ\u00f3mico<\/li>\n<li>\n<strong>ordenar por color<\/strong>:Khaki, Transparent, Yellow, Ginger, Green, White, Peacock Blue, Lake Blue, Lemon Yellow, Black, Color, Bright Yellow, Oak, Sky Blue, White Oak, Dark Oak, Oak, Dark Brown, Kangbite, Six People, Eight People, Stainless Steel Tabletop, White Stainless Steel, Royal Blue, Orange and Green, Stainless Steel 4 People, Stainless Steel Round Stool, White Slate, Oak Slate Tabletop, Blue and Green Slate Tabletop, Ying Yellow, Light Brown, Light Oak, Steel Plate, Colored Fiberglass Square Table, Colored Fiberglass Round Table<\/li>\n<li>\n<strong>marca<\/strong>:Colorful furniture<\/li>\n<li>\n<strong>modelo<\/strong>:One-piece dining table and chairs<\/li>\n<li>\n<strong>elementos populares<\/strong>:otro<\/li>\n<li>\n<strong>Ya sea con rodillo<\/strong>:No<\/li>\n<li>\n<strong>\u00bfEl escritorio es ajustable?<\/strong>:No<\/li>\n<li>\n<strong>\u00bfEs escalable?<\/strong>:No<\/li>\n<li>\n<strong>Si llevar bomba<\/strong>:No<\/li>\n<li>\n<strong>Si llevar un tocadiscos<\/strong>:No<\/li>\n<li>\n<strong>\u00bfEs personalizable?<\/strong>:S\u00ed<\/li>\n<li>\n<strong>Funci\u00f3n<\/strong>:Otro<\/li>\n<li>\n<strong>Detalles de las instrucciones de instalaci\u00f3n<\/strong>:Proporcione instrucciones de instalaci\u00f3n<\/li>\n<li>\n<strong>N\u00famero de personas aplicable<\/strong>:4 personas<\/li>\n<li>\n<strong>\u00bfHay taxi disponible para transporte?<\/strong>:S\u00ed<\/li>\n<li>\n<strong><\/strong>:<\/li>\n<\/ul>\n<p><img><\/p>","protected":false},"excerpt":{"rendered":"<p>estilo:Moderno y sencillo Montar:s\u00ed Material de acabado:Acero inoxidable Si tiene funci\u00f3n de placa de inducci\u00f3n:no ciudad:Suzhou City Distritos y condados:Xiangcheng District paquete<\/p>","protected":false},"featured_media":192370,"comment_status":"open","ping_status":"closed","template":"","meta":[],"product_brand":[],"product_cat":[30900,30971,30866],"product_tag":[],"class_list":{"0":"post-81436","1":"product","2":"type-product","3":"status-publish","4":"has-post-thumbnail","6":"product_cat-bs-school","7":"product_cat-hp","8":"product_cat-wholesales-university-high-schools","10":"first","11":"instock","12":"taxable","13":"shipping-taxable","14":"purchasable","15":"product-type-variable"},"_links":{"self":[{"href":"https:\/\/nexgendecors.com\/es\/wp-json\/wp\/v2\/product\/81436","targetHints":{"allow":["GET"]}}],"collection":[{"href":"https:\/\/nexgendecors.com\/es\/wp-json\/wp\/v2\/product"}],"about":[{"href":"https:\/\/nexgendecors.com\/es\/wp-json\/wp\/v2\/types\/product"}],"replies":[{"embeddable":true,"href":"https:\/\/nexgendecors.com\/es\/wp-json\/wp\/v2\/comments?post=81436"}],"version-history":[{"count":0,"href":"https:\/\/nexgendecors.com\/es\/wp-json\/wp\/v2\/product\/81436\/revisions"}],"wp:featuredmedia":[{"embeddable":true,"href":"https:\/\/nexgendecors.com\/es\/wp-json\/wp\/v2\/media\/192370"}],"wp:attachment":[{"href":"https:\/\/nexgendecors.com\/es\/wp-json\/wp\/v2\/media?parent=81436"}],"wp:term":[{"taxonomy":"product_brand","embeddable":true,"href":"https:\/\/nexgendecors.com\/es\/wp-json\/wp\/v2\/product_brand?post=81436"},{"taxonomy":"product_cat","embeddable":true,"href":"https:\/\/nexgendecors.com\/es\/wp-json\/wp\/v2\/product_cat?post=81436"},{"taxonomy":"product_tag","embeddable":true,"href":"https:\/\/nexgendecors.com\/es\/wp-json\/wp\/v2\/product_tag?post=81436"}],"curies":[{"name":"wp","href":"https:\/\/api.w.org\/{rel}","templated":true}]}}