{"id":81493,"date":"2025-01-26T03:42:53","date_gmt":"2025-01-26T03:42:53","guid":{"rendered":"https:\/\/nexgendecors.com\/product\/second-hand-designer-stainless-steel-single-sofa-chair-living-room-modern-simple-leisure-chair-clothing-store-bauhaus-single-chair\/"},"modified":"2025-04-06T09:37:55","modified_gmt":"2025-04-06T09:37:55","slug":"sillon-individual-de-acero-inoxidable-de-diseno-de-segunda-mano-para-sala-de-estar-moderno-y-sencillo-sillon-de-ocio-tienda-de-ropa-bauhaus","status":"publish","type":"product","link":"https:\/\/nexgendecors.com\/es\/product\/sillon-individual-de-acero-inoxidable-de-diseno-de-segunda-mano-para-sala-de-estar-moderno-y-sencillo-sillon-de-ocio-tienda-de-ropa-bauhaus\/","title":{"rendered":"Sill\u00f3n individual de acero inoxidable Bauhaus \u2013 Ocio moderno"},"content":{"rendered":"<ul>\n<li>\n<strong>marca<\/strong>:otro\/otro<\/li>\n<li>\n<strong>modelo<\/strong>:zx3555577<\/li>\n<li>\n<strong>Material<\/strong>:Metal<\/li>\n<li>\n<strong>Material met\u00e1lico<\/strong>:Acero inoxidable<\/li>\n<li>\n<strong>patr\u00f3n<\/strong>:Arte<\/li>\n<li>\n<strong>estilo<\/strong>:Europa del Norte<\/li>\n<li>\n<strong>elementos populares<\/strong>:Metal<\/li>\n<li>\n<strong>ordenar por color<\/strong>:Amarillo (acero inoxidable met\u00e1lico), negro (acero inoxidable met\u00e1lico), blanco (acero inoxidable met\u00e1lico), admite personalizaci\u00f3n de color y tama\u00f1o<\/li>\n<li>\n<strong>Relleno<\/strong>:Esponja de espuma de alta elasticidad<\/li>\n<li>\n<strong>\u00bfEs personalizable?<\/strong>:S\u00ed<\/li>\n<li>\n<strong>Adecuado<\/strong>:Adultos<\/li>\n<li>\n<strong>\u00bfEs reemplazable?<\/strong>:S\u00ed<\/li>\n<li>\n<strong>Armar<\/strong>:No<\/li>\n<li>\n<strong>\u00bfHay taxi disponible para transporte?<\/strong>:No<\/li>\n<li>\n<strong>Posicionamiento de estilo<\/strong>:Estilo art\u00edstico<\/li>\n<\/ul>\n<p><img><\/p>","protected":false},"excerpt":{"rendered":"<p>Marca: otro\/otro Modelo: zx3555577 Material: metal Material del metal: acero inoxidable Patr\u00f3n: arte Estilo: norte de Europa Elementos populares: metal Ordenar por color: amarillo (metal acero inoxidable), negro (metal acero inoxidable)<\/p>","protected":false},"featured_media":140269,"comment_status":"open","ping_status":"closed","template":"","meta":[],"product_brand":[],"product_cat":[30855,30852,30862,30971,30860,30850],"product_tag":[],"class_list":{"0":"post-81493","1":"product","2":"type-product","3":"status-publish","4":"has-post-thumbnail","6":"product_cat-wholesale-chairs","7":"product_cat-dining-set","8":"product_cat-wholesales-hotels","9":"product_cat-hp","10":"product_cat-wholesale-restaurant","11":"product_cat-wholesale-furniture","13":"first","14":"instock","15":"sale","16":"taxable","17":"shipping-taxable","18":"purchasable","19":"product-type-variable"},"_links":{"self":[{"href":"https:\/\/nexgendecors.com\/es\/wp-json\/wp\/v2\/product\/81493","targetHints":{"allow":["GET"]}}],"collection":[{"href":"https:\/\/nexgendecors.com\/es\/wp-json\/wp\/v2\/product"}],"about":[{"href":"https:\/\/nexgendecors.com\/es\/wp-json\/wp\/v2\/types\/product"}],"replies":[{"embeddable":true,"href":"https:\/\/nexgendecors.com\/es\/wp-json\/wp\/v2\/comments?post=81493"}],"version-history":[{"count":0,"href":"https:\/\/nexgendecors.com\/es\/wp-json\/wp\/v2\/product\/81493\/revisions"}],"wp:featuredmedia":[{"embeddable":true,"href":"https:\/\/nexgendecors.com\/es\/wp-json\/wp\/v2\/media\/140269"}],"wp:attachment":[{"href":"https:\/\/nexgendecors.com\/es\/wp-json\/wp\/v2\/media?parent=81493"}],"wp:term":[{"taxonomy":"product_brand","embeddable":true,"href":"https:\/\/nexgendecors.com\/es\/wp-json\/wp\/v2\/product_brand?post=81493"},{"taxonomy":"product_cat","embeddable":true,"href":"https:\/\/nexgendecors.com\/es\/wp-json\/wp\/v2\/product_cat?post=81493"},{"taxonomy":"product_tag","embeddable":true,"href":"https:\/\/nexgendecors.com\/es\/wp-json\/wp\/v2\/product_tag?post=81493"}],"curies":[{"name":"wp","href":"https:\/\/api.w.org\/{rel}","templated":true}]}}