{"id":81600,"date":"2025-01-26T03:43:16","date_gmt":"2025-01-26T03:43:16","guid":{"rendered":"https:\/\/nexgendecors.com\/product\/sideboard-pure-solid-wood-modern-simple-storage-tea-cabinet-nordic-living-room-integrated-wall-storage-porch-cabinet-storage-2\/"},"modified":"2025-04-06T09:38:06","modified_gmt":"2025-04-06T09:38:06","slug":"sideboard-pure-solid-wood-modern-simple-storage-tea-cabinet-nordic-living-room-integrated-wall-storage-porch-cabinet-storage-2","status":"publish","type":"product","link":"https:\/\/nexgendecors.com\/es\/product\/sideboard-pure-solid-wood-modern-simple-storage-tea-cabinet-nordic-living-room-integrated-wall-storage-porch-cabinet-storage-2\/","title":{"rendered":"Mueble n\u00f3rdico de madera maciza para t\u00e9: una soluci\u00f3n de almacenamiento moderna"},"content":{"rendered":"<ul>\n<li>\n<strong>marca<\/strong>:otro\/otro<\/li>\n<li>\n<strong>modelo<\/strong>:065<\/li>\n<li>\n<strong>Material<\/strong>:Madera<\/li>\n<li>\n<strong>Material de madera<\/strong>:arce<\/li>\n<li>\n<strong>estilo<\/strong>:Moderno y sencillo<\/li>\n<li>\n<strong>ordenar por color<\/strong>:Pure natural 100% pure solid wood imported maple (walnut color + black), pure natural 100% pure solid wood imported maple (walnut color + white), pure natural 100% pure solid wood imported maple (log color + white), pure natural 100% pure solid wood imported maple (warm white), pure natural 100% pure solid wood imported maple (milky white)<\/li>\n<li>\n<strong>Material de acabado<\/strong>:Madera<\/li>\n<li>\n<strong>alto<\/strong>:Por debajo de 900 mm<\/li>\n<li>\n<strong>\u00bfEs personalizable?<\/strong>:S\u00ed<\/li>\n<li>\n<strong>N\u00famero de puertas<\/strong>:Puerta doble<\/li>\n<li>\n<strong>Caracter\u00edsticas adicionales<\/strong>:Almacenamiento<\/li>\n<li>\n<strong>N\u00famero de cajones<\/strong>:3<\/li>\n<li>\n<strong>Estructura del mobiliario<\/strong>:Estructura del marco de la caja<\/li>\n<li>\n<strong>Origen<\/strong>:Llevar a la fuerza<\/li>\n<li>\n<strong>Armar<\/strong>:No<\/li>\n<li>\n<strong>volumen del paquete<\/strong>:0.8<\/li>\n<li>\n<strong>tama\u00f1o<\/strong>:120x40x80cm,150x40x80cm,180x40x80cm<\/li>\n<li>\n<strong><\/strong>:<\/li>\n<\/ul>\n<p><img><\/p>","protected":false},"excerpt":{"rendered":"<p>Marca: otro\/otro Modelo: 065 Material: Madera Material de madera: arce Estilo: moderno y sencillo Ordenar por color: Madera maciza pura 100% natural pura importada de arce (color nogal)<\/p>","protected":false},"featured_media":140441,"comment_status":"open","ping_status":"closed","template":"","meta":[],"product_brand":[],"product_cat":[30862,30971,30850,30851],"product_tag":[],"class_list":{"0":"post-81600","1":"product","2":"type-product","3":"status-publish","4":"has-post-thumbnail","6":"product_cat-wholesales-hotels","7":"product_cat-hp","8":"product_cat-wholesale-furniture","9":"product_cat-wholesale-cabinets","11":"first","12":"instock","13":"taxable","14":"shipping-taxable","15":"purchasable","16":"product-type-variable"},"_links":{"self":[{"href":"https:\/\/nexgendecors.com\/es\/wp-json\/wp\/v2\/product\/81600","targetHints":{"allow":["GET"]}}],"collection":[{"href":"https:\/\/nexgendecors.com\/es\/wp-json\/wp\/v2\/product"}],"about":[{"href":"https:\/\/nexgendecors.com\/es\/wp-json\/wp\/v2\/types\/product"}],"replies":[{"embeddable":true,"href":"https:\/\/nexgendecors.com\/es\/wp-json\/wp\/v2\/comments?post=81600"}],"version-history":[{"count":0,"href":"https:\/\/nexgendecors.com\/es\/wp-json\/wp\/v2\/product\/81600\/revisions"}],"wp:featuredmedia":[{"embeddable":true,"href":"https:\/\/nexgendecors.com\/es\/wp-json\/wp\/v2\/media\/140441"}],"wp:attachment":[{"href":"https:\/\/nexgendecors.com\/es\/wp-json\/wp\/v2\/media?parent=81600"}],"wp:term":[{"taxonomy":"product_brand","embeddable":true,"href":"https:\/\/nexgendecors.com\/es\/wp-json\/wp\/v2\/product_brand?post=81600"},{"taxonomy":"product_cat","embeddable":true,"href":"https:\/\/nexgendecors.com\/es\/wp-json\/wp\/v2\/product_cat?post=81600"},{"taxonomy":"product_tag","embeddable":true,"href":"https:\/\/nexgendecors.com\/es\/wp-json\/wp\/v2\/product_tag?post=81600"}],"curies":[{"name":"wp","href":"https:\/\/api.w.org\/{rel}","templated":true}]}}