{"id":81859,"date":"2025-01-26T03:43:54","date_gmt":"2025-01-26T03:43:54","guid":{"rendered":"https:\/\/nexgendecors.com\/product\/simple-modern-restaurant-lamp-wabi-sabi-style-dining-room-table-chandelier-nordic-minimalist-designer-bar-small-hanging-line-lamp\/"},"modified":"2025-03-07T13:36:35","modified_gmt":"2025-03-07T13:36:35","slug":"lampara-de-restaurante-moderna-y-sencilla-estilo-wabi-sabi-para-mesa-de-comedor-lampara-colgante-de-linea-pequena-de-diseno-minimalista-nordico-para-bar","status":"publish","type":"product","link":"https:\/\/nexgendecors.com\/es\/product\/lampara-de-restaurante-moderna-y-sencilla-estilo-wabi-sabi-para-mesa-de-comedor-lampara-colgante-de-linea-pequena-de-diseno-minimalista-nordico-para-bar\/","title":{"rendered":"L\u00e1mpara de ara\u00f1a Wabi-Sabi: l\u00e1mpara de comedor minimalista n\u00f3rdica"},"content":{"rendered":"<ul>\n<li>\n<strong>marca<\/strong>:AOZZO\/AODO<\/li>\n<li>\n<strong>modelo<\/strong>:CP-20220615<\/li>\n<li>\n<strong>estilo<\/strong>:Simple y moderno<\/li>\n<li>\n<strong>Tipo de l\u00e1mpara de ara\u00f1a<\/strong>:Otro<\/li>\n<li>\n<strong>Material principal del cuerpo de la l\u00e1mpara.<\/strong>:hierro<\/li>\n<li>\n<strong>Material principal de la pantalla de la l\u00e1mpara<\/strong>:Pantalla de PMMA de alta transmitancia de luz<\/li>\n<li>\n<strong>Voltaje<\/strong>:111 V ~ 240 V (inclusive)<\/li>\n<li>\n<strong>Tipo inteligente<\/strong>:Conectado a Tmall Genie<\/li>\n<li>\n<strong>\u00c1rea de irradiaci\u00f3n<\/strong>:3\u33a1-5\u33a1 5\u33a1-10\u33a1<\/li>\n<li>\n<strong>Forma de la l\u00e1mpara<\/strong>:Otras l\u00e1mparas de ara\u00f1a con formas especiales<\/li>\n<li>\n<strong>Ya sea control inteligente<\/strong>:S\u00ed<\/li>\n<li>\n<strong>N\u00famero de cabezales de l\u00e1mpara<\/strong>:1<\/li>\n<li>\n<strong>ordenar por color<\/strong>:Modelo de bienestar [Secci\u00f3n A] Blanco \u03c617 [Fuente de luz autocomprada] Modelo de bienestar [Secci\u00f3n B] Blanco \u03c638 [Fuente de luz autocomprada] Modelo de bienestar [Secci\u00f3n B] Negro \u03c638 [Fuente de luz autocomprada] Modelo de bienestar [Secci\u00f3n B] Amarillo \u03c645 [Fuente de luz autocomprada] Modelo de bienestar [Secci\u00f3n B] Negro \u03c646 [Fuente de luz autocomprada] Modelo de bienestar [Secci\u00f3n B] Blanco \u03c646 [Fuente de luz autocomprada] Modelo de bienestar [Secci\u00f3n B] Amarillo \u03c646 [Fuente de luz autocomprada] Modelo de bienestar [Secci\u00f3n C] Verde \u03c631 [Fuente de luz autocomprada] Modelo de bienestar [Secci\u00f3n C] Negro \u03c642 [Fuente de luz autocomprada] Modelo de bienestar [Secci\u00f3n C] Verde \u03c642 [Fuente de luz autocomprada] Modelo de bienestar [Secci\u00f3n E] Azul \u03c626 [Fuente de luz autocomprada] Modelo de bienestar [Secci\u00f3n F] Azul \u03c628 [Fuente de luz autocomprada] Modelo de bienestar KDL30358 Oro C<\/li>\n<li>\n<strong>N\u00famero de certificado 3C<\/strong>:2020171001003187<\/li>\n<\/ul>\n<p><img><\/p>","protected":false},"excerpt":{"rendered":"<p>brand:AOZZO\/AODO model:CP-20220615 style:Simple and modern Chandelier Type:Other Main material of lamp body:iron Lampshade main material:PMMA high light transmittance lampshade Voltage:111V~240V<\/p>","protected":false},"featured_media":140702,"comment_status":"open","ping_status":"closed","template":"","meta":[],"product_brand":[],"product_cat":[30971,30864],"product_tag":[],"class_list":{"0":"post-81859","1":"product","2":"type-product","3":"status-publish","4":"has-post-thumbnail","6":"product_cat-hp","7":"product_cat-new-wholesales-lights","9":"first","10":"instock","11":"sale","12":"taxable","13":"shipping-taxable","14":"purchasable","15":"product-type-variable"},"_links":{"self":[{"href":"https:\/\/nexgendecors.com\/es\/wp-json\/wp\/v2\/product\/81859","targetHints":{"allow":["GET"]}}],"collection":[{"href":"https:\/\/nexgendecors.com\/es\/wp-json\/wp\/v2\/product"}],"about":[{"href":"https:\/\/nexgendecors.com\/es\/wp-json\/wp\/v2\/types\/product"}],"replies":[{"embeddable":true,"href":"https:\/\/nexgendecors.com\/es\/wp-json\/wp\/v2\/comments?post=81859"}],"version-history":[{"count":0,"href":"https:\/\/nexgendecors.com\/es\/wp-json\/wp\/v2\/product\/81859\/revisions"}],"wp:featuredmedia":[{"embeddable":true,"href":"https:\/\/nexgendecors.com\/es\/wp-json\/wp\/v2\/media\/140702"}],"wp:attachment":[{"href":"https:\/\/nexgendecors.com\/es\/wp-json\/wp\/v2\/media?parent=81859"}],"wp:term":[{"taxonomy":"product_brand","embeddable":true,"href":"https:\/\/nexgendecors.com\/es\/wp-json\/wp\/v2\/product_brand?post=81859"},{"taxonomy":"product_cat","embeddable":true,"href":"https:\/\/nexgendecors.com\/es\/wp-json\/wp\/v2\/product_cat?post=81859"},{"taxonomy":"product_tag","embeddable":true,"href":"https:\/\/nexgendecors.com\/es\/wp-json\/wp\/v2\/product_tag?post=81859"}],"curies":[{"name":"wp","href":"https:\/\/api.w.org\/{rel}","templated":true}]}}