{"id":81873,"date":"2025-01-26T03:43:56","date_gmt":"2025-01-26T03:43:56","guid":{"rendered":"https:\/\/nexgendecors.com\/product\/simple-modern-style-auditorium-chair-hall-conference-room-row-chair-with-writing-board-multimedia-classroom-chair-cinema-seat\/"},"modified":"2025-03-09T08:57:32","modified_gmt":"2025-03-09T08:57:32","slug":"silla-de-auditorio-de-estilo-moderno-y-sencillo-silla-de-fila-para-sala-de-conferencias-con-tablero-de-escritura-silla-de-aula-multimedia-asiento-de-cine","status":"publish","type":"product","link":"https:\/\/nexgendecors.com\/es\/product\/silla-de-auditorio-de-estilo-moderno-y-sencillo-silla-de-fila-para-sala-de-conferencias-con-tablero-de-escritura-silla-de-aula-multimedia-asiento-de-cine\/","title":{"rendered":"Silla de auditorio moderna con tablero para escribir y funciones multimedia"},"content":{"rendered":"<ul>\n<li>\n<strong>marca<\/strong>:Julemi<\/li>\n<li>\n<strong>modelo<\/strong>:CH-001<\/li>\n<li>\n<strong>Material<\/strong>:Madera maciza<\/li>\n<li>\n<strong>ordenar por color<\/strong>:Accesorios de caja de pl\u00e1stico azul<\/li>\n<li>\n<strong>Servicio en la ciudad<\/strong>:Log\u00edstica intraurbana de entrega puerta a puerta<\/li>\n<li>\n<strong>Normas ambientales<\/strong>:Otro<\/li>\n<li>\n<strong>\u00bfEs personalizable?<\/strong>:S\u00ed<\/li>\n<li>\n<strong>\u00bfHay un tablero para escribir?<\/strong>:S\u00ed<\/li>\n<li>\n<strong>\u00bfHay un canal para cables?<\/strong>:S\u00ed<\/li>\n<li>\n<strong>\u00bfEst\u00e1 disponible la preventa?<\/strong>:No<\/li>\n<li>\n<strong><\/strong>:<\/li>\n<\/ul>\n<p><img><\/p>","protected":false},"excerpt":{"rendered":"<p>Marca: Julemi Modelo: CH-001 Material: Madera maciza Ordenar por color: Caja de pl\u00e1stico azul Accesorios Servicio en la ciudad: Log\u00edstica intraurbana entrega puerta a puerta Est\u00e1ndares ambientales: Otros \u00bfEs personalizable?: S\u00ed<\/p>","protected":false},"featured_media":140705,"comment_status":"open","ping_status":"closed","template":"","meta":[],"product_brand":[],"product_cat":[30900,30863,30971,30866],"product_tag":[],"class_list":{"0":"post-81873","1":"product","2":"type-product","3":"status-publish","4":"has-post-thumbnail","6":"product_cat-bs-school","7":"product_cat-wholesales-cinema-theater","8":"product_cat-hp","9":"product_cat-wholesales-university-high-schools","11":"first","12":"instock","13":"taxable","14":"shipping-taxable","15":"purchasable","16":"product-type-variable"},"_links":{"self":[{"href":"https:\/\/nexgendecors.com\/es\/wp-json\/wp\/v2\/product\/81873","targetHints":{"allow":["GET"]}}],"collection":[{"href":"https:\/\/nexgendecors.com\/es\/wp-json\/wp\/v2\/product"}],"about":[{"href":"https:\/\/nexgendecors.com\/es\/wp-json\/wp\/v2\/types\/product"}],"replies":[{"embeddable":true,"href":"https:\/\/nexgendecors.com\/es\/wp-json\/wp\/v2\/comments?post=81873"}],"version-history":[{"count":0,"href":"https:\/\/nexgendecors.com\/es\/wp-json\/wp\/v2\/product\/81873\/revisions"}],"wp:featuredmedia":[{"embeddable":true,"href":"https:\/\/nexgendecors.com\/es\/wp-json\/wp\/v2\/media\/140705"}],"wp:attachment":[{"href":"https:\/\/nexgendecors.com\/es\/wp-json\/wp\/v2\/media?parent=81873"}],"wp:term":[{"taxonomy":"product_brand","embeddable":true,"href":"https:\/\/nexgendecors.com\/es\/wp-json\/wp\/v2\/product_brand?post=81873"},{"taxonomy":"product_cat","embeddable":true,"href":"https:\/\/nexgendecors.com\/es\/wp-json\/wp\/v2\/product_cat?post=81873"},{"taxonomy":"product_tag","embeddable":true,"href":"https:\/\/nexgendecors.com\/es\/wp-json\/wp\/v2\/product_tag?post=81873"}],"curies":[{"name":"wp","href":"https:\/\/api.w.org\/{rel}","templated":true}]}}