{"id":81877,"date":"2025-01-26T03:43:58","date_gmt":"2025-01-26T03:43:58","guid":{"rendered":"https:\/\/nexgendecors.com\/product\/simple-modern-wall-lamp-creative-art-light-luxury-postmodern-nordic-living-room-background-wall-bedroom-bedside-corridor-lamp\/"},"modified":"2025-04-06T09:38:51","modified_gmt":"2025-04-06T09:38:51","slug":"simple-modern-wall-lamp-creative-art-light-luxury-postmodern-nordic-living-room-background-wall-bedroom-bedside-corridor-lamp","status":"publish","type":"product","link":"https:\/\/nexgendecors.com\/es\/product\/simple-modern-wall-lamp-creative-art-light-luxury-postmodern-nordic-living-room-background-wall-bedroom-bedside-corridor-lamp\/","title":{"rendered":"Nordic Luxury Wall Lamp &#8211; Modern Art Light for Living Room"},"content":{"rendered":"<ul>\n<li>\n<strong>marca<\/strong>:Luz de estrella<\/li>\n<li>\n<strong>modelo<\/strong>:XBDD01<\/li>\n<li>\n<strong>estilo<\/strong>:Posmoderno<\/li>\n<li>\n<strong>Espacio aplicable<\/strong>:Living Room Dining Room Kitchen Study Bedroom<\/li>\n<li>\n<strong>ordenar por color<\/strong>:Model D &#8211; Deer antler black Model D &#8211; Deer antler gold Model B &#8211; Multi-layer fan-shaped black Model B &#8211; Multi-layer fan-shaped gold Model C &#8211; Arc-shaped black Model C &#8211; Arc-shaped gold Model E &#8211; Trapezoidal black Model E &#8211; Trapezoidal gold Model F &#8211; Five-pointed star black Model F &#8211; Five-pointed star gold Model G &#8211; Small windmill black Model G &#8211; Small windmill gold Model H &#8211; Oblique black Model H &#8211; Oblique gold Model I &#8211; Conical black Model I &#8211; Conical gold<\/li>\n<li>\n<strong>\u00bfLa l\u00e1mpara tiene una fuente de luz?<\/strong>:S\u00ed<\/li>\n<li>\n<strong>Voltaje<\/strong>:111 V ~ 240 V (inclusive)<\/li>\n<li>\n<strong>Material principal del cuerpo de la l\u00e1mpara.<\/strong>:hierro<\/li>\n<li>\n<strong>Material principal de la pantalla de la l\u00e1mpara<\/strong>:hierro<\/li>\n<li>\n<strong>tipo de fuente de luz<\/strong>:L\u00e1mparas incandescentes, l\u00e1mparas de bajo consumo, l\u00e1mparas LED<\/li>\n<li>\n<strong>N\u00famero de fuentes de luz<\/strong>:1<\/li>\n<li>\n<strong>Tecnolog\u00eda<\/strong>:Escarchado de pintura en aerosol<\/li>\n<li>\n<strong>\u00c1rea de irradiaci\u00f3n<\/strong>:3\u33a1-5\u33a1<\/li>\n<li>\n<strong>Tipo de control<\/strong>:otro<\/li>\n<li>\n<strong>Material auxiliar para pantallas de l\u00e1mparas<\/strong>:hierro<\/li>\n<li>\n<strong>Per\u00edodo de garant\u00eda<\/strong>:3 a\u00f1os<\/li>\n<li>\n<strong>Material auxiliar del cuerpo de la l\u00e1mpara<\/strong>:hierro<\/li>\n<li>\n<strong>Tipo inteligente<\/strong>:No hay soporte para smart<\/li>\n<li>\n<strong>Ya sea control inteligente<\/strong>:No<\/li>\n<li>\n<strong>N\u00famero de certificado 3C<\/strong>:2021011001365179<\/li>\n<\/ul>\n<p><img><\/p>","protected":false},"excerpt":{"rendered":"<p>brand:Star Light model:XBDD01 style:Postmodern Applicable space:Living Room Dining Room Kitchen Study Bedroom sort by color:Model D &#8211; Deer antler black<\/p>","protected":false},"featured_media":140730,"comment_status":"open","ping_status":"closed","template":"","meta":[],"product_brand":[],"product_cat":[30971,30864],"product_tag":[],"class_list":{"0":"post-81877","1":"product","2":"type-product","3":"status-publish","4":"has-post-thumbnail","6":"product_cat-hp","7":"product_cat-new-wholesales-lights","9":"first","10":"instock","11":"taxable","12":"shipping-taxable","13":"purchasable","14":"product-type-variable"},"_links":{"self":[{"href":"https:\/\/nexgendecors.com\/es\/wp-json\/wp\/v2\/product\/81877","targetHints":{"allow":["GET"]}}],"collection":[{"href":"https:\/\/nexgendecors.com\/es\/wp-json\/wp\/v2\/product"}],"about":[{"href":"https:\/\/nexgendecors.com\/es\/wp-json\/wp\/v2\/types\/product"}],"replies":[{"embeddable":true,"href":"https:\/\/nexgendecors.com\/es\/wp-json\/wp\/v2\/comments?post=81877"}],"version-history":[{"count":0,"href":"https:\/\/nexgendecors.com\/es\/wp-json\/wp\/v2\/product\/81877\/revisions"}],"wp:featuredmedia":[{"embeddable":true,"href":"https:\/\/nexgendecors.com\/es\/wp-json\/wp\/v2\/media\/140730"}],"wp:attachment":[{"href":"https:\/\/nexgendecors.com\/es\/wp-json\/wp\/v2\/media?parent=81877"}],"wp:term":[{"taxonomy":"product_brand","embeddable":true,"href":"https:\/\/nexgendecors.com\/es\/wp-json\/wp\/v2\/product_brand?post=81877"},{"taxonomy":"product_cat","embeddable":true,"href":"https:\/\/nexgendecors.com\/es\/wp-json\/wp\/v2\/product_cat?post=81877"},{"taxonomy":"product_tag","embeddable":true,"href":"https:\/\/nexgendecors.com\/es\/wp-json\/wp\/v2\/product_tag?post=81877"}],"curies":[{"name":"wp","href":"https:\/\/api.w.org\/{rel}","templated":true}]}}