{"id":81985,"date":"2025-01-26T03:44:22","date_gmt":"2025-01-26T03:44:22","guid":{"rendered":"https:\/\/nexgendecors.com\/product\/single-sofa-multifunctional-leisure-recliner-eames-electric-recliner-first-class-computer-chair-lunch-break-office-chair\/"},"modified":"2025-03-11T14:29:52","modified_gmt":"2025-03-11T14:29:52","slug":"single-sofa-multifunctional-leisure-recliner-eames-electric-recliner-first-class-computer-chair-lunch-break-office-chair","status":"publish","type":"product","link":"https:\/\/nexgendecors.com\/es\/product\/single-sofa-multifunctional-leisure-recliner-eames-electric-recliner-first-class-computer-chair-lunch-break-office-chair\/","title":{"rendered":"Sill\u00f3n reclinable el\u00e9ctrico Eames: elegante sill\u00f3n de oficina para el tiempo libre"},"content":{"rendered":"<ul>\n<li>\n<strong>marca<\/strong>:Arroz Trigo<\/li>\n<li>\n<strong>modelo<\/strong>:605<\/li>\n<li>\n<strong>\u00bfPuedo acostarme?<\/strong>:S\u00ed<\/li>\n<li>\n<strong>Tipo de pasamanos<\/strong>:Reposabrazos fijo<\/li>\n<li>\n<strong>Material del asiento<\/strong>:Arte en cuero<\/li>\n<li>\n<strong>\u00bfSe puede subir o bajar?<\/strong>:No<\/li>\n<li>\n<strong>Material para pies de cinco estrellas<\/strong>:Pies de aleaci\u00f3n de aluminio<\/li>\n<li>\n<strong>Material de tela<\/strong>:Cuero artificial<\/li>\n<li>\n<strong>ordenar por color<\/strong>:Walnut wood grain + black leather 170\u00b0 reclining Walnut wood grain + black (imported cowhide) 170\u00b0 reclining Walnut wood grain + khaki leather 170\u00b0 reclining Walnut wood grain + khaki (imported cowhide) 170\u00b0 reclining<\/li>\n<li>\n<strong><\/strong>:<\/li>\n<\/ul>\n<p><img><\/p>","protected":false},"excerpt":{"rendered":"<p>Marca: Rice Wheat Modelo: 605 \u00bfPuedo acostarme?: S\u00ed Tipo de pasamanos: Reposabrazos fijo Material del asiento: Cuero artificial \u00bfSe puede subir o bajar?: No Cinco estrellas<\/p>","protected":false},"featured_media":140856,"comment_status":"open","ping_status":"closed","template":"","meta":[],"product_brand":[],"product_cat":[30901,30971,30859],"product_tag":[],"class_list":{"0":"post-81985","1":"product","2":"type-product","3":"status-publish","4":"has-post-thumbnail","6":"product_cat-bs-office","7":"product_cat-hp","8":"product_cat-wholesale-office","10":"first","11":"instock","12":"sale","13":"taxable","14":"shipping-taxable","15":"purchasable","16":"product-type-variable"},"_links":{"self":[{"href":"https:\/\/nexgendecors.com\/es\/wp-json\/wp\/v2\/product\/81985","targetHints":{"allow":["GET"]}}],"collection":[{"href":"https:\/\/nexgendecors.com\/es\/wp-json\/wp\/v2\/product"}],"about":[{"href":"https:\/\/nexgendecors.com\/es\/wp-json\/wp\/v2\/types\/product"}],"replies":[{"embeddable":true,"href":"https:\/\/nexgendecors.com\/es\/wp-json\/wp\/v2\/comments?post=81985"}],"version-history":[{"count":0,"href":"https:\/\/nexgendecors.com\/es\/wp-json\/wp\/v2\/product\/81985\/revisions"}],"wp:featuredmedia":[{"embeddable":true,"href":"https:\/\/nexgendecors.com\/es\/wp-json\/wp\/v2\/media\/140856"}],"wp:attachment":[{"href":"https:\/\/nexgendecors.com\/es\/wp-json\/wp\/v2\/media?parent=81985"}],"wp:term":[{"taxonomy":"product_brand","embeddable":true,"href":"https:\/\/nexgendecors.com\/es\/wp-json\/wp\/v2\/product_brand?post=81985"},{"taxonomy":"product_cat","embeddable":true,"href":"https:\/\/nexgendecors.com\/es\/wp-json\/wp\/v2\/product_cat?post=81985"},{"taxonomy":"product_tag","embeddable":true,"href":"https:\/\/nexgendecors.com\/es\/wp-json\/wp\/v2\/product_tag?post=81985"}],"curies":[{"name":"wp","href":"https:\/\/api.w.org\/{rel}","templated":true}]}}