{"id":82062,"date":"2025-01-26T03:44:34","date_gmt":"2025-01-26T03:44:34","guid":{"rendered":"https:\/\/nexgendecors.com\/product\/small-apartment-wash-basin-integrated-basin-wall-mounted-wash-basin-terrazzo-ceramic-wash-basin-mini-wall-mounted-wash-basin-2\/"},"modified":"2025-04-06T09:39:02","modified_gmt":"2025-04-06T09:39:02","slug":"lavabo-para-apartamento-pequeno-lavabo-integrado-lavabo-de-pared-lavabo-de-ceramica-de-terrazo-mini-lavabo-de-pared-2","status":"publish","type":"product","link":"https:\/\/nexgendecors.com\/es\/product\/lavabo-para-apartamento-pequeno-lavabo-integrado-lavabo-de-pared-lavabo-de-ceramica-de-terrazo-mini-lavabo-de-pared-2\/","title":{"rendered":"Terrazzo Mini Wall-Mounted Wash Basin &#8211; Stylish &#038; Compact"},"content":{"rendered":"<ul>\n<li>\n<strong>marca<\/strong>:MDTNOFR<\/li>\n<li>\n<strong>modelo<\/strong>:G-346346<\/li>\n<li>\n<strong>Apertura del grifo<\/strong>:Un solo agujero<\/li>\n<li>\n<strong>Origen<\/strong>:China continental<\/li>\n<li>\n<strong>provincia<\/strong>:Provincia de Guangdong<\/li>\n<li>\n<strong>ciudad<\/strong>:Ciudad de Chaozhou<\/li>\n<li>\n<strong>Material<\/strong>:cer\u00e1mica<\/li>\n<li>\n<strong>capacidad<\/strong>:9L<\/li>\n<li>\n<strong>Servicio en la ciudad<\/strong>:Log\u00edstica intraurbana de entrega puerta a puerta<\/li>\n<li>\n<strong>ordenar por color<\/strong>:Terrazzo style, Terrazzo without faucet hole, Snowflake style, FF black faucet, Swan style faucet, Pull-out style faucet, Single cold black faucet<\/li>\n<\/ul>\n<p><img><\/p>","protected":false},"excerpt":{"rendered":"<p>Marca: MDTNOFR Modelo: G-346346 Apertura del grifo: Orificio \u00fanico Origen: China continental Provincia: Provincia de Guangdong Ciudad: Ciudad de Chaozhou Material: Cer\u00e1mica Capacidad: 9L Servicio en la ciudad: Log\u00edstica intraurbana Entrega puerta a puerta Ordenar por<\/p>","protected":false},"featured_media":140949,"comment_status":"open","ping_status":"closed","template":"","meta":[],"product_brand":[],"product_cat":[30971,30880],"product_tag":[],"class_list":{"0":"post-82062","1":"product","2":"type-product","3":"status-publish","4":"has-post-thumbnail","6":"product_cat-hp","7":"product_cat-wholesales-bathroom-sink","9":"first","10":"instock","11":"taxable","12":"shipping-taxable","13":"purchasable","14":"product-type-variable"},"_links":{"self":[{"href":"https:\/\/nexgendecors.com\/es\/wp-json\/wp\/v2\/product\/82062","targetHints":{"allow":["GET"]}}],"collection":[{"href":"https:\/\/nexgendecors.com\/es\/wp-json\/wp\/v2\/product"}],"about":[{"href":"https:\/\/nexgendecors.com\/es\/wp-json\/wp\/v2\/types\/product"}],"replies":[{"embeddable":true,"href":"https:\/\/nexgendecors.com\/es\/wp-json\/wp\/v2\/comments?post=82062"}],"version-history":[{"count":0,"href":"https:\/\/nexgendecors.com\/es\/wp-json\/wp\/v2\/product\/82062\/revisions"}],"wp:featuredmedia":[{"embeddable":true,"href":"https:\/\/nexgendecors.com\/es\/wp-json\/wp\/v2\/media\/140949"}],"wp:attachment":[{"href":"https:\/\/nexgendecors.com\/es\/wp-json\/wp\/v2\/media?parent=82062"}],"wp:term":[{"taxonomy":"product_brand","embeddable":true,"href":"https:\/\/nexgendecors.com\/es\/wp-json\/wp\/v2\/product_brand?post=82062"},{"taxonomy":"product_cat","embeddable":true,"href":"https:\/\/nexgendecors.com\/es\/wp-json\/wp\/v2\/product_cat?post=82062"},{"taxonomy":"product_tag","embeddable":true,"href":"https:\/\/nexgendecors.com\/es\/wp-json\/wp\/v2\/product_tag?post=82062"}],"curies":[{"name":"wp","href":"https:\/\/api.w.org\/{rel}","templated":true}]}}