{"id":82404,"date":"2025-01-26T03:45:12","date_gmt":"2025-01-26T03:45:12","guid":{"rendered":"https:\/\/nexgendecors.com\/product\/nordic-solid-wood-bar-chair-home-log-back-high-stool-modern-minimalist-bar-chair-ash-creative-bar-chair\/"},"modified":"2025-04-06T09:39:27","modified_gmt":"2025-04-06T09:39:27","slug":"silla-de-bar-nordica-de-madera-maciza-taburete-alto-con-respaldo-de-madera-moderna-y-minimalista-silla-de-bar-creativa-de-fresno","status":"publish","type":"product","link":"https:\/\/nexgendecors.com\/es\/product\/silla-de-bar-nordica-de-madera-maciza-taburete-alto-con-respaldo-de-madera-moderna-y-minimalista-silla-de-bar-creativa-de-fresno\/","title":{"rendered":"Silla de bar RAMON de madera maciza - Dise\u00f1o elegante y duradero"},"content":{"rendered":"<p><meta charset=\"utf-8\"><\/p>\n<div class=\"title--wrap--1hk9Gx3\" data-mce-fragment=\"1\">\n<p><span data-mce-fragment=\"1\">Silla RAMON para barras de bar y alf\u00e9izares. La silla de bar RAMON har\u00e1 sensaci\u00f3n en cualquier espacio.\u00a0<\/span><\/p>\n<p><strong>NOMBRE:<\/strong><br \/><span data-mce-fragment=\"1\">Silla de bar de madera maciza | RAMON<\/span><br \/><strong><\/strong><\/p>\n<p><strong>MATERIALES:<\/strong><br \/>Asiento tapizado en tela<br \/>Pata de madera de fresno americano<br \/>Declaraci\u00f3n escandinava y chic<\/p>\n<\/div>","protected":false},"excerpt":{"rendered":"<p>Silla RAMON para barras de bar y alf\u00e9izares. La silla de bar RAMON har\u00e1 sensaci\u00f3n en cualquier espacio.\u00a0<\/p>","protected":false},"featured_media":141243,"comment_status":"open","ping_status":"closed","template":"","meta":[],"product_brand":[],"product_cat":[30971,32],"product_tag":[12259,12260],"class_list":{"0":"post-82404","1":"product","2":"type-product","3":"status-publish","4":"has-post-thumbnail","6":"product_cat-hp","7":"product_cat-residential-furniture","8":"product_tag-_wf_cus","9":"product_tag-_wf_exc","11":"first","12":"instock","13":"sale","14":"taxable","15":"shipping-taxable","16":"purchasable","17":"product-type-simple"},"_links":{"self":[{"href":"https:\/\/nexgendecors.com\/es\/wp-json\/wp\/v2\/product\/82404","targetHints":{"allow":["GET"]}}],"collection":[{"href":"https:\/\/nexgendecors.com\/es\/wp-json\/wp\/v2\/product"}],"about":[{"href":"https:\/\/nexgendecors.com\/es\/wp-json\/wp\/v2\/types\/product"}],"replies":[{"embeddable":true,"href":"https:\/\/nexgendecors.com\/es\/wp-json\/wp\/v2\/comments?post=82404"}],"version-history":[{"count":0,"href":"https:\/\/nexgendecors.com\/es\/wp-json\/wp\/v2\/product\/82404\/revisions"}],"wp:featuredmedia":[{"embeddable":true,"href":"https:\/\/nexgendecors.com\/es\/wp-json\/wp\/v2\/media\/141243"}],"wp:attachment":[{"href":"https:\/\/nexgendecors.com\/es\/wp-json\/wp\/v2\/media?parent=82404"}],"wp:term":[{"taxonomy":"product_brand","embeddable":true,"href":"https:\/\/nexgendecors.com\/es\/wp-json\/wp\/v2\/product_brand?post=82404"},{"taxonomy":"product_cat","embeddable":true,"href":"https:\/\/nexgendecors.com\/es\/wp-json\/wp\/v2\/product_cat?post=82404"},{"taxonomy":"product_tag","embeddable":true,"href":"https:\/\/nexgendecors.com\/es\/wp-json\/wp\/v2\/product_tag?post=82404"}],"curies":[{"name":"wp","href":"https:\/\/api.w.org\/{rel}","templated":true}]}}