{"id":82595,"date":"2025-01-26T03:45:41","date_gmt":"2025-01-26T03:45:41","guid":{"rendered":"https:\/\/nexgendecors.com\/product\/solid-wood-simple-special-shaped-desk-personality-designer-oval-high-end-negotiation-long-table-creative-desk-workbench\/"},"modified":"2025-04-06T09:40:02","modified_gmt":"2025-04-06T09:40:02","slug":"solid-wood-simple-special-shaped-desk-personality-designer-oval-high-end-negotiation-long-table-creative-desk-workbench","status":"publish","type":"product","link":"https:\/\/nexgendecors.com\/es\/product\/solid-wood-simple-special-shaped-desk-personality-designer-oval-high-end-negotiation-long-table-creative-desk-workbench\/","title":{"rendered":"Escritorio de negociaci\u00f3n ovalado de dise\u00f1o en madera maciza: estilo de alta gama"},"content":{"rendered":"<ul>\n<li>\n<strong>Funci\u00f3n<\/strong>:Mobile, Free combination, Detachable, Other<\/li>\n<li>\n<strong>Material<\/strong>:Madera maciza<\/li>\n<li>\n<strong>forma<\/strong>:Oval<\/li>\n<li>\n<strong>Origen<\/strong>:Provincia de Fujian<\/li>\n<li>\n<strong>N\u00famero de personas aplicable<\/strong>:6-10 personas<\/li>\n<li>\n<strong>ordenar por color<\/strong>:140*70*75,160*70*75,180*80*75,200*80*75,220*90*75,240*90*75,260*100*75, support color and size customization<\/li>\n<li>\n<strong>\u00bfEs personalizable?<\/strong>:S\u00ed<\/li>\n<li>\n<strong>Armar<\/strong>:S\u00ed<\/li>\n<li>\n<strong>\u00bfHay taxi disponible para transporte?<\/strong>:No<\/li>\n<li>\n<strong>Detalles de las instrucciones de instalaci\u00f3n<\/strong>:Proporcione herramientas de instalaci\u00f3n sencillas<\/li>\n<li>\n<strong>longitud<\/strong>:200cm<\/li>\n<li>\n<strong><\/strong>:<\/li>\n<\/ul>\n<p><img><\/p>","protected":false},"excerpt":{"rendered":"<p>Funci\u00f3n: M\u00f3vil, Combinaci\u00f3n libre, Desmontable, Otro Material: Madera maciza Forma: Ovalada Origen: Provincia de Fujian N\u00famero aplicable de personas: 6-10 personas Ordenar por color: 140*70*75,160*70*75,180*80*75,200*80*75,220*90*75,240*90*75,260*100*75, color de soporte<\/p>","protected":false},"featured_media":141423,"comment_status":"open","ping_status":"closed","template":"","meta":[],"product_brand":[],"product_cat":[30852,30971,30859,30861],"product_tag":[],"class_list":{"0":"post-82595","1":"product","2":"type-product","3":"status-publish","4":"has-post-thumbnail","6":"product_cat-dining-set","7":"product_cat-hp","8":"product_cat-wholesale-office","9":"product_cat-wholesale-tables","11":"first","12":"instock","13":"sale","14":"taxable","15":"shipping-taxable","16":"purchasable","17":"product-type-variable"},"_links":{"self":[{"href":"https:\/\/nexgendecors.com\/es\/wp-json\/wp\/v2\/product\/82595","targetHints":{"allow":["GET"]}}],"collection":[{"href":"https:\/\/nexgendecors.com\/es\/wp-json\/wp\/v2\/product"}],"about":[{"href":"https:\/\/nexgendecors.com\/es\/wp-json\/wp\/v2\/types\/product"}],"replies":[{"embeddable":true,"href":"https:\/\/nexgendecors.com\/es\/wp-json\/wp\/v2\/comments?post=82595"}],"version-history":[{"count":0,"href":"https:\/\/nexgendecors.com\/es\/wp-json\/wp\/v2\/product\/82595\/revisions"}],"wp:featuredmedia":[{"embeddable":true,"href":"https:\/\/nexgendecors.com\/es\/wp-json\/wp\/v2\/media\/141423"}],"wp:attachment":[{"href":"https:\/\/nexgendecors.com\/es\/wp-json\/wp\/v2\/media?parent=82595"}],"wp:term":[{"taxonomy":"product_brand","embeddable":true,"href":"https:\/\/nexgendecors.com\/es\/wp-json\/wp\/v2\/product_brand?post=82595"},{"taxonomy":"product_cat","embeddable":true,"href":"https:\/\/nexgendecors.com\/es\/wp-json\/wp\/v2\/product_cat?post=82595"},{"taxonomy":"product_tag","embeddable":true,"href":"https:\/\/nexgendecors.com\/es\/wp-json\/wp\/v2\/product_tag?post=82595"}],"curies":[{"name":"wp","href":"https:\/\/api.w.org\/{rel}","templated":true}]}}