{"id":82642,"date":"2025-01-26T03:45:56","date_gmt":"2025-01-26T03:45:56","guid":{"rendered":"https:\/\/nexgendecors.com\/product\/splicing-long-conference-table-color-trapezoidal-office-desk-and-chair-combination-programming-classroom-special-shaped-table-group-auxiliary-room-table-and-chair\/"},"modified":"2025-04-06T09:40:16","modified_gmt":"2025-04-06T09:40:16","slug":"splicing-long-conference-table-color-trapezoidal-office-desk-and-chair-combination-programming-classroom-special-shaped-table-group-auxiliary-room-table-and-chair","status":"publish","type":"product","link":"https:\/\/nexgendecors.com\/es\/product\/splicing-long-conference-table-color-trapezoidal-office-desk-and-chair-combination-programming-classroom-special-shaped-table-group-auxiliary-room-table-and-chair\/","title":{"rendered":"Conjunto de escritorio y silla trapezoidal para aulas"},"content":{"rendered":"<ul>\n<li>\n<strong>marca<\/strong>:Avitis<\/li>\n<li>\n<strong>modelo<\/strong>:434<\/li>\n<li>\n<strong>Funci\u00f3n<\/strong>:Mobile, Free combination, Detachable, Other<\/li>\n<li>\n<strong>Material<\/strong>:Acero y madera<\/li>\n<li>\n<strong>forma<\/strong>:Bar<\/li>\n<li>\n<strong>Origen<\/strong>:Provincia de Jiangsu<\/li>\n<li>\n<strong>N\u00famero de personas aplicable<\/strong>:6-10 personas<\/li>\n<li>\n<strong>ordenar por color<\/strong>:Single table length 100*50 width 43cm color notes, single table length 120*60 width 52cm color notes, single table length 140*70 width 60cm color notes, single table length 80*40 width 34cm color notes, double-layer single table length 80*40 width 34cm color notes, double-layer single table length 100*50 width 43cm color notes, double-layer single table length 120*60 width 52cm color notes, double-layer single table length 140*70 width 60cm color notes, steel and wood Stool, hollow chair, round plastic stool, pp chair, plastic back chair, bow chair, 1.56*1.8m + 8 chairs, 4.2m + 2.1m + 10 chairs, 2.1m * 2.1m + 6 chairs, 2.4m * 2.1m + 6 bow chairs, 3m * 1.04m + 6 chairs, 3m * 1.04m + 10 chairs, 2.4m * 2.1m + 12 chairs, 2.4m * 2.1m + 12 stools, 1.8*1.04m + 10 chairs<\/li>\n<li>\n<strong>longitud<\/strong>:120 cm<\/li>\n<li>\n<strong><\/strong>:<\/li>\n<\/ul>","protected":false},"excerpt":{"rendered":"<p>Marca: Avitis Modelo: 434 Funci\u00f3n: M\u00f3vil, Combinaci\u00f3n libre, Desmontable, Otros Material: Acero y madera Forma: Barra Origen: Provincia de Jiangsu N\u00famero aplicable de personas: 6-10 personas Ordenar por<\/p>","protected":false},"featured_media":141515,"comment_status":"open","ping_status":"closed","template":"","meta":[],"product_brand":[],"product_cat":[30971,30849,30866],"product_tag":[],"class_list":{"0":"post-82642","1":"product","2":"type-product","3":"status-publish","4":"has-post-thumbnail","6":"product_cat-hp","7":"product_cat-kindergarten-school-furniture","8":"product_cat-wholesales-university-high-schools","10":"first","11":"instock","12":"taxable","13":"shipping-taxable","14":"purchasable","15":"product-type-variable"},"_links":{"self":[{"href":"https:\/\/nexgendecors.com\/es\/wp-json\/wp\/v2\/product\/82642","targetHints":{"allow":["GET"]}}],"collection":[{"href":"https:\/\/nexgendecors.com\/es\/wp-json\/wp\/v2\/product"}],"about":[{"href":"https:\/\/nexgendecors.com\/es\/wp-json\/wp\/v2\/types\/product"}],"replies":[{"embeddable":true,"href":"https:\/\/nexgendecors.com\/es\/wp-json\/wp\/v2\/comments?post=82642"}],"version-history":[{"count":0,"href":"https:\/\/nexgendecors.com\/es\/wp-json\/wp\/v2\/product\/82642\/revisions"}],"wp:featuredmedia":[{"embeddable":true,"href":"https:\/\/nexgendecors.com\/es\/wp-json\/wp\/v2\/media\/141515"}],"wp:attachment":[{"href":"https:\/\/nexgendecors.com\/es\/wp-json\/wp\/v2\/media?parent=82642"}],"wp:term":[{"taxonomy":"product_brand","embeddable":true,"href":"https:\/\/nexgendecors.com\/es\/wp-json\/wp\/v2\/product_brand?post=82642"},{"taxonomy":"product_cat","embeddable":true,"href":"https:\/\/nexgendecors.com\/es\/wp-json\/wp\/v2\/product_cat?post=82642"},{"taxonomy":"product_tag","embeddable":true,"href":"https:\/\/nexgendecors.com\/es\/wp-json\/wp\/v2\/product_tag?post=82642"}],"curies":[{"name":"wp","href":"https:\/\/api.w.org\/{rel}","templated":true}]}}