{"id":82794,"date":"2025-01-26T03:46:11","date_gmt":"2025-01-26T03:46:11","guid":{"rendered":"https:\/\/nexgendecors.com\/product\/staff-desk-and-chair-combination-employee-four-person-double-seat-modern-simple-computer-desk-workstation-office-desk-3\/"},"modified":"2025-04-06T09:40:39","modified_gmt":"2025-04-06T09:40:39","slug":"escritorio-y-silla-para-personal-combinacion-de-escritorio-para-cuatro-personas-asiento-doble-moderno-y-sencillo-para-computadora-estacion-de-trabajo-escritorio-de-oficina-3","status":"publish","type":"product","link":"https:\/\/nexgendecors.com\/es\/product\/escritorio-y-silla-para-personal-combinacion-de-escritorio-para-cuatro-personas-asiento-doble-moderno-y-sencillo-para-computadora-estacion-de-trabajo-escritorio-de-oficina-3\/","title":{"rendered":"Moderno escritorio de oficina de dos plazas para 4 empleados"},"content":{"rendered":"<ul>\n<li>\n<strong>marca<\/strong>:Canci\u00f3n de la temporada de poes\u00eda<\/li>\n<li>\n<strong>modelo<\/strong>:SJMG-011<\/li>\n<li>\n<strong>Material<\/strong>:Paneles a base de madera<\/li>\n<li>\n<strong>Tipos de tableros artificiales<\/strong>:Tablero de part\u00edculas\/tablero de melamina<\/li>\n<li>\n<strong>estilo<\/strong>:Simple y moderno<\/li>\n<li>\n<strong>forma<\/strong>:Tipo L, tipo T, tipo E, tipo F, tipo cruz, tipo v\u00e1stago, tipo recto<\/li>\n<li>\n<strong>ordenar por color<\/strong>:Asiento individual Asiento individual + armario m\u00f3vil Asiento individual + silla Asiento individual + armario m\u00f3vil + silla Asiento individual para dos personas Asiento individual para dos personas + armario m\u00f3vil Asiento individual para dos personas + silla Asiento individual para dos personas + armario m\u00f3vil + silla Asiento individual para dos personas Asiento individual para dos personas + armario m\u00f3vil Asiento individual para dos personas + silla Asiento individual para dos personas + armario m\u00f3vil + silla Asiento individual para cuatro personas en forma de Pr\u00edncipe Asiento individual para cuatro personas + armario m\u00f3vil Asiento individual para cuatro personas en forma de Pr\u00edncipe + silla Asiento individual para cuatro personas en forma de Pr\u00edncipe + armario m\u00f3vil + silla Asiento individual para seis personas en forma de Pr\u00edncipe Asiento individual para seis personas + armario m\u00f3vil + silla Asiento individual para seis personas en forma de Pr\u00edncipe + armario m\u00f3vil + silla<\/li>\n<li>\n<strong>\u00bfEs personalizable?<\/strong>:S\u00ed<\/li>\n<li>\n<strong>Si tener una pantalla<\/strong>:No<\/li>\n<li>\n<strong>Caracter\u00edsticas adicionales<\/strong>:Caj\u00f3n deslizante desmontable y extra\u00edble con caja de alambre<\/li>\n<li>\n<strong>Armar<\/strong>:S\u00ed<\/li>\n<li>\n<strong>\u00bfEst\u00e1 disponible la preventa?<\/strong>:S\u00ed<\/li>\n<li>\n<strong>\u00bfHay taxi disponible para transporte?<\/strong>:No<\/li>\n<li>\n<strong>Detalles de las instrucciones de instalaci\u00f3n<\/strong>:Video con instrucciones de instalaci\u00f3n proporcionado<\/li>\n<li>\n<strong>longitud<\/strong>:120 cm<\/li>\n<\/ul>\n<p><img><\/p>","protected":false},"excerpt":{"rendered":"<p>Marca:Poetry Season Song Modelo:SJMG-011 Material:Tableros de madera Tipos de tableros artificiales:Tableros de part\u00edculas\/Tableros de melamina Estilo:Sencillo y moderno Forma:Tipo L, tipo T, tipo E, tipo F, tipo cruz, tipo tallo,<\/p>","protected":false},"featured_media":141689,"comment_status":"open","ping_status":"closed","template":"","meta":[],"product_brand":[],"product_cat":[30901,30971,30859],"product_tag":[],"class_list":{"0":"post-82794","1":"product","2":"type-product","3":"status-publish","4":"has-post-thumbnail","6":"product_cat-bs-office","7":"product_cat-hp","8":"product_cat-wholesale-office","10":"first","11":"instock","12":"sale","13":"taxable","14":"shipping-taxable","15":"purchasable","16":"product-type-variable"},"_links":{"self":[{"href":"https:\/\/nexgendecors.com\/es\/wp-json\/wp\/v2\/product\/82794","targetHints":{"allow":["GET"]}}],"collection":[{"href":"https:\/\/nexgendecors.com\/es\/wp-json\/wp\/v2\/product"}],"about":[{"href":"https:\/\/nexgendecors.com\/es\/wp-json\/wp\/v2\/types\/product"}],"replies":[{"embeddable":true,"href":"https:\/\/nexgendecors.com\/es\/wp-json\/wp\/v2\/comments?post=82794"}],"version-history":[{"count":0,"href":"https:\/\/nexgendecors.com\/es\/wp-json\/wp\/v2\/product\/82794\/revisions"}],"wp:featuredmedia":[{"embeddable":true,"href":"https:\/\/nexgendecors.com\/es\/wp-json\/wp\/v2\/media\/141689"}],"wp:attachment":[{"href":"https:\/\/nexgendecors.com\/es\/wp-json\/wp\/v2\/media?parent=82794"}],"wp:term":[{"taxonomy":"product_brand","embeddable":true,"href":"https:\/\/nexgendecors.com\/es\/wp-json\/wp\/v2\/product_brand?post=82794"},{"taxonomy":"product_cat","embeddable":true,"href":"https:\/\/nexgendecors.com\/es\/wp-json\/wp\/v2\/product_cat?post=82794"},{"taxonomy":"product_tag","embeddable":true,"href":"https:\/\/nexgendecors.com\/es\/wp-json\/wp\/v2\/product_tag?post=82794"}],"curies":[{"name":"wp","href":"https:\/\/api.w.org\/{rel}","templated":true}]}}