{"id":82957,"date":"2025-01-26T03:46:30","date_gmt":"2025-01-26T03:46:30","guid":{"rendered":"https:\/\/nexgendecors.com\/product\/staff-desk-simple-modern-double-4-six-person-6-four-screen-workstation-employee-office-desk-and-chair-combination-table\/"},"modified":"2025-04-06T09:41:00","modified_gmt":"2025-04-06T09:41:00","slug":"staff-desk-simple-modern-double-4-six-person-6-four-screen-workstation-employee-office-desk-and-chair-combination-table","status":"publish","type":"product","link":"https:\/\/nexgendecors.com\/es\/product\/staff-desk-simple-modern-double-4-six-person-6-four-screen-workstation-employee-office-desk-and-chair-combination-table\/","title":{"rendered":"Moderno puesto de trabajo doble para 6 personas"},"content":{"rendered":"<ul>\n<li>\n<strong>marca<\/strong>:Peque\u00f1o artesano<\/li>\n<li>\n<strong>modelo<\/strong>:801-A<\/li>\n<li>\n<strong>estilo<\/strong>:Simple y moderno<\/li>\n<li>\n<strong>Armar<\/strong>:S\u00ed<\/li>\n<li>\n<strong>\u00bfEst\u00e1 disponible la preventa?<\/strong>:S\u00ed<\/li>\n<li>\n<strong>Caracter\u00edsticas adicionales<\/strong>:With drawer and wire box<\/li>\n<li>\n<strong>Tipos de tableros artificiales<\/strong>:Tablero de part\u00edculas\/tablero de melamina<\/li>\n<li>\n<strong>\u00bfEs personalizable?<\/strong>:S\u00ed<\/li>\n<li>\n<strong>longitud<\/strong>:120 cm<\/li>\n<li>\n<strong>forma<\/strong>:Una l\u00ednea<\/li>\n<li>\n<strong>Material<\/strong>:Paneles a base de madera<\/li>\n<li>\n<strong>Detalles de las instrucciones de instalaci\u00f3n<\/strong>:Proporcione instrucciones de instalaci\u00f3n<\/li>\n<li>\n<strong>\u00bfHay taxi disponible para transporte?<\/strong>:No<\/li>\n<li>\n<strong>\u00bfHay una pantalla?<\/strong>:S\u00ed<\/li>\n<li>\n<strong>Normas ambientales<\/strong>:E1<\/li>\n<li>\n<strong>ordenar por color<\/strong>:Make an appointment for the offline exhibition hall in Hangzhou: 15157159604 U8 staff chair (nylon feet) U8A staff chair (steel feet) T03 staff chair (nylon feet) T03G high back staff chair (nylon feet) [3rd generation &#8211; red tea orange] double seat (1200*1200*750) [3rd generation &#8211; red tea orange] four seats (2400*1200*750) [3rd generation &#8211; red tea orange] six seats (3600*1200*750) [3rd generation &#8211; red tea orange] eight seats (4800*1200*750) [4th generation &#8211; red tea orange] double seat (1200*1200*750) [4th generation &#8211; red tea orange] four seats (2400*1200*750) [4th generation &#8211; red tea orange] six seats (3600*1200*750) [4th generation &#8211; red tea orange] eight seats (4800*1200*750) [3rd generation &#8211; mysterious gray] two seats (1200*1200*750) [3rd generation &#8211; mysterious gray] four seats (2400*1200*750) [3rd generation &#8211; mysterious gray] six seats (3600*1200*750) [3rd generation &#8211; mysterious gray] eight seats (4800*1200*750)<\/li>\n<li>\n<strong><\/strong>:<\/li>\n<\/ul>\n<p><img><\/p>","protected":false},"excerpt":{"rendered":"<p>Marca:Little Craftsman Modelo:801-A Estilo:Sencillo y moderno Montaje:S\u00ed \u00bfEst\u00e1 disponible la preventa?:S\u00ed Caracter\u00edsticas adicionales:Con caj\u00f3n y caja de alambre Tipos de tableros artificiales:Tablero de part\u00edculas\/Melamina<\/p>","protected":false},"featured_media":141848,"comment_status":"open","ping_status":"closed","template":"","meta":[],"product_brand":[],"product_cat":[30901,30971,30859],"product_tag":[],"class_list":{"0":"post-82957","1":"product","2":"type-product","3":"status-publish","4":"has-post-thumbnail","6":"product_cat-bs-office","7":"product_cat-hp","8":"product_cat-wholesale-office","10":"first","11":"instock","12":"sale","13":"taxable","14":"shipping-taxable","15":"purchasable","16":"product-type-variable"},"_links":{"self":[{"href":"https:\/\/nexgendecors.com\/es\/wp-json\/wp\/v2\/product\/82957","targetHints":{"allow":["GET"]}}],"collection":[{"href":"https:\/\/nexgendecors.com\/es\/wp-json\/wp\/v2\/product"}],"about":[{"href":"https:\/\/nexgendecors.com\/es\/wp-json\/wp\/v2\/types\/product"}],"replies":[{"embeddable":true,"href":"https:\/\/nexgendecors.com\/es\/wp-json\/wp\/v2\/comments?post=82957"}],"version-history":[{"count":0,"href":"https:\/\/nexgendecors.com\/es\/wp-json\/wp\/v2\/product\/82957\/revisions"}],"wp:featuredmedia":[{"embeddable":true,"href":"https:\/\/nexgendecors.com\/es\/wp-json\/wp\/v2\/media\/141848"}],"wp:attachment":[{"href":"https:\/\/nexgendecors.com\/es\/wp-json\/wp\/v2\/media?parent=82957"}],"wp:term":[{"taxonomy":"product_brand","embeddable":true,"href":"https:\/\/nexgendecors.com\/es\/wp-json\/wp\/v2\/product_brand?post=82957"},{"taxonomy":"product_cat","embeddable":true,"href":"https:\/\/nexgendecors.com\/es\/wp-json\/wp\/v2\/product_cat?post=82957"},{"taxonomy":"product_tag","embeddable":true,"href":"https:\/\/nexgendecors.com\/es\/wp-json\/wp\/v2\/product_tag?post=82957"}],"curies":[{"name":"wp","href":"https:\/\/api.w.org\/{rel}","templated":true}]}}