{"id":83049,"date":"2025-01-26T03:46:41","date_gmt":"2025-01-26T03:46:41","guid":{"rendered":"https:\/\/nexgendecors.com\/product\/staff-office-desk-and-chair-combination-simple-modern-white-2-4-6-person-screen-workstation-employee-card-computer-desk\/"},"modified":"2025-04-06T09:41:14","modified_gmt":"2025-04-06T09:41:14","slug":"staff-office-desk-and-chair-combination-simple-modern-white-2-4-6-person-screen-workstation-employee-card-computer-desk","status":"publish","type":"product","link":"https:\/\/nexgendecors.com\/es\/product\/staff-office-desk-and-chair-combination-simple-modern-white-2-4-6-person-screen-workstation-employee-card-computer-desk\/","title":{"rendered":"Escritorio y silla de oficina blancos modernos para 2 a 6 personas"},"content":{"rendered":"<ul>\n<li>\n<strong>marca<\/strong>:Peque\u00f1o artesano<\/li>\n<li>\n<strong>modelo<\/strong>:BKZYZ-001<\/li>\n<li>\n<strong>estilo<\/strong>:Simple y moderno<\/li>\n<li>\n<strong>Armar<\/strong>:S\u00ed<\/li>\n<li>\n<strong>\u00bfEst\u00e1 disponible la preventa?<\/strong>:S\u00ed<\/li>\n<li>\n<strong>Caracter\u00edsticas adicionales<\/strong>:Desmontaje<\/li>\n<li>\n<strong>Tipos de tableros artificiales<\/strong>:Tablero de part\u00edculas\/tablero de melamina<\/li>\n<li>\n<strong>\u00bfEs personalizable?<\/strong>:S\u00ed<\/li>\n<li>\n<strong>longitud<\/strong>:120 cm<\/li>\n<li>\n<strong>Material<\/strong>:Paneles a base de madera<\/li>\n<li>\n<strong>Detalles de las instrucciones de instalaci\u00f3n<\/strong>:Video con instrucciones de instalaci\u00f3n proporcionado<\/li>\n<li>\n<strong>\u00bfHay taxi disponible para transporte?<\/strong>:No<\/li>\n<li>\n<strong>\u00bfHay una pantalla?<\/strong>:S\u00ed<\/li>\n<li>\n<strong>ordenar por color<\/strong>:Make an appointment for the offline exhibition hall in Hangzhou: 15157159604 U8 staff chair [nylon feet] U8A staff chair [steel feet] [3rd generation electricity-free] double seat 1.2m [3rd generation electricity-free] double seat 1.4m [3rd generation electricity-free] four seat 2.4m [3rd generation electricity-free] four seat 2.8m [3rd generation electricity-free] six seat 3.6m [3rd generation electricity-free] six seat 4.2m [3rd generation electricity-free] eight seat 4.8m [3rd generation electricity-free] eight seat 5.6m<\/li>\n<li>\n<strong><\/strong>:<\/li>\n<\/ul>\n<p><img><\/p>","protected":false},"excerpt":{"rendered":"<p>Marca: Little Craftsman Modelo: BKZYZ-001 Estilo: Sencillo y moderno Ensamblaje: S\u00ed \u00bfHay preventa disponible?: S\u00ed Caracter\u00edsticas adicionales: Desmontaje Tipos de tableros artificiales: Tablero de part\u00edculas \/ Tablero de melamina \u00bfEs personalizable?: S\u00ed<\/p>","protected":false},"featured_media":141911,"comment_status":"open","ping_status":"closed","template":"","meta":[],"product_brand":[],"product_cat":[30971,30859],"product_tag":[],"class_list":{"0":"post-83049","1":"product","2":"type-product","3":"status-publish","4":"has-post-thumbnail","6":"product_cat-hp","7":"product_cat-wholesale-office","9":"first","10":"instock","11":"sale","12":"taxable","13":"shipping-taxable","14":"purchasable","15":"product-type-variable"},"_links":{"self":[{"href":"https:\/\/nexgendecors.com\/es\/wp-json\/wp\/v2\/product\/83049","targetHints":{"allow":["GET"]}}],"collection":[{"href":"https:\/\/nexgendecors.com\/es\/wp-json\/wp\/v2\/product"}],"about":[{"href":"https:\/\/nexgendecors.com\/es\/wp-json\/wp\/v2\/types\/product"}],"replies":[{"embeddable":true,"href":"https:\/\/nexgendecors.com\/es\/wp-json\/wp\/v2\/comments?post=83049"}],"version-history":[{"count":0,"href":"https:\/\/nexgendecors.com\/es\/wp-json\/wp\/v2\/product\/83049\/revisions"}],"wp:featuredmedia":[{"embeddable":true,"href":"https:\/\/nexgendecors.com\/es\/wp-json\/wp\/v2\/media\/141911"}],"wp:attachment":[{"href":"https:\/\/nexgendecors.com\/es\/wp-json\/wp\/v2\/media?parent=83049"}],"wp:term":[{"taxonomy":"product_brand","embeddable":true,"href":"https:\/\/nexgendecors.com\/es\/wp-json\/wp\/v2\/product_brand?post=83049"},{"taxonomy":"product_cat","embeddable":true,"href":"https:\/\/nexgendecors.com\/es\/wp-json\/wp\/v2\/product_cat?post=83049"},{"taxonomy":"product_tag","embeddable":true,"href":"https:\/\/nexgendecors.com\/es\/wp-json\/wp\/v2\/product_tag?post=83049"}],"curies":[{"name":"wp","href":"https:\/\/api.w.org\/{rel}","templated":true}]}}