{"id":83099,"date":"2025-01-26T03:46:49","date_gmt":"2025-01-26T03:46:49","guid":{"rendered":"https:\/\/nexgendecors.com\/product\/stair-chandelier-nordic-creative-wood-grain-duplex-rotating-chandelier-villa-loft-minimalist-long-strip-chandelier\/"},"modified":"2025-04-06T09:41:23","modified_gmt":"2025-04-06T09:41:23","slug":"stair-chandelier-nordic-creative-wood-grain-duplex-rotating-chandelier-villa-loft-minimalist-long-strip-chandelier","status":"publish","type":"product","link":"https:\/\/nexgendecors.com\/es\/product\/stair-chandelier-nordic-creative-wood-grain-duplex-rotating-chandelier-villa-loft-minimalist-long-strip-chandelier\/","title":{"rendered":"L\u00e1mpara de ara\u00f1a giratoria d\u00faplex con veta de madera n\u00f3rdica"},"content":{"rendered":"<ul>\n<li>\n<strong>marca<\/strong>:otro\/otro<\/li>\n<li>\n<strong>modelo<\/strong>:ODW1355<\/li>\n<li>\n<strong>estilo<\/strong>:Simple y moderno<\/li>\n<li>\n<strong>Origen<\/strong>:China continental<\/li>\n<li>\n<strong>Espacio aplicable<\/strong>:LOFT\/D\u00faplex Casa D\u00faplex\/Escaleras<\/li>\n<li>\n<strong>ordenar por color<\/strong>:3 heads of original wood grain [3*60CM] Wuji, 3 heads of original wood grain [3*100CM] Wuji, 3 heads of original wood grain [3*150CM] Wuji, 5 heads of original wood grain [5*60CM] Wuji, 5 heads of original wood grain [5*100CM] Wuji, 5 heads of original wood grain [5*150CM] Wuji, 8 heads of original wood grain [8*60CM] Wuji, 8 heads of original wood grain [8*100CM] Wuji, 8 heads of original wood grain [8*150CM] Wuji, 12 heads of original wood grain [12*60CM] Wuji, 12 heads of original wood grain [12*100CM] Wuji, 12 heads of original wood grain [12*150CM] Wuji, 3 Head [3*60CM] Promise, Walnut Grain 3 Heads [3*100CM] Promise, Walnut Grain 3 Heads [3*150CM] Promise, Walnut Grain 5 Heads [5*60CM] Promise, Walnut Grain 5 Heads [5*100CM] Promise, Walnut Grain 5 Heads [5*150CM] Promise, Walnut Grain 8 Heads [8*60CM] Promise, Walnut Grain 8 Heads [8*100CM] Promise, Walnut Grain 8 Heads [8*150CM] Promise, Walnut Grain 12 Heads [12*60CM] Promise, Walnut Grain 12 Heads [12*100CM] Promise, Walnut Grain 12 Heads [12*150CM] Promise<\/li>\n<li>\n<strong>\u00bfLa l\u00e1mpara tiene una fuente de luz?<\/strong>:S\u00ed<\/li>\n<li>\n<strong>Voltaje<\/strong>:111 V ~ 240 V (inclusive)<\/li>\n<li>\n<strong>Material principal del cuerpo de la l\u00e1mpara.<\/strong>:aluminio<\/li>\n<li>\n<strong>Material principal de la pantalla de la l\u00e1mpara<\/strong>:Pantalla de PMMA de alta transmitancia de luz<\/li>\n<li>\n<strong>tipo de fuente de luz<\/strong>:Luces LED<\/li>\n<li>\n<strong>N\u00famero de fuentes de luz<\/strong>:1<\/li>\n<li>\n<strong>Tecnolog\u00eda<\/strong>:Otro<\/li>\n<li>\n<strong>\u00c1rea de irradiaci\u00f3n<\/strong>:15\u33a1-30\u33a1<\/li>\n<li>\n<strong>Tipo de control<\/strong>:otro<\/li>\n<li>\n<strong>Material auxiliar para pantallas de l\u00e1mparas<\/strong>:Pantalla de PMMA de alta transmitancia de luz<\/li>\n<li>\n<strong>Per\u00edodo de garant\u00eda<\/strong>:3 a\u00f1os<\/li>\n<li>\n<strong>Material auxiliar del cuerpo de la l\u00e1mpara<\/strong>:ABS + chasis de hardware<\/li>\n<li>\n<strong>Tipo inteligente<\/strong>:No hay soporte para smart<\/li>\n<li>\n<strong>Ya sea control inteligente<\/strong>:No<\/li>\n<li>\n<strong>Forma de la l\u00e1mpara<\/strong>:L\u00e1mpara de ara\u00f1a de l\u00ednea de pescado<\/li>\n<li>\n<strong>N\u00famero de cabezales de l\u00e1mpara<\/strong>:1<\/li>\n<li>\n<strong>Tipo de l\u00e1mpara de ara\u00f1a<\/strong>:L\u00e1mpara de ara\u00f1a de hierro forjado<\/li>\n<li>\n<strong>N\u00famero de certificado 3C<\/strong>:2023011001567276<\/li>\n<\/ul>\n<p><img><\/p>","protected":false},"excerpt":{"rendered":"<p>Marca: otro\/otro Modelo: ODW1355 Estilo: simple y moderno Origen: China continental Espacio aplicable: LOFT\/casa d\u00faplex\/escaleras Ordenar por color: 3 cabezas de veta de madera original [3*60CM]<\/p>","protected":false},"featured_media":141971,"comment_status":"open","ping_status":"closed","template":"","meta":[],"product_brand":[],"product_cat":[30971,30864],"product_tag":[],"class_list":{"0":"post-83099","1":"product","2":"type-product","3":"status-publish","4":"has-post-thumbnail","6":"product_cat-hp","7":"product_cat-new-wholesales-lights","9":"first","10":"instock","11":"taxable","12":"shipping-taxable","13":"purchasable","14":"product-type-variable"},"_links":{"self":[{"href":"https:\/\/nexgendecors.com\/es\/wp-json\/wp\/v2\/product\/83099","targetHints":{"allow":["GET"]}}],"collection":[{"href":"https:\/\/nexgendecors.com\/es\/wp-json\/wp\/v2\/product"}],"about":[{"href":"https:\/\/nexgendecors.com\/es\/wp-json\/wp\/v2\/types\/product"}],"replies":[{"embeddable":true,"href":"https:\/\/nexgendecors.com\/es\/wp-json\/wp\/v2\/comments?post=83099"}],"version-history":[{"count":0,"href":"https:\/\/nexgendecors.com\/es\/wp-json\/wp\/v2\/product\/83099\/revisions"}],"wp:featuredmedia":[{"embeddable":true,"href":"https:\/\/nexgendecors.com\/es\/wp-json\/wp\/v2\/media\/141971"}],"wp:attachment":[{"href":"https:\/\/nexgendecors.com\/es\/wp-json\/wp\/v2\/media?parent=83099"}],"wp:term":[{"taxonomy":"product_brand","embeddable":true,"href":"https:\/\/nexgendecors.com\/es\/wp-json\/wp\/v2\/product_brand?post=83099"},{"taxonomy":"product_cat","embeddable":true,"href":"https:\/\/nexgendecors.com\/es\/wp-json\/wp\/v2\/product_cat?post=83099"},{"taxonomy":"product_tag","embeddable":true,"href":"https:\/\/nexgendecors.com\/es\/wp-json\/wp\/v2\/product_tag?post=83099"}],"curies":[{"name":"wp","href":"https:\/\/api.w.org\/{rel}","templated":true}]}}