{"id":83159,"date":"2025-01-26T03:46:56","date_gmt":"2025-01-26T03:46:56","guid":{"rendered":"https:\/\/nexgendecors.com\/product\/staircase-long-chandelier-modern-simple-nordic-light-luxury-black-villa-living-room-restaurant-rotating-duplex-building-large-chandelier\/"},"modified":"2025-04-06T09:41:32","modified_gmt":"2025-04-06T09:41:32","slug":"staircase-long-chandelier-modern-simple-nordic-light-luxury-black-villa-living-room-restaurant-rotating-duplex-building-large-chandelier","status":"publish","type":"product","link":"https:\/\/nexgendecors.com\/es\/product\/staircase-long-chandelier-modern-simple-nordic-light-luxury-black-villa-living-room-restaurant-rotating-duplex-building-large-chandelier\/","title":{"rendered":"Modern Nordic Black Chandelier for Luxury Spaces"},"content":{"rendered":"<ul>\n<li>\n<strong>marca<\/strong>:Kim Landa<\/li>\n<li>\n<strong>modelo<\/strong>:JLD0331<\/li>\n<li>\n<strong>fuerza<\/strong>:51W (inclusive) &#8211; 60W (inclusive)<\/li>\n<li>\n<strong>estilo<\/strong>:Simple y moderno<\/li>\n<li>\n<strong>Origen<\/strong>:China continental<\/li>\n<li>\n<strong>Espacio aplicable<\/strong>:LOFT\/D\u00faplex Casa D\u00faplex\/Escaleras<\/li>\n<li>\n<strong>ordenar por color<\/strong>:Black 6 heads [diameter 30CM] white light, black 6 heads [diameter 30CM] warm light, black 9 heads [diameter 40CM] white light, black 9 heads [diameter 40CM] warm light, black 12 heads [diameter 40CM] white light, black 12 heads [diameter 40CM] warm light, black 16 heads [diameter 50CM] white light, black 16 heads [diameter 50CM] warm light, black 25 heads [diameter 60CM] white light, black 25 heads [diameter 60CM] warm light, black 36 heads [diameter 70CM] white light, black 36 heads [diameter 70CM] warm light , Black 48 heads [diameter 80CM] warm light, Black 68 heads [diameter 100CM] warm light, B type black 6 heads [diameter 30CM] white light, B type black 9 heads [diameter 40CM] white light, B type black 12 heads [diameter 40CM] white light, B type black 16 heads [diameter 50CM] white light, B type black 25 heads [diameter 60CM] white light, B type black 36 heads [diameter 70CM] white light, B type black 48 heads [diameter 80CM] white light, B type black 68 heads [diameter 100CM] white light, support customized head number, color and style<\/li>\n<li>\n<strong>\u00bfLa l\u00e1mpara tiene una fuente de luz?<\/strong>:S\u00ed<\/li>\n<li>\n<strong>Servicio en la ciudad<\/strong>:Los compradores de la misma ciudad recogen la mercanc\u00eda en casa.<\/li>\n<li>\n<strong>Voltaje<\/strong>:111 V ~ 240 V (inclusive)<\/li>\n<li>\n<strong>Material principal del cuerpo de la l\u00e1mpara.<\/strong>:ABS + chasis de hardware<\/li>\n<li>\n<strong>Material principal de la pantalla de la l\u00e1mpara<\/strong>:Pantalla de PMMA de alta transmitancia de luz<\/li>\n<li>\n<strong>tipo de fuente de luz<\/strong>:Luces LED<\/li>\n<li>\n<strong>N\u00famero de fuentes de luz<\/strong>:5<\/li>\n<li>\n<strong>Tecnolog\u00eda<\/strong>:Otro<\/li>\n<li>\n<strong>\u00c1rea de irradiaci\u00f3n<\/strong>:10\u33a1-15\u33a1<\/li>\n<li>\n<strong>Tipo de control<\/strong>:Other, non-intelligent control<\/li>\n<li>\n<strong>Material auxiliar para pantallas de l\u00e1mparas<\/strong>:Pantalla de PMMA de alta transmitancia de luz<\/li>\n<li>\n<strong>Per\u00edodo de garant\u00eda<\/strong>:3 a\u00f1os<\/li>\n<li>\n<strong>Material auxiliar del cuerpo de la l\u00e1mpara<\/strong>:ABS + chasis de hardware<\/li>\n<li>\n<strong>Tipo inteligente<\/strong>:No hay soporte para smart<\/li>\n<li>\n<strong>Ya sea control inteligente<\/strong>:No<\/li>\n<li>\n<strong>Forma de la l\u00e1mpara<\/strong>:L\u00e1mpara de ara\u00f1a de l\u00ednea de pescado<\/li>\n<li>\n<strong>N\u00famero de cabezales de l\u00e1mpara<\/strong>:5<\/li>\n<li>\n<strong>Tipo de l\u00e1mpara de ara\u00f1a<\/strong>:L\u00e1mpara de ara\u00f1a de hierro forjado<\/li>\n<li>\n<strong>N\u00famero de certificado 3C<\/strong>:2023011001567269<\/li>\n<\/ul>\n<p><img><\/p>","protected":false},"excerpt":{"rendered":"<p>brand:Kim Landa model:JLD0331 power:51W (inclusive) &#8211; 60W (inclusive) style:Simple and modern Origin:Chinese mainland Applicable space:LOFT\/Duplex Duplex House\/Stairs sort by color:Black<\/p>","protected":false},"featured_media":142064,"comment_status":"open","ping_status":"closed","template":"","meta":[],"product_brand":[],"product_cat":[30971,30864],"product_tag":[],"class_list":{"0":"post-83159","1":"product","2":"type-product","3":"status-publish","4":"has-post-thumbnail","6":"product_cat-hp","7":"product_cat-new-wholesales-lights","9":"first","10":"instock","11":"taxable","12":"shipping-taxable","13":"purchasable","14":"product-type-variable"},"_links":{"self":[{"href":"https:\/\/nexgendecors.com\/es\/wp-json\/wp\/v2\/product\/83159","targetHints":{"allow":["GET"]}}],"collection":[{"href":"https:\/\/nexgendecors.com\/es\/wp-json\/wp\/v2\/product"}],"about":[{"href":"https:\/\/nexgendecors.com\/es\/wp-json\/wp\/v2\/types\/product"}],"replies":[{"embeddable":true,"href":"https:\/\/nexgendecors.com\/es\/wp-json\/wp\/v2\/comments?post=83159"}],"version-history":[{"count":0,"href":"https:\/\/nexgendecors.com\/es\/wp-json\/wp\/v2\/product\/83159\/revisions"}],"wp:featuredmedia":[{"embeddable":true,"href":"https:\/\/nexgendecors.com\/es\/wp-json\/wp\/v2\/media\/142064"}],"wp:attachment":[{"href":"https:\/\/nexgendecors.com\/es\/wp-json\/wp\/v2\/media?parent=83159"}],"wp:term":[{"taxonomy":"product_brand","embeddable":true,"href":"https:\/\/nexgendecors.com\/es\/wp-json\/wp\/v2\/product_brand?post=83159"},{"taxonomy":"product_cat","embeddable":true,"href":"https:\/\/nexgendecors.com\/es\/wp-json\/wp\/v2\/product_cat?post=83159"},{"taxonomy":"product_tag","embeddable":true,"href":"https:\/\/nexgendecors.com\/es\/wp-json\/wp\/v2\/product_tag?post=83159"}],"curies":[{"name":"wp","href":"https:\/\/api.w.org\/{rel}","templated":true}]}}