{"id":83354,"date":"2025-01-26T03:47:27","date_gmt":"2025-01-26T03:47:27","guid":{"rendered":"https:\/\/nexgendecors.com\/product\/stone-mosaic-new-chinese-style-marble-auspicious-cloud-mosaic-background-wall-entrance-bathroom-wall-brick-bathroom-tiles\/"},"modified":"2025-04-15T11:18:07","modified_gmt":"2025-04-15T11:18:07","slug":"stone-mosaic-new-chinese-style-marble-auspicious-cloud-mosaic-background-wall-entrance-bathroom-wall-brick-bathroom-tiles","status":"publish","type":"product","link":"https:\/\/nexgendecors.com\/es\/product\/stone-mosaic-new-chinese-style-marble-auspicious-cloud-mosaic-background-wall-entrance-bathroom-wall-brick-bathroom-tiles\/","title":{"rendered":"Azulejos de pared de mosaico de m\u00e1rmol de nube auspiciosa: nuevo estilo chino"},"content":{"rendered":"<li title=\"Shi Yuan Ming\"><font style=\"vertical-align: inherit;\"><font style=\"vertical-align: inherit;\">Marca: Shi Yuanming<\/font><\/font><\/li>\n<li title=\"XW-Y031\"><font style=\"vertical-align: inherit;\"><font style=\"vertical-align: inherit;\">Model: XW-Y031<\/font><\/font><\/li>\n<li title=\"m\u00e1rmol\"><font style=\"vertical-align: inherit;\"><font style=\"vertical-align: inherit;\">Material: m\u00e1rmol<\/font><\/font><\/li>\n<li title=\"Sencillo y moderno\"><font style=\"vertical-align: inherit;\"><font style=\"vertical-align: inherit;\">Estilo: sencillo y moderno.<\/font><\/font><\/li>\n<li title=\"China continental\"><font style=\"vertical-align: inherit;\"><font style=\"vertical-align: inherit;\">Origen: China continental<\/font><\/font><\/li>\n<li title=\"pared interior\"><font style=\"vertical-align: inherit;\"><font style=\"vertical-align: inherit;\">Espacio aplicable: pared interior.<\/font><\/font><\/li>\n<li title=\"XW-Y031-1 Cloud\/Black XW-Y031-2 Cloud\/Carrara White XW-Y031-3 Cloud\/Crystal White Please use white neutral glue for installation Page shipping fee is not actual shipping fee\"><font style=\"vertical-align: inherit;\"><font style=\"vertical-align: inherit;\">Color classification: XW-Y031-1 Clouds\/Black XW-Y031-2 Clouds\/Carrara White XW-Y031-3 Clouds\/Crystal White Please use white neutral glue for installation The page shipping fee is not the actual shipping fee<\/font><\/font><\/li>\n<li title=\"Log\u00edstica puerta a puerta en la misma ciudad\"><font style=\"vertical-align: inherit;\"><font style=\"vertical-align: inherit;\">Servicio en la misma ciudad: log\u00edstica puerta a puerta en la misma ciudad<\/font><\/font><\/li>\n<li title=\"Ba\u00f1o dormitorio sala de estar cocina balc\u00f3n sol\u00e1rium toda la casa pared de fondo\"><font style=\"vertical-align: inherit;\"><font style=\"vertical-align: inherit;\">Clasificaci\u00f3n del espacio de decoraci\u00f3n: ba\u00f1o, dormitorio, sala de estar, cocina, balc\u00f3n, sol\u00e1rium, pared de fondo de toda la casa.<\/font><\/font><\/li>\n<li title=\"238\"><font style=\"vertical-align: inherit;\"><font style=\"vertical-align: inherit;\">Length of each piece (mm): 238<\/font><\/font><\/li>\n<li title=\"300\"><font style=\"vertical-align: inherit;\"><font style=\"vertical-align: inherit;\">Ancho de cada pieza (mm): 300<\/font><\/font><\/li>\n<li title=\"0.063\u33a1\"><font style=\"vertical-align: inherit;\"><font style=\"vertical-align: inherit;\">Pricing unit: 0.063\u33a1<\/font><\/font><\/li>\n<li title=\"0,5% o m\u00e1s\"><font style=\"vertical-align: inherit;\"><font style=\"vertical-align: inherit;\">Absorci\u00f3n de agua: m\u00e1s de 0,5%<\/font><\/font><\/li>\n<li title=\"El corte de muestra es gratuito y el flete corre por su cuenta.\"><font style=\"vertical-align: inherit;\"><font style=\"vertical-align: inherit;\">Si desea enviar muestras: el corte de muestra es gratuito, el flete corre por su cuenta<\/font><\/font><\/li>","protected":false},"excerpt":{"rendered":"<p>Marca: Shi Yuanming Modelo: XW-Y031 Material: M\u00e1rmol Estilo: simple y moderno Origen: China continental Espacio aplicable: pared interior Clasificaci\u00f3n de color:<\/p>","protected":false},"featured_media":142254,"comment_status":"open","ping_status":"closed","template":"","meta":[],"product_brand":[],"product_cat":[30971,30986,30878],"product_tag":[12259,12260],"class_list":{"0":"post-83354","1":"product","2":"type-product","3":"status-publish","4":"has-post-thumbnail","6":"product_cat-hp","7":"product_cat-tiles-wall-bricks","8":"product_cat-wall-panel","9":"product_tag-_wf_cus","10":"product_tag-_wf_exc","12":"first","13":"instock","14":"sale","15":"taxable","16":"shipping-taxable","17":"purchasable","18":"product-type-variable"},"_links":{"self":[{"href":"https:\/\/nexgendecors.com\/es\/wp-json\/wp\/v2\/product\/83354","targetHints":{"allow":["GET"]}}],"collection":[{"href":"https:\/\/nexgendecors.com\/es\/wp-json\/wp\/v2\/product"}],"about":[{"href":"https:\/\/nexgendecors.com\/es\/wp-json\/wp\/v2\/types\/product"}],"replies":[{"embeddable":true,"href":"https:\/\/nexgendecors.com\/es\/wp-json\/wp\/v2\/comments?post=83354"}],"version-history":[{"count":0,"href":"https:\/\/nexgendecors.com\/es\/wp-json\/wp\/v2\/product\/83354\/revisions"}],"wp:featuredmedia":[{"embeddable":true,"href":"https:\/\/nexgendecors.com\/es\/wp-json\/wp\/v2\/media\/142254"}],"wp:attachment":[{"href":"https:\/\/nexgendecors.com\/es\/wp-json\/wp\/v2\/media?parent=83354"}],"wp:term":[{"taxonomy":"product_brand","embeddable":true,"href":"https:\/\/nexgendecors.com\/es\/wp-json\/wp\/v2\/product_brand?post=83354"},{"taxonomy":"product_cat","embeddable":true,"href":"https:\/\/nexgendecors.com\/es\/wp-json\/wp\/v2\/product_cat?post=83354"},{"taxonomy":"product_tag","embeddable":true,"href":"https:\/\/nexgendecors.com\/es\/wp-json\/wp\/v2\/product_tag?post=83354"}],"curies":[{"name":"wp","href":"https:\/\/api.w.org\/{rel}","templated":true}]}}