{"id":83987,"date":"2025-01-26T03:49:13","date_gmt":"2025-01-26T03:49:13","guid":{"rendered":"https:\/\/nexgendecors.com\/product\/three-person-row-chair-hospital-waiting-chair-infusion-chair-rest-row-public-seat-airport-chair-waiting-chair-stainless-steel-2\/"},"modified":"2025-04-06T09:42:47","modified_gmt":"2025-04-06T09:42:47","slug":"silla-de-espera-para-tres-personas-en-un-hospital-silla-de-infusion-asiento-de-descanso-asiento-publico-silla-de-espera-para-aeropuerto-silla-de-acero-inoxidable-2","status":"publish","type":"product","link":"https:\/\/nexgendecors.com\/es\/product\/silla-de-espera-para-tres-personas-en-un-hospital-silla-de-infusion-asiento-de-descanso-asiento-publico-silla-de-espera-para-aeropuerto-silla-de-acero-inoxidable-2\/","title":{"rendered":"Silla de espera de acero inoxidable para 3 personas para hospitales y aeropuertos"},"content":{"rendered":"<ul>\n<li>\n<strong>marca<\/strong>:Hermoso conejo<\/li>\n<li>\n<strong>modelo<\/strong>:BF-009<\/li>\n<li>\n<strong>Material<\/strong>:Acero inoxidable<\/li>\n<li>\n<strong>Origen<\/strong>:China continental<\/li>\n<li>\n<strong>provincia<\/strong>:Provincia de Guangdong<\/li>\n<li>\n<strong>N\u00famero de personas aplicable<\/strong>:3 personas<\/li>\n<li>\n<strong>ordenar por color<\/strong>Asiento para tres personas (sin almohadilla) gris plateado, asiento para tres personas (sin almohadilla) tomar notas de color, asiento para tres personas (con almohadilla) gris plateado m\u00e1s almohadilla de cuero negro, asiento para tres personas (con almohadilla) tomar notas de color, asiento para tres personas (almohadilla completa) tomar notas de color, asiento para una persona (sin almohadilla) tomar notas de color, asiento para una persona (con almohadilla) tomar notas de color, asiento para dos personas (sin almohadilla) tomar notas de color, asiento para dos personas (con almohadilla) tomar notas de color, asiento para dos personas m\u00e1s mesa de caf\u00e9 (sin almohadilla), asiento para dos personas m\u00e1s mesa de caf\u00e9 (con almohadilla) tomar notas de color, asiento para cuatro personas (sin almohadilla) tomar notas de color, asiento para cuatro personas (con almohadilla) tomar notas de color, asiento para tres personas m\u00e1s mesa de caf\u00e9 (sin almohadilla), asiento para cinco personas (sin almohadilla) Tomar una foto de la nota de color, asiento para cinco personas (con almohadilla) tomar una foto de la nota de color, asiento para cuatro personas m\u00e1s mesa de caf\u00e9 (sin almohadilla), asiento para tres personas m\u00e1s 2 mesas de caf\u00e9 (sin almohadilla), acero inoxidable para tres personas (sin almohadilla), acero inoxidable para cuatro personas (sin almohadilla), individual (mesa de caf\u00e9) 1,2*0,6 metros, tres personas (sin almohadilla) m\u00e1s 3 postes de infusi\u00f3n, tres personas (sin almohadilla) m\u00e1s 2 apoyabrazos centrales, tres personas (sin almohadilla) m\u00e1s 2 centrales<\/li>\n<li>\n<strong>Material del asiento<\/strong>:Acero inoxidable<\/li>\n<li>\n<strong>\u00bfHay pasamanos?<\/strong>:S\u00ed<\/li>\n<\/ul>\n<p><img><\/p>","protected":false},"excerpt":{"rendered":"<p>Marca: Beautiful Rabbit Modelo: BF-009 Material: acero inoxidable Origen: China continental Provincia: provincia de Guangdong N\u00famero de personas aplicables: 3 personas Ordenar por color: Asiento para tres personas (sin almohadilla)<\/p>","protected":false},"featured_media":143085,"comment_status":"open","ping_status":"closed","template":"","meta":[],"product_brand":[],"product_cat":[30971,30853],"product_tag":[],"class_list":{"0":"post-83987","1":"product","2":"type-product","3":"status-publish","4":"has-post-thumbnail","6":"product_cat-hp","7":"product_cat-new-wholesale-public-projects","9":"first","10":"instock","11":"taxable","12":"shipping-taxable","13":"purchasable","14":"product-type-variable"},"_links":{"self":[{"href":"https:\/\/nexgendecors.com\/es\/wp-json\/wp\/v2\/product\/83987","targetHints":{"allow":["GET"]}}],"collection":[{"href":"https:\/\/nexgendecors.com\/es\/wp-json\/wp\/v2\/product"}],"about":[{"href":"https:\/\/nexgendecors.com\/es\/wp-json\/wp\/v2\/types\/product"}],"replies":[{"embeddable":true,"href":"https:\/\/nexgendecors.com\/es\/wp-json\/wp\/v2\/comments?post=83987"}],"version-history":[{"count":0,"href":"https:\/\/nexgendecors.com\/es\/wp-json\/wp\/v2\/product\/83987\/revisions"}],"wp:featuredmedia":[{"embeddable":true,"href":"https:\/\/nexgendecors.com\/es\/wp-json\/wp\/v2\/media\/143085"}],"wp:attachment":[{"href":"https:\/\/nexgendecors.com\/es\/wp-json\/wp\/v2\/media?parent=83987"}],"wp:term":[{"taxonomy":"product_brand","embeddable":true,"href":"https:\/\/nexgendecors.com\/es\/wp-json\/wp\/v2\/product_brand?post=83987"},{"taxonomy":"product_cat","embeddable":true,"href":"https:\/\/nexgendecors.com\/es\/wp-json\/wp\/v2\/product_cat?post=83987"},{"taxonomy":"product_tag","embeddable":true,"href":"https:\/\/nexgendecors.com\/es\/wp-json\/wp\/v2\/product_tag?post=83987"}],"curies":[{"name":"wp","href":"https:\/\/api.w.org\/{rel}","templated":true}]}}