{"id":84580,"date":"2025-01-26T03:50:31","date_gmt":"2025-01-26T03:50:31","guid":{"rendered":"https:\/\/nexgendecors.com\/product\/transform-your-kitchen-with-selfadhesive-metal-and-marble-tiles1711880204537\/"},"modified":"2025-04-15T11:18:07","modified_gmt":"2025-04-15T11:18:07","slug":"transforma-tu-cocina-con-azulejos-autoadhesivos-de-metal-y-marmol1711880204537","status":"publish","type":"product","link":"https:\/\/nexgendecors.com\/es\/product\/transforma-tu-cocina-con-azulejos-autoadhesivos-de-metal-y-marmol1711880204537\/","title":{"rendered":"Renueve su cocina con azulejos autoadhesivos de metal y m\u00e1rmol"},"content":{"rendered":"<p data-mce-fragment=\"1\">\ud83c\udf1f <strong data-mce-fragment=\"1\">\u00a1Transforme su espacio con los mosaicos para salpicaduras autoadhesivos MOFIT!<\/strong> \ud83c\udfe1<\/p>\n<p data-mce-fragment=\"1\">Durante a\u00f1os, MOFIT se ha dedicado a proporcionar azulejos autoadhesivos de alta calidad para salpicaderos, ofreciendo una alternativa realista y pr\u00e1ctica a los azulejos tradicionales. Nuestra l\u00ednea completa de productos ofrece una variedad de colores, texturas, tama\u00f1os y acabados, brindando a los profesionales del dise\u00f1o total libertad de expresi\u00f3n durante el proceso creativo.<\/p>\n<p data-mce-fragment=\"1\">\ud83c\udfa8 <strong data-mce-fragment=\"1\">Da rienda suelta a tu creatividad<\/strong> \ud83c\udf08<br data-mce-fragment=\"1\">Nuestros azulejos autoadhesivos presentan dise\u00f1os \u00fanicos, hechos a mano, para transformar f\u00e1cilmente tu hogar. Cada azulejo es un aut\u00e9ntico mosaico adhesivo con fichas individuales que a\u00f1aden car\u00e1cter y estilo a cualquier espacio.<\/p>\n<p data-mce-fragment=\"1\">\ud83d\udca7 <strong data-mce-fragment=\"1\">Calor y agua<\/strong> \ud83d\udec1<br data-mce-fragment=\"1\">Nuestros azulejos autoadhesivos para salpicaderos son resistentes al calor y al agua, lo que los hace perfectos para salpicaderos de cocina, paredes de ba\u00f1o, duchas, chimeneas, autocaravanas y lavander\u00edas. Se limpian f\u00e1cilmente con un pa\u00f1o h\u00famedo y agua jabonosa para un mantenimiento sin complicaciones.<\/p>\n<p data-mce-fragment=\"1\">\ud83d\udd12 <strong data-mce-fragment=\"1\">Fuerte adhesi\u00f3n<\/strong> \ud83d\udcaa<br data-mce-fragment=\"1\">Disfrute de la tranquilidad de nuestros adhesivos para azulejos de alta adherencia, que garantizan su fijaci\u00f3n segura una vez instalados. Ya sea sobre azulejos existentes o superficies planas, nuestros azulejos ofrecen una fuerte adhesi\u00f3n sin necesidad de pegamento.<\/p>\n<p data-mce-fragment=\"1\">\u2702\ufe0f <strong data-mce-fragment=\"1\">F\u00e1cil instalaci\u00f3n de bricolaje<\/strong> \ud83d\udee0\ufe0f<br data-mce-fragment=\"1\">Nuestros azulejos autoadhesivos est\u00e1n dise\u00f1ados para una f\u00e1cil instalaci\u00f3n. Simplemente c\u00f3rtelos con tijeras resistentes u otras herramientas como c\u00fateres, sierras de calar, tijeras de hojalatero o sierras de calar. Sin lechada, sin ensuciar: simplemente despegue y pegue para un acabado uniforme.<\/p>\n<p data-mce-fragment=\"1\">\ud83d\udd0d <strong data-mce-fragment=\"1\">Preguntas frecuentes sobre los mosaicos autoadhesivos MOFIT<\/strong> \u2753<\/p>\n<ul data-mce-fragment=\"1\">\n<li data-mce-fragment=\"1\">\n<strong data-mce-fragment=\"1\">Movilidad:<\/strong> Nuestras baldosas no son removibles debido a su fuerte adherencia. Sin embargo, pueden aplicarse sobre baldosas existentes o superficies lisas.<\/li>\n<li data-mce-fragment=\"1\">\n<strong data-mce-fragment=\"1\">Corte:<\/strong> Puedes cortar por la mitad una baldosa haciendo cortes a lo largo de la misma l\u00ednea en la superficie y el respaldo, y luego rompi\u00e9ndola con las manos.<\/li>\n<li data-mce-fragment=\"1\">\n<strong data-mce-fragment=\"1\">Superficies compatibles:<\/strong> Nuestras baldosas adhesivas se pueden aplicar a diversas superficies, incluidos vidrio, metal, papel tapiz, madera, paredes pintadas y m\u00e1s.<\/li>\n<li data-mce-fragment=\"1\">\n<strong data-mce-fragment=\"1\">Herramientas de corte:<\/strong> Utilice cuchillos multiusos, tijeras resistentes, sierras de calar, tijeras de hojalatero o sierras de corte para cortar baldosas.<\/li>\n<li data-mce-fragment=\"1\">\n<strong data-mce-fragment=\"1\">No se necesita pegamento adicional:<\/strong> Nuestras baldosas de pared autoadhesivas no requieren pegamento adicional: simplemente desp\u00e9guelas y p\u00e9guelas para una instalaci\u00f3n r\u00e1pida y f\u00e1cil.<\/li>\n<\/ul>\n<p data-mce-fragment=\"1\">Experimente la comodidad y la elegancia de los revestimientos para salpicaduras MOFIT Peel and Stick, \u00a1y transforme su espacio con estilo! \ud83c\udf1f<\/p>\n<h2 id=\"transformyourkitchenwithselfadhesivemetalandmarbletiles\"><\/h2>","protected":false},"excerpt":{"rendered":"<p>\ud83c\udf1f \u00a1Transforma tu espacio con las baldosas MOFIT Peel and Stick Backsplash! \ud83c\udfe1 Durante a\u00f1os, MOFIT se ha dedicado a proporcionar<\/p>","protected":false},"featured_media":143750,"comment_status":"open","ping_status":"closed","template":"","meta":[],"product_brand":[],"product_cat":[30971,30986,30878],"product_tag":[5905,5971],"class_list":{"0":"post-84580","1":"product","2":"type-product","3":"status-publish","4":"has-post-thumbnail","6":"product_cat-hp","7":"product_cat-tiles-wall-bricks","8":"product_cat-wall-panel","9":"product_tag-shopify","10":"product_tag-usa","12":"first","13":"instock","14":"taxable","15":"shipping-taxable","16":"purchasable","17":"product-type-variable"},"_links":{"self":[{"href":"https:\/\/nexgendecors.com\/es\/wp-json\/wp\/v2\/product\/84580","targetHints":{"allow":["GET"]}}],"collection":[{"href":"https:\/\/nexgendecors.com\/es\/wp-json\/wp\/v2\/product"}],"about":[{"href":"https:\/\/nexgendecors.com\/es\/wp-json\/wp\/v2\/types\/product"}],"replies":[{"embeddable":true,"href":"https:\/\/nexgendecors.com\/es\/wp-json\/wp\/v2\/comments?post=84580"}],"version-history":[{"count":0,"href":"https:\/\/nexgendecors.com\/es\/wp-json\/wp\/v2\/product\/84580\/revisions"}],"wp:featuredmedia":[{"embeddable":true,"href":"https:\/\/nexgendecors.com\/es\/wp-json\/wp\/v2\/media\/143750"}],"wp:attachment":[{"href":"https:\/\/nexgendecors.com\/es\/wp-json\/wp\/v2\/media?parent=84580"}],"wp:term":[{"taxonomy":"product_brand","embeddable":true,"href":"https:\/\/nexgendecors.com\/es\/wp-json\/wp\/v2\/product_brand?post=84580"},{"taxonomy":"product_cat","embeddable":true,"href":"https:\/\/nexgendecors.com\/es\/wp-json\/wp\/v2\/product_cat?post=84580"},{"taxonomy":"product_tag","embeddable":true,"href":"https:\/\/nexgendecors.com\/es\/wp-json\/wp\/v2\/product_tag?post=84580"}],"curies":[{"name":"wp","href":"https:\/\/api.w.org\/{rel}","templated":true}]}}