{"id":84587,"date":"2025-01-26T03:50:32","date_gmt":"2025-01-26T03:50:32","guid":{"rendered":"https:\/\/nexgendecors.com\/product\/transform-your-space-with-art3d-3d-pvc-wall-panels1711880204568\/"},"modified":"2025-04-15T11:18:07","modified_gmt":"2025-04-15T11:18:07","slug":"transforma-tu-espacio-con-los-paneles-de-pared-de-pvc-3d-de-art3d-1711880204568","status":"publish","type":"product","link":"https:\/\/nexgendecors.com\/es\/product\/transforma-tu-espacio-con-los-paneles-de-pared-de-pvc-3d-de-art3d-1711880204568\/","title":{"rendered":"Transforme su espacio con los paneles de pared de PVC 3D de Art3d"},"content":{"rendered":"<div class=\"flex-1 overflow-hidden\" data-mce-fragment=\"1\">\n<div class=\"react-scroll-to-bottom--css-hsvao-79elbk h-full\" data-mce-fragment=\"1\">\n<div class=\"react-scroll-to-bottom--css-hsvao-1n7m0yu\" data-mce-fragment=\"1\">\n<div data-mce-fragment=\"1\">\n<div class=\"flex flex-col text-sm pb-9\" data-mce-fragment=\"1\">\n<div data-testid=\"conversation-turn-21\" dir=\"auto\" class=\"w-full text-token-text-primary\" data-mce-fragment=\"1\">\n<div class=\"px-4 py-2 justify-center text-base md:gap-6 m-auto\" data-mce-fragment=\"1\">\n<div class=\"flex flex-1 text-base mx-auto gap-3 juice:gap-4 juice:md:gap-6 md:px-5 lg:px-1 xl:px-5 md:max-w-3xl lg:max-w-[40rem] xl:max-w-[48rem]\" data-mce-fragment=\"1\">\n<div class=\"relative flex w-full flex-col agent-turn\" data-mce-fragment=\"1\">\n<div class=\"flex-col gap-1 md:gap-3\" data-mce-fragment=\"1\">\n<div class=\"flex flex-grow flex-col max-w-full\" data-mce-fragment=\"1\">\n<div class=\"min-h-[20px] text-message flex flex-col items-start gap-3 whitespace-pre-wrap break-words [.text-message+&#038;]:mt-5 overflow-x-auto\" dir=\"auto\" data-message-id=\"cbc0b8ef-eb8d-4633-bbcf-fdf23dd370aa\" data-message-author-role=\"assistant\" data-mce-fragment=\"1\">\n<div class=\"markdown prose w-full break-words dark:prose-invert light\" data-mce-fragment=\"1\">\n<p data-mce-fragment=\"1\">\ud83c\udf1f <strong data-mce-fragment=\"1\">\u00a1Mejore su espacio con la diversa gama de productos de Art3d!<\/strong> \ud83c\udfa8<br data-mce-fragment=\"1\">En Art3d, ofrecemos una amplia selecci\u00f3n de soluciones para mejorar el hogar, dise\u00f1adas para realzar su espacio vital. Desde paneles de pared 3D de PVC y fibra vegetal hasta papeles pintados y azulejos autoadhesivos, ofrecemos art\u00edculos elegantes y asequibles para proyectos de bricolaje sencillos, permiti\u00e9ndole a\u00f1adir valor a su hogar sin esfuerzo.<\/p>\n<p data-mce-fragment=\"1\">\ud83c\udfa8 <strong data-mce-fragment=\"1\">Adaptado a tu estilo<\/strong> \ud83c\udfe1<br data-mce-fragment=\"1\">Con una amplia variedad de dise\u00f1os, acabados y colores, Art3d le garantiza que encontrar\u00e1 la combinaci\u00f3n perfecta para su estilo \u00fanico. Nuestros productos est\u00e1n dise\u00f1ados para complementar cualquier est\u00e9tica, ofreciendo infinitas opciones para personalizar su espacio.<\/p>\n<p data-mce-fragment=\"1\">\ud83d\udee0\ufe0f <strong data-mce-fragment=\"1\">Soporte experto para su tranquilidad<\/strong> \ud83d\udc69\u200d\ud83d\udd27<br data-mce-fragment=\"1\">Nuestro dedicado equipo de soporte se compromete con su satisfacci\u00f3n. Capacitados profesionalmente para atender todas sus consultas sobre el producto, garantizan una experiencia fluida desde la selecci\u00f3n hasta la instalaci\u00f3n. La satisfacci\u00f3n del cliente es nuestra m\u00e1xima prioridad.<\/p>\n<p data-mce-fragment=\"1\">\ud83c\udf3f <strong data-mce-fragment=\"1\">Calidad en la que puede confiar<\/strong> \ud83c\udfc6<br data-mce-fragment=\"1\">A lo largo de los a\u00f1os, Art3d se ha consolidado como una marca de confianza en el sector de las mejoras para el hogar. Reconocidos por clientes, arquitectos y dise\u00f1adores, nos enorgullece ofrecer productos de alta calidad que superan las expectativas.<\/p>\n<p data-mce-fragment=\"1\">\ud83c\udf08 <strong data-mce-fragment=\"1\">Paneles de pared 3D de PVC: \u00a1Transforme sus paredes con estilo!<\/strong> \ud83d\udca1<br data-mce-fragment=\"1\">Experimente el impacto espectacular de los paneles de pared 3D de PVC, una alternativa espectacular a los paneles planos tradicionales. Ideales para la decoraci\u00f3n de paredes interiores, estos paneles cubren f\u00e1cilmente paredes, techos o cualquier superficie antiest\u00e9tica que necesite una renovaci\u00f3n.<\/p>\n<p data-mce-fragment=\"1\">\ud83c\udfa8 <strong data-mce-fragment=\"1\">Infinitas posibilidades para la expresi\u00f3n creativa<\/strong> \ud83c\udf1f<br data-mce-fragment=\"1\">Cree efectos visuales espectaculares combinando paneles de pared 3D con iluminaci\u00f3n creativa. Perfectos para diversos espacios, como salas de estar, dormitorios, cocinas y entornos comerciales como oficinas, restaurantes, cafeter\u00edas y cines, estos paneles ofrecen infinitas posibilidades de dise\u00f1o.<\/p>\n<p data-mce-fragment=\"1\">\ud83d\udecb\ufe0f <strong data-mce-fragment=\"1\">Aplicaciones vers\u00e1tiles m\u00e1s all\u00e1 de las paredes<\/strong> \ud83d\udecf\ufe0f<br data-mce-fragment=\"1\">Adem\u00e1s de revestimientos de paredes, nuestros paneles 3D se pueden utilizar para crear dise\u00f1os de muebles como puertas de armarios, cabeceros de cama, armarios de dormitorio y armarios de cocina. Transforme todo su espacio con nuestras soluciones innovadoras.<\/p>\n<p data-mce-fragment=\"1\">\ud83d\udcd0 <strong data-mce-fragment=\"1\">Personaliza tu espacio con confianza<\/strong> \u2702\ufe0f<br data-mce-fragment=\"1\">Ya sea que cubra paredes, techos o dise\u00f1e muebles, los paneles de pared 3D de PVC de Art3d ofrecen una f\u00e1cil instalaci\u00f3n y resultados espectaculares. Conf\u00ede en nuestros productos para realzar su hogar con estilo y sofisticaci\u00f3n.<\/p>\n<\/div>\n<\/div>\n<\/div>\n<\/div>\n<\/div>\n<\/div>\n<\/div>\n<\/div>\n<\/div>\n<\/div>\n<\/div>\n<\/div>\n<\/div>\n<p>\u00a0<\/p>","protected":false},"excerpt":{"rendered":"<p>\ud83c\udf1f \u00a1Mejora tu espacio con la amplia gama de productos de Art3d! \ud83c\udfa8En Art3d, ofrecemos una amplia selecci\u00f3n de mejoras para el hogar<\/p>","protected":false},"featured_media":143760,"comment_status":"open","ping_status":"closed","template":"","meta":[],"product_brand":[],"product_cat":[30971,30986,30878],"product_tag":[5905,5971],"class_list":{"0":"post-84587","1":"product","2":"type-product","3":"status-publish","4":"has-post-thumbnail","6":"product_cat-hp","7":"product_cat-tiles-wall-bricks","8":"product_cat-wall-panel","9":"product_tag-shopify","10":"product_tag-usa","12":"first","13":"instock","14":"taxable","15":"shipping-taxable","16":"purchasable","17":"product-type-variable"},"_links":{"self":[{"href":"https:\/\/nexgendecors.com\/es\/wp-json\/wp\/v2\/product\/84587","targetHints":{"allow":["GET"]}}],"collection":[{"href":"https:\/\/nexgendecors.com\/es\/wp-json\/wp\/v2\/product"}],"about":[{"href":"https:\/\/nexgendecors.com\/es\/wp-json\/wp\/v2\/types\/product"}],"replies":[{"embeddable":true,"href":"https:\/\/nexgendecors.com\/es\/wp-json\/wp\/v2\/comments?post=84587"}],"version-history":[{"count":0,"href":"https:\/\/nexgendecors.com\/es\/wp-json\/wp\/v2\/product\/84587\/revisions"}],"wp:featuredmedia":[{"embeddable":true,"href":"https:\/\/nexgendecors.com\/es\/wp-json\/wp\/v2\/media\/143760"}],"wp:attachment":[{"href":"https:\/\/nexgendecors.com\/es\/wp-json\/wp\/v2\/media?parent=84587"}],"wp:term":[{"taxonomy":"product_brand","embeddable":true,"href":"https:\/\/nexgendecors.com\/es\/wp-json\/wp\/v2\/product_brand?post=84587"},{"taxonomy":"product_cat","embeddable":true,"href":"https:\/\/nexgendecors.com\/es\/wp-json\/wp\/v2\/product_cat?post=84587"},{"taxonomy":"product_tag","embeddable":true,"href":"https:\/\/nexgendecors.com\/es\/wp-json\/wp\/v2\/product_tag?post=84587"}],"curies":[{"name":"wp","href":"https:\/\/api.w.org\/{rel}","templated":true}]}}