{"id":84797,"date":"2025-01-26T03:51:01","date_gmt":"2025-01-26T03:51:01","guid":{"rendered":"https:\/\/nexgendecors.com\/product\/twin-platform-bed-with-trundle-solid-wood-bed-frame-with-headboard-footboard-for-teens-boys-girls-no-box-spring-needed-white1711877002867\/"},"modified":"2025-04-06T09:43:55","modified_gmt":"2025-04-06T09:43:55","slug":"cama-nido-individual-con-estructura-de-madera-maciza-y-cabecero-y-pie-de-cama-para-adolescentes-ninos-y-ninas-no-necesita-somier-blanco-1711877002867","status":"publish","type":"product","link":"https:\/\/nexgendecors.com\/es\/product\/cama-nido-individual-con-estructura-de-madera-maciza-y-cabecero-y-pie-de-cama-para-adolescentes-ninos-y-ninas-no-necesita-somier-blanco-1711877002867\/","title":{"rendered":"Cama nido individual de madera maciza con acabado blanco"},"content":{"rendered":"<p data-mce-fragment=\"1\"><strong data-mce-fragment=\"1\">Cama nido de madera maciza Dolonm \ud83d\udecf\ufe0f<\/strong><\/p>\n<p data-mce-fragment=\"1\"><strong data-mce-fragment=\"1\">Caracter\u00edsticas y especificaciones<\/strong>:<\/p>\n<p data-mce-fragment=\"1\"><strong data-mce-fragment=\"1\">Construcci\u00f3n de madera maciza<\/strong>:<\/p>\n<ul data-mce-fragment=\"1\">\n<li data-mce-fragment=\"1\">Fabricado con madera maciza de pino de alta calidad \ud83e\udeb5<\/li>\n<li data-mce-fragment=\"1\">Disponible en elegante acabado blanco o gris elegante \ud83c\udfa8<\/li>\n<li data-mce-fragment=\"1\">Las patas de pino macizo garantizan robustez y durabilidad \ud83d\udcaa<\/li>\n<li data-mce-fragment=\"1\">\n<strong data-mce-fragment=\"1\">Capacidad de peso<\/strong>:<\/p>\n<ul data-mce-fragment=\"1\">\n<li data-mce-fragment=\"1\">Marco de cama: Soporta hasta 200 libras<\/li>\n<li data-mce-fragment=\"1\">Cama nido: soporta hasta 180 libras<\/li>\n<\/ul>\n<\/li>\n<\/ul>\n<p data-mce-fragment=\"1\"><strong data-mce-fragment=\"1\">C\u00f3moda cama nido<\/strong>:<\/p>\n<ul data-mce-fragment=\"1\">\n<li data-mce-fragment=\"1\">Cama nido con ruedas suaves para sacarla f\u00e1cilmente \ud83d\udecc<\/li>\n<li data-mce-fragment=\"1\">Ofrece una cama adicional para invitados o una familia en crecimiento \ud83d\udc68\u200d\ud83d\udc69\u200d\ud83d\udc67\u200d\ud83d\udc66<\/li>\n<li data-mce-fragment=\"1\">Cama nido accesible desde ambos lados para mayor comodidad \ud83d\udd04<\/li>\n<\/ul>\n<p data-mce-fragment=\"1\"><strong data-mce-fragment=\"1\">Dise\u00f1o que ahorra espacio<\/strong>:<\/p>\n<ul data-mce-fragment=\"1\">\n<li data-mce-fragment=\"1\">Cama de plataforma tama\u00f1o twin est\u00e1ndar con cama nido \ud83d\udecf\ufe0f<\/li>\n<li data-mce-fragment=\"1\">Ideal para maximizar el espacio en los dormitorios \ud83c\udfe0<\/li>\n<\/ul>\n<p data-mce-fragment=\"1\"><strong data-mce-fragment=\"1\">No se necesita somier<\/strong>:<\/p>\n<ul data-mce-fragment=\"1\">\n<li data-mce-fragment=\"1\">Los listones de madera contrachapada resistentes proporcionan un soporte \u00f3ptimo \ud83e\ude9c<\/li>\n<li data-mce-fragment=\"1\">No necesita somier, ahorrando espacio y dinero \ud83d\udcb0<\/li>\n<li data-mce-fragment=\"1\">\n<strong data-mce-fragment=\"1\">Recomendaciones de colchones<\/strong>:<\/p>\n<ul data-mce-fragment=\"1\">\n<li data-mce-fragment=\"1\">Cama principal: 3-8 pulgadas de espesor<\/li>\n<li data-mce-fragment=\"1\">Cama nido: Menos de 5 pulgadas de grosor<\/li>\n<\/ul>\n<\/li>\n<li data-mce-fragment=\"1\">\n<strong data-mce-fragment=\"1\">Nota<\/strong>: Los colchones no est\u00e1n incluidos \ud83d\udeab\ud83d\udecc<\/li>\n<\/ul>\n<p data-mce-fragment=\"1\"><strong data-mce-fragment=\"1\">F\u00e1cil montaje<\/strong>:<\/p>\n<ul data-mce-fragment=\"1\">\n<li data-mce-fragment=\"1\">Manual de montaje claro y herramientas incluidas \ud83d\udd27\ud83d\udcd6<\/li>\n<li data-mce-fragment=\"1\">Cada pieza est\u00e1 etiquetada con n\u00fameros para un montaje sencillo \ud83d\udd22<\/li>\n<li data-mce-fragment=\"1\">Dimensiones generales: 79,5\u2033 de largo x 42\u2033 de ancho x 33,5\u2033 de alto \ud83d\udccf<\/li>\n<li data-mce-fragment=\"1\">\u00bfNecesitas ayuda? \u00a1Estamos aqu\u00ed para ayudarte! Cont\u00e1ctanos si tienes alguna pregunta \ud83d\udcde\ud83d\udc4d<\/li>\n<\/ul>\n<p data-mce-fragment=\"1\">Transforma tu dormitorio con la cama nido de madera maciza de Dolonm. Con su robusta construcci\u00f3n, dise\u00f1o compacto y pr\u00e1ctica cama nido, es la soluci\u00f3n perfecta para recibir invitados o una familia en crecimiento. \u00a1Disfruta de un montaje sencillo y un elegante complemento para la decoraci\u00f3n de tu dormitorio!<\/p>\n<div><\/div>","protected":false},"excerpt":{"rendered":"<p>Cama nido de madera maciza Dolonm \ud83d\udecf\ufe0f Caracter\u00edsticas y especificaciones: Construcci\u00f3n de madera maciza: Fabricada con madera de pino maciza de alta calidad<\/p>","protected":false},"featured_media":143988,"comment_status":"open","ping_status":"closed","template":"","meta":[],"product_brand":[],"product_cat":[30815,30858,30971,32],"product_tag":[],"class_list":{"0":"post-84797","1":"product","2":"type-product","3":"status-publish","4":"has-post-thumbnail","6":"product_cat-beds","7":"product_cat-wholesale-bedroom","8":"product_cat-hp","9":"product_cat-residential-furniture","11":"first","12":"instock","13":"taxable","14":"shipping-taxable","15":"purchasable","16":"product-type-variable"},"_links":{"self":[{"href":"https:\/\/nexgendecors.com\/es\/wp-json\/wp\/v2\/product\/84797","targetHints":{"allow":["GET"]}}],"collection":[{"href":"https:\/\/nexgendecors.com\/es\/wp-json\/wp\/v2\/product"}],"about":[{"href":"https:\/\/nexgendecors.com\/es\/wp-json\/wp\/v2\/types\/product"}],"replies":[{"embeddable":true,"href":"https:\/\/nexgendecors.com\/es\/wp-json\/wp\/v2\/comments?post=84797"}],"version-history":[{"count":0,"href":"https:\/\/nexgendecors.com\/es\/wp-json\/wp\/v2\/product\/84797\/revisions"}],"wp:featuredmedia":[{"embeddable":true,"href":"https:\/\/nexgendecors.com\/es\/wp-json\/wp\/v2\/media\/143988"}],"wp:attachment":[{"href":"https:\/\/nexgendecors.com\/es\/wp-json\/wp\/v2\/media?parent=84797"}],"wp:term":[{"taxonomy":"product_brand","embeddable":true,"href":"https:\/\/nexgendecors.com\/es\/wp-json\/wp\/v2\/product_brand?post=84797"},{"taxonomy":"product_cat","embeddable":true,"href":"https:\/\/nexgendecors.com\/es\/wp-json\/wp\/v2\/product_cat?post=84797"},{"taxonomy":"product_tag","embeddable":true,"href":"https:\/\/nexgendecors.com\/es\/wp-json\/wp\/v2\/product_tag?post=84797"}],"curies":[{"name":"wp","href":"https:\/\/api.w.org\/{rel}","templated":true}]}}