{"id":84813,"date":"2025-01-26T03:51:07","date_gmt":"2025-01-26T03:51:07","guid":{"rendered":"https:\/\/nexgendecors.com\/product\/ultimate-outdoor-table-lightweight-foldable-for-46-people1706363432237\/"},"modified":"2025-04-06T09:44:00","modified_gmt":"2025-04-06T09:44:00","slug":"mesa-de-exterior-ultimate-ligera-y-plegable-para-46-personas-1706363432237","status":"publish","type":"product","link":"https:\/\/nexgendecors.com\/es\/product\/mesa-de-exterior-ultimate-ligera-y-plegable-para-46-personas-1706363432237\/","title":{"rendered":"Mesa plegable ligera para exteriores con capacidad para 46 personas"},"content":{"rendered":"<p><strong>\ud83d\udd25 \u00a1Mejora tus reuniones al aire libre con la mejor mesa para exteriores! \ud83c\udf33<\/strong><\/p>\n<p>Hola, amigos, si les encanta la vida al aire libre y buscan una mesa que les permita seguir el ritmo a sus amigos, \u00a1nuestra Mesa de Exterior Definitiva es la ideal! Ligera, plegable y con espacio suficiente para 6 personas, esta mesa est\u00e1 dise\u00f1ada para llevar tu juego al siguiente nivel. \u00a1Prep\u00e1rense para organizar las fiestas m\u00e1s animadas de la ciudad con esta mesa revolucionaria!<\/p>\n<p><strong>\ud83c\udf92 Ligero y plegable:<\/strong><br \/>\u00a1Ll\u00e9vala a todas partes! Es tan ligera que hasta tu hermana peque\u00f1a podr\u00eda cargarla, y se pliega en un instante. \u00a1Olv\u00eddate de cargar con mesas pesadas y dale la bienvenida a un transporte sin complicaciones! \ud83c\udf92\ud83d\ude97<\/p>\n<p><strong>Construcci\u00f3n de aluminio duradera:<\/strong><br \/>Fabricada con aluminio y acero de primera calidad, nuestra mesa est\u00e1 hecha para durar. Apto para todas tus aventuras al aire libre, desde campamentos hasta fiestas en el jard\u00edn. \u00a1No te preocupes si se desmorona bajo presi\u00f3n! \ud83d\udcaa\ud83d\udd28<\/p>\n<p><strong>\ud83c\udf89 AF espacioso:<\/strong><br \/>Con un amplio ancho de 115 cm, esta mesa tiene espacio m\u00e1s que suficiente para todos los art\u00edculos esenciales de tu fiesta. Desde comida y bebida hasta juegos de cartas y sistemas de sonido, lo tiene todo cubierto. \u00bfA lo grande o no? \ud83c\udf89\ud83c\udf54\ud83c\udfb6<\/p>\n<p><strong>\ud83e\uddfc F\u00e1cil de limpiar:<\/strong><br \/>Nadie tiene tiempo para fregar mesas durante horas. La superficie lisa y el acabado de aluminio de nuestra mesa la hacen s\u00faper f\u00e1cil de limpiar. Dedica menos tiempo a limpiar y m\u00e1s a disfrutar, \u00a1porque el tiempo es oro! \ud83e\uddfc\u23f0<\/p>\n<p><strong>\ud83c\udf33 Para todas tus aventuras al aire libre:<\/strong><br \/>Ya sea que est\u00e9s relaj\u00e1ndote en el jard\u00edn, acampando o en la playa, nuestra mesa es tu compa\u00f1era ideal para exteriores. Dise\u00f1ada para resistir cualquier adversidad, \u00a1mantendr\u00e1s la luz dondequiera que vayas! \ud83c\udf33\ud83c\udfd5\ufe0f\ud83c\udfd6\ufe0f<\/p>\n<p><strong>Presupuesto:<\/strong><\/p>\n<ul>\n<li>\n<strong>Marca:<\/strong> Siempre avanzado<\/li>\n<li>\n<strong>Forma:<\/strong> Rectangular<\/li>\n<li>\n<strong>Capacidad de asientos:<\/strong> 6<\/li>\n<li>\n<strong>Tipo de habitaci\u00f3n:<\/strong> Cocina<\/li>\n<li>\n<strong>Color:<\/strong> Blanco<\/li>\n<li>\n<strong>Acabado del mueble:<\/strong> Aluminio<\/li>\n<li>\n<strong>Caracter\u00edstica especial:<\/strong> Port\u00e1til<\/li>\n<li>\n<strong>Es plegable:<\/strong> S\u00ed<\/li>\n<li>\n<strong>Tipo de base:<\/strong> Piernas<\/li>\n<li>\n<strong>Uso en interiores y exteriores:<\/strong> Exterior<\/li>\n<li>\n<strong>Dimensiones del producto:<\/strong> 29,13\u2033 de profundidad x 45,9\u2033 de ancho x 29,13\u2033 de alto<\/li>\n<li>\n<strong>Ancho del art\u00edculo:<\/strong> 45,9 pulgadas<\/li>\n<li>\n<strong>Tama\u00f1o:<\/strong> 45,9\u2033 de largo x 29,1\u2033 de ancho<\/li>\n<li>\n<strong>Recomendaci\u00f3n de peso m\u00e1ximo:<\/strong> 110 libras<\/li>\n<\/ul>\n<p>\u00a1Mejora tus reuniones al aire libre con nuestra Mesa de Exterior Definitiva! \u00a1Cons\u00edguela hoy y haz que cada evento al aire libre sea inolvidable! \ud83c\udf33\ud83c\udf89\ud83d\udd25<\/p>","protected":false},"excerpt":{"rendered":"<p>\ud83d\udd25 \u00a1Mejora tus reuniones al aire libre con la mesa de exterior definitiva! \ud83c\udf33 Hola, si te gusta la vida al aire libre<\/p>","protected":false},"featured_media":144024,"comment_status":"open","ping_status":"closed","template":"","meta":[],"product_brand":[],"product_cat":[30818,30971],"product_tag":[5971],"class_list":{"0":"post-84813","1":"product","2":"type-product","3":"status-publish","4":"has-post-thumbnail","6":"product_cat-camping-furniture","7":"product_cat-hp","8":"product_tag-usa","10":"first","11":"instock","12":"sale","13":"taxable","14":"shipping-taxable","15":"purchasable","16":"product-type-simple"},"_links":{"self":[{"href":"https:\/\/nexgendecors.com\/es\/wp-json\/wp\/v2\/product\/84813","targetHints":{"allow":["GET"]}}],"collection":[{"href":"https:\/\/nexgendecors.com\/es\/wp-json\/wp\/v2\/product"}],"about":[{"href":"https:\/\/nexgendecors.com\/es\/wp-json\/wp\/v2\/types\/product"}],"replies":[{"embeddable":true,"href":"https:\/\/nexgendecors.com\/es\/wp-json\/wp\/v2\/comments?post=84813"}],"version-history":[{"count":0,"href":"https:\/\/nexgendecors.com\/es\/wp-json\/wp\/v2\/product\/84813\/revisions"}],"wp:featuredmedia":[{"embeddable":true,"href":"https:\/\/nexgendecors.com\/es\/wp-json\/wp\/v2\/media\/144024"}],"wp:attachment":[{"href":"https:\/\/nexgendecors.com\/es\/wp-json\/wp\/v2\/media?parent=84813"}],"wp:term":[{"taxonomy":"product_brand","embeddable":true,"href":"https:\/\/nexgendecors.com\/es\/wp-json\/wp\/v2\/product_brand?post=84813"},{"taxonomy":"product_cat","embeddable":true,"href":"https:\/\/nexgendecors.com\/es\/wp-json\/wp\/v2\/product_cat?post=84813"},{"taxonomy":"product_tag","embeddable":true,"href":"https:\/\/nexgendecors.com\/es\/wp-json\/wp\/v2\/product_tag?post=84813"}],"curies":[{"name":"wp","href":"https:\/\/api.w.org\/{rel}","templated":true}]}}