{"id":84823,"date":"2025-01-26T03:51:09","date_gmt":"2025-01-26T03:51:09","guid":{"rendered":"https:\/\/nexgendecors.com\/product\/ultimate-portable-camping-table-coleman-outdoor-folding-table1706363432228\/"},"modified":"2025-04-06T09:44:05","modified_gmt":"2025-04-06T09:44:05","slug":"mesa-de-camping-portatil-definitiva-coleman-mesa-plegable-para-exteriores-1706363432228","status":"publish","type":"product","link":"https:\/\/nexgendecors.com\/es\/product\/mesa-de-camping-portatil-definitiva-coleman-mesa-plegable-para-exteriores-1706363432228\/","title":{"rendered":"Mesa de camping plegable port\u00e1til Coleman: el equipo ideal para actividades al aire libre"},"content":{"rendered":"<p><strong>Mesa de camping port\u00e1til definitiva: \u00a1Mejora tu experiencia al aire libre!<\/strong><\/p>\n<p>Presentando el <strong>Mesa de camping port\u00e1til definitiva<\/strong> De Coleman, \u00a1el accesorio ideal para los amantes de la aventura! No solo mejora tu experiencia de camping, sino que su dise\u00f1o moderno tambi\u00e9n te garantiza un camping con estilo.<\/p>\n<p>\ud83c\udf1f <strong>Caracter\u00edsticas principales:<\/strong><\/p>\n<ul>\n<li>\n<p><strong>Mejora tu estilo:<\/strong> Luce un dise\u00f1o elegante y moderno que seguro les dar\u00e1 envidia a tus amigos de camping. \u00a1Presume de tu equipo de camping con orgullo! \ud83c\udf1f<\/p>\n<\/li>\n<li>\n<p><strong>Impresionante capacidad de asientos:<\/strong> Con capacidad para cuatro personas, re\u00fananse en esta mesa para disfrutar de un momento agradable lleno de buen rollo y deliciosa comida. \u00a1Perfecto para los objetivos de tu equipo! \ud83c\udf54<\/p>\n<\/li>\n<li>\n<p><strong>Compacto y port\u00e1til:<\/strong> F\u00e1cil de plegar y guardar, esta mesa no te impedir\u00e1 disfrutar de tus aventuras al aire libre. \u00a1Dise\u00f1o compacto para transportarla sin complicaciones! \ud83c\udf92<\/p>\n<\/li>\n<li>\n<p><strong>Durable y ligero:<\/strong> Fabricada con aluminio de alta calidad, esta mesa es resistente y ligera, y soporta hasta 45 kg sin esfuerzo. \u00a1Un peso pesado en un tama\u00f1o compacto! \ud83d\udcaa<\/p>\n<\/li>\n<li>\n<p><strong>Montaje muy f\u00e1cil:<\/strong> \u00a1Olv\u00eddate de las configuraciones complicadas! Esta mesa no requiere ensamblaje, lo que te permite disfrutar m\u00e1s del aire libre y menos tiempo preocup\u00e1ndote por el equipo. \ud83c\udf32<\/p>\n<\/li>\n<\/ul>\n<p><strong>Presupuesto:<\/strong><\/p>\n<ul>\n<li>\n<strong>Forma:<\/strong> Cuadrado<\/li>\n<li>\n<strong>Capacidad de asientos:<\/strong> 4<\/li>\n<li>\n<strong>Componentes incluidos:<\/strong> Mesa compacta para exterior 27,5\u00d727,5<\/li>\n<li>\n<strong>Color:<\/strong> Blanco<\/li>\n<li>\n<strong>Acabado del mueble:<\/strong> Aluminio<\/li>\n<li>\n<strong>Estilo:<\/strong> Moderno<\/li>\n<li>\n<strong>Dise\u00f1o de mesa:<\/strong> Mesa de centro<\/li>\n<li>\n<strong>Patr\u00f3n:<\/strong> S\u00f3lido<\/li>\n<li>\n<strong>Usos recomendados:<\/strong> C\u00e1mping<\/li>\n<li>\n<strong>Dimensiones del producto:<\/strong> 8\u2033 de profundidad x 8\u2033 de ancho x 28,5\u2033 de alto<\/li>\n<li>\n<strong>Ancho del art\u00edculo:<\/strong> 8 pulgadas<\/li>\n<li>\n<strong>Tama\u00f1o:<\/strong> (Largo x Ancho x Alto) 27,6 x 27,6 x 27,6 pulgadas<\/li>\n<li>\n<strong>Peso del art\u00edculo:<\/strong> 4,54 kilogramos<\/li>\n<li>\n<strong>Peso m\u00e1ximo:<\/strong> 100 libras<\/li>\n<\/ul>\n<p>Mejora tus aventuras de campamento con el <strong>Mesa de camping port\u00e1til definitiva<\/strong> De Coleman. \u00a1Una combinaci\u00f3n perfecta de estilo, funcionalidad y comodidad para tus escapadas al aire libre! \ud83c\udf32\ud83c\udf1f<\/p>","protected":false},"excerpt":{"rendered":"<p>\ud83c\udf32 Mesa de camping port\u00e1til definitiva: \u00a1Mejora tu experiencia al aire libre! \ud83c\udf32 Presentamos la mesa de camping port\u00e1til definitiva de Coleman, la opci\u00f3n ideal<\/p>","protected":false},"featured_media":144049,"comment_status":"open","ping_status":"closed","template":"","meta":[],"product_brand":[],"product_cat":[30818,30971],"product_tag":[5971],"class_list":{"0":"post-84823","1":"product","2":"type-product","3":"status-publish","4":"has-post-thumbnail","6":"product_cat-camping-furniture","7":"product_cat-hp","8":"product_tag-usa","10":"first","11":"instock","12":"sale","13":"taxable","14":"shipping-taxable","15":"purchasable","16":"product-type-simple"},"_links":{"self":[{"href":"https:\/\/nexgendecors.com\/es\/wp-json\/wp\/v2\/product\/84823","targetHints":{"allow":["GET"]}}],"collection":[{"href":"https:\/\/nexgendecors.com\/es\/wp-json\/wp\/v2\/product"}],"about":[{"href":"https:\/\/nexgendecors.com\/es\/wp-json\/wp\/v2\/types\/product"}],"replies":[{"embeddable":true,"href":"https:\/\/nexgendecors.com\/es\/wp-json\/wp\/v2\/comments?post=84823"}],"version-history":[{"count":0,"href":"https:\/\/nexgendecors.com\/es\/wp-json\/wp\/v2\/product\/84823\/revisions"}],"wp:featuredmedia":[{"embeddable":true,"href":"https:\/\/nexgendecors.com\/es\/wp-json\/wp\/v2\/media\/144049"}],"wp:attachment":[{"href":"https:\/\/nexgendecors.com\/es\/wp-json\/wp\/v2\/media?parent=84823"}],"wp:term":[{"taxonomy":"product_brand","embeddable":true,"href":"https:\/\/nexgendecors.com\/es\/wp-json\/wp\/v2\/product_brand?post=84823"},{"taxonomy":"product_cat","embeddable":true,"href":"https:\/\/nexgendecors.com\/es\/wp-json\/wp\/v2\/product_cat?post=84823"},{"taxonomy":"product_tag","embeddable":true,"href":"https:\/\/nexgendecors.com\/es\/wp-json\/wp\/v2\/product_tag?post=84823"}],"curies":[{"name":"wp","href":"https:\/\/api.w.org\/{rel}","templated":true}]}}