{"id":85250,"date":"2025-01-26T03:52:21","date_gmt":"2025-01-26T03:52:21","guid":{"rendered":"https:\/\/nexgendecors.com\/product\/utex-toy-storage-organizer-with-bookcase-kid-s-bin-storage-unit-with-8-compartments-3-baskets-toys-box-multi-shelf-cubby-for-books-toys-white1711879851208\/"},"modified":"2025-03-09T17:47:14","modified_gmt":"2025-03-09T17:47:14","slug":"utex-toy-storage-organizer-with-bookcase-kid-s-bin-storage-unit-with-8-compartments-3-baskets-toys-box-multi-shelf-cubby-for-books-toys-white1711879851208","status":"publish","type":"product","link":"https:\/\/nexgendecors.com\/es\/product\/utex-toy-storage-organizer-with-bookcase-kid-s-bin-storage-unit-with-8-compartments-3-baskets-toys-box-multi-shelf-cubby-for-books-toys-white1711879851208\/","title":{"rendered":"Organizador de juguetes y estanter\u00eda con cestas UTEX"},"content":{"rendered":"<p data-mce-fragment=\"1\">\ud83e\uddf8 <strong data-mce-fragment=\"1\">Sturdy &#038; Stylish Design<\/strong>: Crafted from engineered wood, this Kids Storage Organizer ensures durability while featuring a child-safe and easy-to-clean white painted finish. Its sleek design adds a clean touch to any room.<\/p>\n<p data-mce-fragment=\"1\">\ud83d\udce6 <strong data-mce-fragment=\"1\">Plenty of Storage Space<\/strong>: With two open shelves, three baskets in two different sizes, and three cubbies, this Storage Cabinet offers ample space for organizing toys, books, games, art supplies, and more. The top surface provides an additional area for displaying books or home decor pieces.<\/p>\n<p data-mce-fragment=\"1\">\ud83c\udf1f <strong data-mce-fragment=\"1\">Uso vers\u00e1til<\/strong>: This Kids Bookcase and Toy Storage is perfect for nurseries, children&#8217;s rooms, playrooms, game rooms, entryways, foyers, and family rooms. Its versatile design blends seamlessly with various decor styles.<\/p>\n<p data-mce-fragment=\"1\">\ud83d\uddc3\ufe0f <strong data-mce-fragment=\"1\">Promueve la organizaci\u00f3n<\/strong>: Encourage organization skills in your little ones with our Toy Box with Bookshelf. This unit provides an organized solution for storing books and toys, promoting a tidy and clutter-free space. Overall, it measures 16&#8243;D x 37&#8243;W x 37&#8243;H, making it perfect for kids.<\/p>\n<p data-mce-fragment=\"1\">\ud83d\udd27 <strong data-mce-fragment=\"1\">F\u00e1cil montaje<\/strong>: Included tools, hardware, and instructions make assembly a breeze, ensuring hassle-free setup and usage.<\/p>\n<div><\/div>","protected":false},"excerpt":{"rendered":"<p>\ud83e\uddf8 Dise\u00f1o resistente y elegante: Fabricado con madera de ingenier\u00eda, este organizador de almacenamiento para ni\u00f1os garantiza durabilidad al tiempo que presenta un dise\u00f1o seguro para ni\u00f1os y<\/p>","protected":false},"featured_media":144703,"comment_status":"open","ping_status":"closed","template":"","meta":[],"product_brand":[],"product_cat":[30971,30838,30849],"product_tag":[],"class_list":{"0":"post-85250","1":"product","2":"type-product","3":"status-publish","4":"has-post-thumbnail","6":"product_cat-hp","7":"product_cat-kids-storage-orgganizer","8":"product_cat-kindergarten-school-furniture","10":"first","11":"instock","12":"taxable","13":"shipping-taxable","14":"purchasable","15":"product-type-variable"},"_links":{"self":[{"href":"https:\/\/nexgendecors.com\/es\/wp-json\/wp\/v2\/product\/85250","targetHints":{"allow":["GET"]}}],"collection":[{"href":"https:\/\/nexgendecors.com\/es\/wp-json\/wp\/v2\/product"}],"about":[{"href":"https:\/\/nexgendecors.com\/es\/wp-json\/wp\/v2\/types\/product"}],"replies":[{"embeddable":true,"href":"https:\/\/nexgendecors.com\/es\/wp-json\/wp\/v2\/comments?post=85250"}],"version-history":[{"count":0,"href":"https:\/\/nexgendecors.com\/es\/wp-json\/wp\/v2\/product\/85250\/revisions"}],"wp:featuredmedia":[{"embeddable":true,"href":"https:\/\/nexgendecors.com\/es\/wp-json\/wp\/v2\/media\/144703"}],"wp:attachment":[{"href":"https:\/\/nexgendecors.com\/es\/wp-json\/wp\/v2\/media?parent=85250"}],"wp:term":[{"taxonomy":"product_brand","embeddable":true,"href":"https:\/\/nexgendecors.com\/es\/wp-json\/wp\/v2\/product_brand?post=85250"},{"taxonomy":"product_cat","embeddable":true,"href":"https:\/\/nexgendecors.com\/es\/wp-json\/wp\/v2\/product_cat?post=85250"},{"taxonomy":"product_tag","embeddable":true,"href":"https:\/\/nexgendecors.com\/es\/wp-json\/wp\/v2\/product_tag?post=85250"}],"curies":[{"name":"wp","href":"https:\/\/api.w.org\/{rel}","templated":true}]}}